{"id":895,"date":"2020-12-01T15:26:24","date_gmt":"2020-12-01T18:26:24","guid":{"rendered":"https:\/\/www2.prolam.com.br\/edit-profile\/"},"modified":"2021-02-24T23:02:04","modified_gmt":"2021-02-25T02:02:04","slug":"minha-conta","status":"publish","type":"page","link":"https:\/\/www.prolam.com.br\/pt\/minha-conta\/","title":{"rendered":"Minha Conta"},"content":{"rendered":"<p>[et_pb_section fb_built=&#8221;1&#8243; admin_label=&#8221;section&#8221; _builder_version=&#8221;3.22&#8243;][et_pb_row admin_label=&#8221;row&#8221; _builder_version=&#8221;3.25&#8243; background_size=&#8221;initial&#8221; background_position=&#8221;top_left&#8221; background_repeat=&#8221;repeat&#8221;][et_pb_column type=&#8221;4_4&#8243; _builder_version=&#8221;3.25&#8243; custom_padding=&#8221;|||&#8221; custom_padding__hover=&#8221;|||&#8221;][et_pb_text _builder_version=&#8221;4.8.0&#8243; _module_preset=&#8221;default&#8221; hover_enabled=&#8221;0&#8243; sticky_enabled=&#8221;0&#8243; header_2_text_align=&#8221;center&#8221; text_orientation=&#8221;center&#8221;]<\/p>\n<h2>Atualizar Cadastro<\/h2>\n<p>Aqui voc\u00ea pode atualizar as suas informa\u00e7\u00f5es de cadastro.<br \/>IMPORTANTE! Se voc\u00ea alterar o n\u00famero do seu CPF\/CNPJ, sua conta ser\u00e1 desativada at\u00e9 uma nova aprova\u00e7\u00e3o dos administradores.<\/p>\n<p>[\/et_pb_text][et_pb_text admin_label=&#8221;Text&#8221; _builder_version=&#8221;4.8.0&#8243; background_size=&#8221;initial&#8221; background_position=&#8221;top_left&#8221; background_repeat=&#8221;repeat&#8221;]<\/p>\n<p class=\"warning\" id=\"wppb_edit_profile_user_not_logged_in_message\">Voc\u00ea deve estar logado para editar seu perfil.<\/p>\n<p style=\"text-align: center;\"><span>[plugin_delete_me]Para excluir sua conta clique aqui[\/plugin_delete_me]<\/span><\/p>\n<p>[\/et_pb_text][\/et_pb_column][\/et_pb_row][\/et_pb_section]<\/p>\n","protected":false},"excerpt":{"rendered":"<p>Atualizar Cadastro Aqui voc\u00ea pode atualizar as suas informa\u00e7\u00f5es de cadastro.IMPORTANTE! Se voc\u00ea alterar o n\u00famero do seu CPF\/CNPJ, sua conta ser\u00e1 desativada at\u00e9 uma nova aprova\u00e7\u00e3o dos administradores.<p class=\"warning\" id=\"wppb_edit_profile_user_not_logged_in_message\">Voc\u00ea deve estar logado para editar seu perfil.<\/p> [plugin_delete_me]Para excluir sua conta clique aqui[\/plugin_delete_me]<\/p>\n","protected":false},"author":560,"featured_media":0,"parent":0,"menu_order":0,"comment_status":"closed","ping_status":"closed","template":"","meta":{"_acf_changed":false,"_et_pb_use_builder":"on","_et_pb_old_content":"[wppb-edit-profile]","_et_gb_content_width":"","footnotes":""},"class_list":["post-895","page","type-page","status-publish","hentry"],"acf":[],"yoast_head":"<!-- This site is optimized with the Yoast SEO plugin v26.9 - https:\/\/yoast.com\/product\/yoast-seo-wordpress\/ -->\n<title>Minha Conta - Prolam<\/title>\n<meta name=\"robots\" content=\"index, follow, max-snippet:-1, max-image-preview:large, max-video-preview:-1\" \/>\n<link rel=\"canonical\" href=\"http:\/\/www.prolam.com.br\/pt\/minha-conta\/\" \/>\n<meta property=\"og:locale\" content=\"pt_BR\" \/>\n<meta property=\"og:type\" content=\"article\" \/>\n<meta property=\"og:title\" content=\"Minha Conta - Prolam\" \/>\n<meta property=\"og:description\" content=\"Atualizar Cadastro Aqui voc\u00ea pode atualizar as suas informa\u00e7\u00f5es de cadastro.IMPORTANTE! Se voc\u00ea alterar o n\u00famero do seu CPF\/CNPJ, sua conta ser\u00e1 desativada at\u00e9 uma nova aprova\u00e7\u00e3o dos administradores. [plugin_delete_me]Para excluir sua conta clique aqui[\/plugin_delete_me]\" \/>\n<meta property=\"og:url\" content=\"http:\/\/www.prolam.com.br\/pt\/minha-conta\/\" \/>\n<meta property=\"og:site_name\" content=\"Prolam\" \/>\n<meta property=\"article:publisher\" content=\"https:\/\/www.facebook.com\/Bopptermolaminacao\" \/>\n<meta property=\"article:modified_time\" content=\"2021-02-25T02:02:04+00:00\" \/>\n<meta name=\"twitter:card\" content=\"summary_large_image\" \/>\n<meta name=\"twitter:site\" content=\"@prolam\" \/>\n<meta name=\"twitter:label1\" content=\"Est. tempo de leitura\" \/>\n\t<meta name=\"twitter:data1\" content=\"1 minuto\" \/>\n<script type=\"application\/ld+json\" class=\"yoast-schema-graph\">{\"@context\":\"https:\/\/schema.org\",\"@graph\":[{\"@type\":\"WebPage\",\"@id\":\"http:\/\/www.prolam.com.br\/pt\/minha-conta\/\",\"url\":\"http:\/\/www.prolam.com.br\/pt\/minha-conta\/\",\"name\":\"Minha Conta - Prolam\",\"isPartOf\":{\"@id\":\"https:\/\/www.prolam.com.br\/#website\"},\"datePublished\":\"2020-12-01T18:26:24+00:00\",\"dateModified\":\"2021-02-25T02:02:04+00:00\",\"breadcrumb\":{\"@id\":\"http:\/\/www.prolam.com.br\/pt\/minha-conta\/#breadcrumb\"},\"inLanguage\":\"pt-BR\",\"potentialAction\":[{\"@type\":\"ReadAction\",\"target\":[\"http:\/\/www.prolam.com.br\/pt\/minha-conta\/\"]}]},{\"@type\":\"BreadcrumbList\",\"@id\":\"http:\/\/www.prolam.com.br\/pt\/minha-conta\/#breadcrumb\",\"itemListElement\":[{\"@type\":\"ListItem\",\"position\":1,\"name\":\"In\u00edcio\",\"item\":\"https:\/\/www.prolam.com.br\/\"},{\"@type\":\"ListItem\",\"position\":2,\"name\":\"Minha Conta\"}]},{\"@type\":\"WebSite\",\"@id\":\"https:\/\/www.prolam.com.br\/#website\",\"url\":\"https:\/\/www.prolam.com.br\/\",\"name\":\"Prolam\",\"description\":\"Filmes para Termolamina\u00e7\u00e3o e Plastifica\u00e7\u00e3o Gr\u00e1fica\",\"publisher\":{\"@id\":\"https:\/\/www.prolam.com.br\/#organization\"},\"potentialAction\":[{\"@type\":\"SearchAction\",\"target\":{\"@type\":\"EntryPoint\",\"urlTemplate\":\"https:\/\/www.prolam.com.br\/?s={search_term_string}\"},\"query-input\":{\"@type\":\"PropertyValueSpecification\",\"valueRequired\":true,\"valueName\":\"search_term_string\"}}],\"inLanguage\":\"pt-BR\"},{\"@type\":\"Organization\",\"@id\":\"https:\/\/www.prolam.com.br\/#organization\",\"name\":\"Prolam\",\"url\":\"https:\/\/www.prolam.com.br\/\",\"logo\":{\"@type\":\"ImageObject\",\"inLanguage\":\"pt-BR\",\"@id\":\"https:\/\/www.prolam.com.br\/#\/schema\/logo\/image\/\",\"url\":\"https:\/\/www.prolam.com.br\/wp-content\/uploads\/2023\/12\/Logos-Prolam-e-Prousiesp-Circulo-01.jpg\",\"contentUrl\":\"https:\/\/www.prolam.com.br\/wp-content\/uploads\/2023\/12\/Logos-Prolam-e-Prousiesp-Circulo-01.jpg\",\"width\":1181,\"height\":1181,\"caption\":\"Prolam\"},\"image\":{\"@id\":\"https:\/\/www.prolam.com.br\/#\/schema\/logo\/image\/\"},\"sameAs\":[\"https:\/\/www.facebook.com\/Bopptermolaminacao\",\"https:\/\/x.com\/prolam\"]}]}<\/script>\n<!-- \/ Yoast SEO plugin. -->","yoast_head_json":{"title":"Minha Conta - Prolam","robots":{"index":"index","follow":"follow","max-snippet":"max-snippet:-1","max-image-preview":"max-image-preview:large","max-video-preview":"max-video-preview:-1"},"canonical":"http:\/\/www.prolam.com.br\/pt\/minha-conta\/","og_locale":"pt_BR","og_type":"article","og_title":"Minha Conta - Prolam","og_description":"Atualizar Cadastro Aqui voc\u00ea pode atualizar as suas informa\u00e7\u00f5es de cadastro.IMPORTANTE! Se voc\u00ea alterar o n\u00famero do seu CPF\/CNPJ, sua conta ser\u00e1 desativada at\u00e9 uma nova aprova\u00e7\u00e3o dos administradores. [plugin_delete_me]Para excluir sua conta clique aqui[\/plugin_delete_me]","og_url":"http:\/\/www.prolam.com.br\/pt\/minha-conta\/","og_site_name":"Prolam","article_publisher":"https:\/\/www.facebook.com\/Bopptermolaminacao","article_modified_time":"2021-02-25T02:02:04+00:00","twitter_card":"summary_large_image","twitter_site":"@prolam","twitter_misc":{"Est. tempo de leitura":"1 minuto"},"schema":{"@context":"https:\/\/schema.org","@graph":[{"@type":"WebPage","@id":"http:\/\/www.prolam.com.br\/pt\/minha-conta\/","url":"http:\/\/www.prolam.com.br\/pt\/minha-conta\/","name":"Minha Conta - Prolam","isPartOf":{"@id":"https:\/\/www.prolam.com.br\/#website"},"datePublished":"2020-12-01T18:26:24+00:00","dateModified":"2021-02-25T02:02:04+00:00","breadcrumb":{"@id":"http:\/\/www.prolam.com.br\/pt\/minha-conta\/#breadcrumb"},"inLanguage":"pt-BR","potentialAction":[{"@type":"ReadAction","target":["http:\/\/www.prolam.com.br\/pt\/minha-conta\/"]}]},{"@type":"BreadcrumbList","@id":"http:\/\/www.prolam.com.br\/pt\/minha-conta\/#breadcrumb","itemListElement":[{"@type":"ListItem","position":1,"name":"In\u00edcio","item":"https:\/\/www.prolam.com.br\/"},{"@type":"ListItem","position":2,"name":"Minha Conta"}]},{"@type":"WebSite","@id":"https:\/\/www.prolam.com.br\/#website","url":"https:\/\/www.prolam.com.br\/","name":"Prolam","description":"Filmes para Termolamina\u00e7\u00e3o e Plastifica\u00e7\u00e3o Gr\u00e1fica","publisher":{"@id":"https:\/\/www.prolam.com.br\/#organization"},"potentialAction":[{"@type":"SearchAction","target":{"@type":"EntryPoint","urlTemplate":"https:\/\/www.prolam.com.br\/?s={search_term_string}"},"query-input":{"@type":"PropertyValueSpecification","valueRequired":true,"valueName":"search_term_string"}}],"inLanguage":"pt-BR"},{"@type":"Organization","@id":"https:\/\/www.prolam.com.br\/#organization","name":"Prolam","url":"https:\/\/www.prolam.com.br\/","logo":{"@type":"ImageObject","inLanguage":"pt-BR","@id":"https:\/\/www.prolam.com.br\/#\/schema\/logo\/image\/","url":"https:\/\/www.prolam.com.br\/wp-content\/uploads\/2023\/12\/Logos-Prolam-e-Prousiesp-Circulo-01.jpg","contentUrl":"https:\/\/www.prolam.com.br\/wp-content\/uploads\/2023\/12\/Logos-Prolam-e-Prousiesp-Circulo-01.jpg","width":1181,"height":1181,"caption":"Prolam"},"image":{"@id":"https:\/\/www.prolam.com.br\/#\/schema\/logo\/image\/"},"sameAs":["https:\/\/www.facebook.com\/Bopptermolaminacao","https:\/\/x.com\/prolam"]}]}},"_links":{"self":[{"href":"https:\/\/www.prolam.com.br\/pt\/wp-json\/wp\/v2\/pages\/895","targetHints":{"allow":["GET"]}}],"collection":[{"href":"https:\/\/www.prolam.com.br\/pt\/wp-json\/wp\/v2\/pages"}],"about":[{"href":"https:\/\/www.prolam.com.br\/pt\/wp-json\/wp\/v2\/types\/page"}],"author":[{"embeddable":true,"href":"https:\/\/www.prolam.com.br\/pt\/wp-json\/wp\/v2\/users\/560"}],"replies":[{"embeddable":true,"href":"https:\/\/www.prolam.com.br\/pt\/wp-json\/wp\/v2\/comments?post=895"}],"version-history":[{"count":0,"href":"https:\/\/www.prolam.com.br\/pt\/wp-json\/wp\/v2\/pages\/895\/revisions"}],"wp:attachment":[{"href":"https:\/\/www.prolam.com.br\/pt\/wp-json\/wp\/v2\/media?parent=895"}],"curies":[{"name":"wp","href":"https:\/\/api.w.org\/{rel}","templated":true}]}}