{"id":894,"date":"2020-12-01T15:26:23","date_gmt":"2020-12-01T18:26:23","guid":{"rendered":"https:\/\/www2.prolam.com.br\/register\/"},"modified":"2024-08-23T09:48:31","modified_gmt":"2024-08-23T12:48:31","slug":"cadastrar","status":"publish","type":"page","link":"https:\/\/www.prolam.com.br\/pt\/cadastrar\/","title":{"rendered":"Cadastro"},"content":{"rendered":"<p>[et_pb_section fb_built=&#8221;1&#8243; admin_label=&#8221;section&#8221; _builder_version=&#8221;4.16&#8243; custom_margin=&#8221;||||false|false&#8221; custom_padding=&#8221;|||50px|false|false&#8221; hover_enabled=&#8221;0&#8243; global_colors_info=&#8221;{}&#8221; sticky_enabled=&#8221;0&#8243;][et_pb_row _builder_version=&#8221;4.16&#8243; _module_preset=&#8221;default&#8221; custom_margin=&#8221;-23px|auto||auto||&#8221; global_colors_info=&#8221;{}&#8221;][et_pb_column type=&#8221;4_4&#8243; _builder_version=&#8221;4.16&#8243; _module_preset=&#8221;default&#8221; global_colors_info=&#8221;{}&#8221;][et_pb_text _builder_version=&#8221;4.24.0&#8243; _module_preset=&#8221;default&#8221; text_font_size=&#8221;16px&#8221; header_font=&#8221;Poppins||||||||&#8221; header_2_text_align=&#8221;center&#8221; header_2_font_size=&#8221;35px&#8221; text_orientation=&#8221;center&#8221; hover_enabled=&#8221;0&#8243; global_colors_info=&#8221;{}&#8221; sticky_enabled=&#8221;0&#8243;]<\/p>\n<h1><span style=\"color: #81277e;\"><strong>Cadastro de Clientes<\/strong><\/span><\/h1>\n<h5>Preencha todas as informa\u00e7\u00f5es abaixo para acessar o conte\u00fado exclusivo.<\/h5>\n<p>[\/et_pb_text][\/et_pb_column][\/et_pb_row][et_pb_row admin_label=&#8221;row&#8221; _builder_version=&#8221;4.16&#8243; background_size=&#8221;initial&#8221; background_position=&#8221;top_left&#8221; background_repeat=&#8221;repeat&#8221; hover_enabled=&#8221;0&#8243; global_colors_info=&#8221;{}&#8221; sticky_enabled=&#8221;0&#8243;][et_pb_column type=&#8221;4_4&#8243; _builder_version=&#8221;4.16&#8243; custom_padding=&#8221;|||&#8221; global_colors_info=&#8221;{}&#8221; custom_padding__hover=&#8221;|||&#8221;][et_pb_text admin_label=&#8221;Text&#8221; _builder_version=&#8221;4.24.0&#8243; background_size=&#8221;initial&#8221; background_position=&#8221;top_left&#8221; background_repeat=&#8221;repeat&#8221; hover_enabled=&#8221;0&#8243; global_colors_info=&#8221;{}&#8221; background_color=&#8221;RGBA(255,255,255,0)&#8221; text_text_color=&#8221;#83287B&#8221; sticky_enabled=&#8221;0&#8243;]<\/p>\n<p>Usu\u00e1rios podem se registrar ou voc\u00ea pode cri\u00e1-los manualmente aqui.<img decoding=\"async\" title=\"Esta mensagem s\u00f3 \u00e9 vis\u00edvel para os administradores\" data-src=\"https:\/\/www.prolam.com.br\/wp-content\/plugins\/profile-builder-pro\/assets\/images\/pencil_delete.png\" src=\"data:image\/gif;base64,R0lGODlhAQABAAAAACH5BAEKAAEALAAAAAABAAEAAAICTAEAOw==\" class=\"lazyload\" \/><\/p>\n<form id=\"wppb-register-user-formulario-cadastro\" class=\"wppb-user-forms wppb-register-user wppb-user-role-administrator\" action=\"https:\/\/www.prolam.com.br\/pt\/?et_pb_preview=true&amp;et_pb_preview_nonce=af51ae8627&amp;iframe_id=et-fb-preview-1724416487516-161#wppb_form_general_message\" enctype=\"multipart\/form-data\" method=\"post\">\n<ul>\n<li id=\"wppb-form-element-2\" class=\"wppb-form-field wppb-default-username campos\"><label for=\"username\">Nome de Usuario<span class=\"wppb-required\" title=\"Este campo \u00e9 requerido\">*<\/span><\/label> <input id=\"username\" class=\"text-input default_field_username \" maxlength=\"70\" name=\"username\" required=\"\" type=\"text\" value=\"\" \/><span class=\"wppb-description-delimiter\">Usu\u00e1rio que ser\u00e1 usado para acessar o portal<\/span><\/li>\n<li id=\"wppb-form-element-8\" class=\"wppb-form-field wppb-default-e-mail campos\"><label for=\"email\">E-mail<span class=\"wppb-required\" title=\"Este campo \u00e9 requerido\">*<\/span><\/label> <input id=\"email\" class=\"text-input default_field_email \" maxlength=\"70\" name=\"email\" required=\"\" type=\"email\" value=\"\" \/> <span class=\"wppb-description-delimiter\">Informe o mesmo e-mail cadastrado no sistema PROLAM<\/span><\/li>\n<li id=\"wppb-form-element-12\" class=\"wppb-form-field wppb-default-password campos\"><label for=\"passw1\">Senha<span class=\"wppb-required\" title=\"Este campo \u00e9 requerido\">*<\/span><\/label> <input id=\"passw1\" class=\"text-input \" autocomplete=\"off\" maxlength=\"70\" name=\"passw1\" required=\"\" type=\"password\" value=\"\" \/><\/li>\n<li id=\"wppb-form-element-13\" class=\"wppb-form-field wppb-default-repeat-password campos\"><label for=\"passw2\">Repita a senha<span class=\"wppb-required\" title=\"Este campo \u00e9 requerido\">*<\/span><\/label> <input id=\"passw2\" class=\"text-input \" autocomplete=\"off\" maxlength=\"70\" name=\"passw2\" required=\"\" type=\"password\" value=\"\" \/><\/li>\n<li id=\"wppb-form-element-16\" class=\"wppb-form-field wppb-input campos\"><label for=\"nome-empresa\">Nome da Empresa<span class=\"wppb-required\" title=\"Este campo \u00e9 requerido\">*<\/span><\/label> <input id=\"nome-empresa\" class=\"extra_field_input \" maxlength=\"70\" name=\"nome-empresa\" required=\"\" type=\"text\" value=\"\" \/><span class=\"wppb-description-delimiter\">Qual o nome da empresa que voc\u00ea representa?<\/span><\/li>\n<li id=\"wppb-form-element-9\" class=\"wppb-form-field wppb-default-website campos\"><label for=\"website\">Website da Empresa<\/label> <input id=\"website\" class=\"text-input default_field_website \" maxlength=\"70\" name=\"website\" type=\"text\" value=\"\" \/><\/li>\n<li id=\"wppb-form-element-15\" class=\"wppb-form-field wppb-input campos\"><label for=\"cpfcnpj\">CPF \/ CNPJ<span class=\"wppb-required\" title=\"Este campo \u00e9 requerido\">*<\/span><\/label> <input id=\"cpfcnpj\" class=\"extra_field_input \" maxlength=\"70\" name=\"cpfcnpj\" required=\"\" type=\"text\" value=\"Informe somente n\u00fameros\" \/> <span class=\"wppb-description-delimiter\">Informe o CPF ou CNPJ cadastrado na base do sistema PROLAM<\/span><\/li>\n<li><label for=\"cpfcnpj\">Telefone* <\/label><input id=\"cpfcnpj\" class=\"extra_field_input \" maxlength=\"70\" name=\"cpfcnpj\" required=\"\" type=\"text\" value=\"Informe somente n\u00fameros\" \/><\/li>\n<li><label for=\"first_name\">Nome Completo<span class=\"wppb-required\" title=\"Este campo \u00e9 requerido\">*<\/span><\/label> <input id=\"first_name\" class=\"text-input default_field_firstname \" maxlength=\"70\" name=\"first_name\" required=\"\" type=\"text\" value=\"\" \/><\/li>\n<li id=\"wppb-form-element-14\" class=\"wppb-form-field wppb-gdpr-checkbox\"><label for=\"user_consent_gdpr\"> <input id=\"user_consent_gdpr\" class=\"custom_field_gdpr\" name=\"user_consent_gdpr\" type=\"checkbox\" value=\"agree\" \/>Eu aceito receber conte\u00fado educacional e promocional relacionado com os produtos e servi\u00e7os da PROLAM.<\/label><\/li>\n<\/ul>\n<ul>\n<li class=\"wppb-form-field wppb-send-credentials-checkbox\"><label for=\"send_credentials_via_email\"><input id=\"send_credentials_via_email\" name=\"send_credentials_via_email\" type=\"checkbox\" value=\"sending\" \/>Enviar essas credenciais via email.<\/label><\/li>\n<\/ul>\n<p class=\"\"><input id=\"register\" class=\"submit button\" style=\"border-radius: 25px; text-transform: uppercase; padding: 10px 20px 10px 20px; cursor: pointer;\" name=\"register\" type=\"submit\" value=\"Adicionar usu\u00e1rio\" \/> <a style=\"border-radius: 25px; text-transform: uppercase; padding: 10px 20px 10px 20px; cursor: pointer;\" href=\"https:\/\/www.prolam.com.br\/consultarpedidos\/\">Voltar<\/a> <input id=\"action\" name=\"action\" type=\"hidden\" value=\"register\" \/> <input id=\"form_name\" name=\"form_name\" type=\"hidden\" value=\"formulario-cadastro\" \/> <input name=\"wppb_referer_url\" type=\"hidden\" value=\"https:\/\/www.prolam.com.br\/pt\/?et_pb_preview=true&amp;et_pb_preview_nonce=af51ae8627&amp;iframe_id=et-fb-preview-1724416487516-161\" \/><\/p>\n<p><!-- .form-submit --> <input id=\"register_formulario-cadastro_nonce_field\" name=\"register_formulario-cadastro_nonce_field\" type=\"hidden\" value=\"03e7aa4b90\" \/><input name=\"_wp_http_referer\" type=\"hidden\" value=\"\/pt\/?et_pb_preview=true&amp;et_pb_preview_nonce=af51ae8627&amp;iframe_id=et-fb-preview-1724416487516-161\" \/><\/p>\n<\/form>\n<p>&nbsp;<\/p>\n<p>[\/et_pb_text][\/et_pb_column][\/et_pb_row][\/et_pb_section]<\/p>\n","protected":false},"excerpt":{"rendered":"<p>Cadastro de Clientes Preencha todas as informa\u00e7\u00f5es abaixo para acessar o conte\u00fado exclusivo.Usu\u00e1rios podem se registrar ou voc\u00ea pode cri\u00e1-los manualmente aqui. Nome de Usuario* Usu\u00e1rio que ser\u00e1 usado para acessar o portal E-mail* Informe o mesmo e-mail cadastrado no sistema PROLAM Senha* Repita a senha* Nome da Empresa* Qual o nome da empresa que [&hellip;]<\/p>\n","protected":false},"author":560,"featured_media":0,"parent":0,"menu_order":0,"comment_status":"closed","ping_status":"closed","template":"","meta":{"_acf_changed":false,"_et_pb_use_builder":"on","_et_pb_old_content":"[wppb-register]","_et_gb_content_width":"","footnotes":""},"class_list":["post-894","page","type-page","status-publish","hentry"],"acf":[],"yoast_head":"<!-- This site is optimized with the Yoast SEO plugin v26.9 - https:\/\/yoast.com\/product\/yoast-seo-wordpress\/ -->\n<title>Cadastro - Prolam<\/title>\n<meta name=\"robots\" content=\"index, follow, max-snippet:-1, max-image-preview:large, max-video-preview:-1\" \/>\n<link rel=\"canonical\" href=\"https:\/\/www.prolam.com.br\/pt\/cadastrar\/\" \/>\n<meta property=\"og:locale\" content=\"pt_BR\" \/>\n<meta property=\"og:type\" content=\"article\" \/>\n<meta property=\"og:title\" content=\"Cadastro - Prolam\" \/>\n<meta property=\"og:description\" content=\"Cadastro de Clientes Preencha todas as informa\u00e7\u00f5es abaixo para acessar o conte\u00fado exclusivo.Usu\u00e1rios podem se registrar ou voc\u00ea pode cri\u00e1-los manualmente aqui. Nome de Usuario* Usu\u00e1rio que ser\u00e1 usado para acessar o portal E-mail* Informe o mesmo e-mail cadastrado no sistema PROLAM Senha* Repita a senha* Nome da Empresa* Qual o nome da empresa que [&hellip;]\" \/>\n<meta property=\"og:url\" content=\"https:\/\/www.prolam.com.br\/pt\/cadastrar\/\" \/>\n<meta property=\"og:site_name\" content=\"Prolam\" \/>\n<meta property=\"article:publisher\" content=\"https:\/\/www.facebook.com\/Bopptermolaminacao\" \/>\n<meta property=\"article:modified_time\" content=\"2024-08-23T12:48:31+00:00\" \/>\n<meta property=\"og:image\" content=\"https:\/\/www.prolam.com.br\/wp-content\/plugins\/profile-builder-pro\/assets\/images\/pencil_delete.png\" \/>\n<meta name=\"twitter:card\" content=\"summary_large_image\" \/>\n<meta name=\"twitter:site\" content=\"@prolam\" \/>\n<meta name=\"twitter:label1\" content=\"Est. tempo de leitura\" \/>\n\t<meta name=\"twitter:data1\" content=\"1 minuto\" \/>\n<script type=\"application\/ld+json\" class=\"yoast-schema-graph\">{\"@context\":\"https:\/\/schema.org\",\"@graph\":[{\"@type\":\"WebPage\",\"@id\":\"https:\/\/www.prolam.com.br\/pt\/cadastrar\/\",\"url\":\"https:\/\/www.prolam.com.br\/pt\/cadastrar\/\",\"name\":\"Cadastro - Prolam\",\"isPartOf\":{\"@id\":\"https:\/\/www.prolam.com.br\/#website\"},\"primaryImageOfPage\":{\"@id\":\"https:\/\/www.prolam.com.br\/pt\/cadastrar\/#primaryimage\"},\"image\":{\"@id\":\"https:\/\/www.prolam.com.br\/pt\/cadastrar\/#primaryimage\"},\"thumbnailUrl\":\"https:\/\/www.prolam.com.br\/wp-content\/plugins\/profile-builder-pro\/assets\/images\/pencil_delete.png\",\"datePublished\":\"2020-12-01T18:26:23+00:00\",\"dateModified\":\"2024-08-23T12:48:31+00:00\",\"breadcrumb\":{\"@id\":\"https:\/\/www.prolam.com.br\/pt\/cadastrar\/#breadcrumb\"},\"inLanguage\":\"pt-BR\",\"potentialAction\":[{\"@type\":\"ReadAction\",\"target\":[\"https:\/\/www.prolam.com.br\/pt\/cadastrar\/\"]}]},{\"@type\":\"ImageObject\",\"inLanguage\":\"pt-BR\",\"@id\":\"https:\/\/www.prolam.com.br\/pt\/cadastrar\/#primaryimage\",\"url\":\"https:\/\/www.prolam.com.br\/wp-content\/plugins\/profile-builder-pro\/assets\/images\/pencil_delete.png\",\"contentUrl\":\"https:\/\/www.prolam.com.br\/wp-content\/plugins\/profile-builder-pro\/assets\/images\/pencil_delete.png\"},{\"@type\":\"BreadcrumbList\",\"@id\":\"https:\/\/www.prolam.com.br\/pt\/cadastrar\/#breadcrumb\",\"itemListElement\":[{\"@type\":\"ListItem\",\"position\":1,\"name\":\"In\u00edcio\",\"item\":\"https:\/\/www.prolam.com.br\/\"},{\"@type\":\"ListItem\",\"position\":2,\"name\":\"Cadastro\"}]},{\"@type\":\"WebSite\",\"@id\":\"https:\/\/www.prolam.com.br\/#website\",\"url\":\"https:\/\/www.prolam.com.br\/\",\"name\":\"Prolam\",\"description\":\"Filmes para Termolamina\u00e7\u00e3o e Plastifica\u00e7\u00e3o Gr\u00e1fica\",\"publisher\":{\"@id\":\"https:\/\/www.prolam.com.br\/#organization\"},\"potentialAction\":[{\"@type\":\"SearchAction\",\"target\":{\"@type\":\"EntryPoint\",\"urlTemplate\":\"https:\/\/www.prolam.com.br\/?s={search_term_string}\"},\"query-input\":{\"@type\":\"PropertyValueSpecification\",\"valueRequired\":true,\"valueName\":\"search_term_string\"}}],\"inLanguage\":\"pt-BR\"},{\"@type\":\"Organization\",\"@id\":\"https:\/\/www.prolam.com.br\/#organization\",\"name\":\"Prolam\",\"url\":\"https:\/\/www.prolam.com.br\/\",\"logo\":{\"@type\":\"ImageObject\",\"inLanguage\":\"pt-BR\",\"@id\":\"https:\/\/www.prolam.com.br\/#\/schema\/logo\/image\/\",\"url\":\"https:\/\/www.prolam.com.br\/wp-content\/uploads\/2023\/12\/Logos-Prolam-e-Prousiesp-Circulo-01.jpg\",\"contentUrl\":\"https:\/\/www.prolam.com.br\/wp-content\/uploads\/2023\/12\/Logos-Prolam-e-Prousiesp-Circulo-01.jpg\",\"width\":1181,\"height\":1181,\"caption\":\"Prolam\"},\"image\":{\"@id\":\"https:\/\/www.prolam.com.br\/#\/schema\/logo\/image\/\"},\"sameAs\":[\"https:\/\/www.facebook.com\/Bopptermolaminacao\",\"https:\/\/x.com\/prolam\"]}]}<\/script>\n<!-- \/ Yoast SEO plugin. -->","yoast_head_json":{"title":"Cadastro - Prolam","robots":{"index":"index","follow":"follow","max-snippet":"max-snippet:-1","max-image-preview":"max-image-preview:large","max-video-preview":"max-video-preview:-1"},"canonical":"https:\/\/www.prolam.com.br\/pt\/cadastrar\/","og_locale":"pt_BR","og_type":"article","og_title":"Cadastro - Prolam","og_description":"Cadastro de Clientes Preencha todas as informa\u00e7\u00f5es abaixo para acessar o conte\u00fado exclusivo.Usu\u00e1rios podem se registrar ou voc\u00ea pode cri\u00e1-los manualmente aqui. Nome de Usuario* Usu\u00e1rio que ser\u00e1 usado para acessar o portal E-mail* Informe o mesmo e-mail cadastrado no sistema PROLAM Senha* Repita a senha* Nome da Empresa* Qual o nome da empresa que [&hellip;]","og_url":"https:\/\/www.prolam.com.br\/pt\/cadastrar\/","og_site_name":"Prolam","article_publisher":"https:\/\/www.facebook.com\/Bopptermolaminacao","article_modified_time":"2024-08-23T12:48:31+00:00","og_image":[{"url":"https:\/\/www.prolam.com.br\/wp-content\/plugins\/profile-builder-pro\/assets\/images\/pencil_delete.png","type":"","width":"","height":""}],"twitter_card":"summary_large_image","twitter_site":"@prolam","twitter_misc":{"Est. tempo de leitura":"1 minuto"},"schema":{"@context":"https:\/\/schema.org","@graph":[{"@type":"WebPage","@id":"https:\/\/www.prolam.com.br\/pt\/cadastrar\/","url":"https:\/\/www.prolam.com.br\/pt\/cadastrar\/","name":"Cadastro - Prolam","isPartOf":{"@id":"https:\/\/www.prolam.com.br\/#website"},"primaryImageOfPage":{"@id":"https:\/\/www.prolam.com.br\/pt\/cadastrar\/#primaryimage"},"image":{"@id":"https:\/\/www.prolam.com.br\/pt\/cadastrar\/#primaryimage"},"thumbnailUrl":"https:\/\/www.prolam.com.br\/wp-content\/plugins\/profile-builder-pro\/assets\/images\/pencil_delete.png","datePublished":"2020-12-01T18:26:23+00:00","dateModified":"2024-08-23T12:48:31+00:00","breadcrumb":{"@id":"https:\/\/www.prolam.com.br\/pt\/cadastrar\/#breadcrumb"},"inLanguage":"pt-BR","potentialAction":[{"@type":"ReadAction","target":["https:\/\/www.prolam.com.br\/pt\/cadastrar\/"]}]},{"@type":"ImageObject","inLanguage":"pt-BR","@id":"https:\/\/www.prolam.com.br\/pt\/cadastrar\/#primaryimage","url":"https:\/\/www.prolam.com.br\/wp-content\/plugins\/profile-builder-pro\/assets\/images\/pencil_delete.png","contentUrl":"https:\/\/www.prolam.com.br\/wp-content\/plugins\/profile-builder-pro\/assets\/images\/pencil_delete.png"},{"@type":"BreadcrumbList","@id":"https:\/\/www.prolam.com.br\/pt\/cadastrar\/#breadcrumb","itemListElement":[{"@type":"ListItem","position":1,"name":"In\u00edcio","item":"https:\/\/www.prolam.com.br\/"},{"@type":"ListItem","position":2,"name":"Cadastro"}]},{"@type":"WebSite","@id":"https:\/\/www.prolam.com.br\/#website","url":"https:\/\/www.prolam.com.br\/","name":"Prolam","description":"Filmes para Termolamina\u00e7\u00e3o e Plastifica\u00e7\u00e3o Gr\u00e1fica","publisher":{"@id":"https:\/\/www.prolam.com.br\/#organization"},"potentialAction":[{"@type":"SearchAction","target":{"@type":"EntryPoint","urlTemplate":"https:\/\/www.prolam.com.br\/?s={search_term_string}"},"query-input":{"@type":"PropertyValueSpecification","valueRequired":true,"valueName":"search_term_string"}}],"inLanguage":"pt-BR"},{"@type":"Organization","@id":"https:\/\/www.prolam.com.br\/#organization","name":"Prolam","url":"https:\/\/www.prolam.com.br\/","logo":{"@type":"ImageObject","inLanguage":"pt-BR","@id":"https:\/\/www.prolam.com.br\/#\/schema\/logo\/image\/","url":"https:\/\/www.prolam.com.br\/wp-content\/uploads\/2023\/12\/Logos-Prolam-e-Prousiesp-Circulo-01.jpg","contentUrl":"https:\/\/www.prolam.com.br\/wp-content\/uploads\/2023\/12\/Logos-Prolam-e-Prousiesp-Circulo-01.jpg","width":1181,"height":1181,"caption":"Prolam"},"image":{"@id":"https:\/\/www.prolam.com.br\/#\/schema\/logo\/image\/"},"sameAs":["https:\/\/www.facebook.com\/Bopptermolaminacao","https:\/\/x.com\/prolam"]}]}},"_links":{"self":[{"href":"https:\/\/www.prolam.com.br\/pt\/wp-json\/wp\/v2\/pages\/894","targetHints":{"allow":["GET"]}}],"collection":[{"href":"https:\/\/www.prolam.com.br\/pt\/wp-json\/wp\/v2\/pages"}],"about":[{"href":"https:\/\/www.prolam.com.br\/pt\/wp-json\/wp\/v2\/types\/page"}],"author":[{"embeddable":true,"href":"https:\/\/www.prolam.com.br\/pt\/wp-json\/wp\/v2\/users\/560"}],"replies":[{"embeddable":true,"href":"https:\/\/www.prolam.com.br\/pt\/wp-json\/wp\/v2\/comments?post=894"}],"version-history":[{"count":0,"href":"https:\/\/www.prolam.com.br\/pt\/wp-json\/wp\/v2\/pages\/894\/revisions"}],"wp:attachment":[{"href":"https:\/\/www.prolam.com.br\/pt\/wp-json\/wp\/v2\/media?parent=894"}],"curies":[{"name":"wp","href":"https:\/\/api.w.org\/{rel}","templated":true}]}}