{"id":874,"date":"2020-02-01T10:51:51","date_gmt":"2020-02-01T13:51:51","guid":{"rendered":"https:\/\/www2.prolam.com.br\/?page_id=874"},"modified":"2023-02-03T16:01:41","modified_gmt":"2023-02-03T19:01:41","slug":"portal-do-cliente","status":"publish","type":"page","link":"https:\/\/www.prolam.com.br\/pt\/portal-do-cliente\/","title":{"rendered":"Portal do Cliente"},"content":{"rendered":"<p>[et_pb_section fb_built=&#8221;1&#8243; module_class=&#8221;section-triangle-green-left&#8221; _builder_version=&#8221;4.18.0&#8243; _module_preset=&#8221;default&#8221; background_enable_color=&#8221;off&#8221; background_enable_image=&#8221;off&#8221; min_height=&#8221;260px&#8221; custom_margin=&#8221;||-10px|||&#8221; custom_padding=&#8221;0px||0px|||&#8221; global_colors_info=&#8221;{}&#8221;][et_pb_row _builder_version=&#8221;4.18.0&#8243; _module_preset=&#8221;default&#8221; transform_scale=&#8221;89%|89%&#8221; width=&#8221;auto&#8221; max_width=&#8221;none&#8221; custom_margin=&#8221;0px|auto|0px|auto|false|false&#8221; custom_padding=&#8221;0px||0px||false|false&#8221; global_colors_info=&#8221;{}&#8221;][et_pb_column type=&#8221;4_4&#8243; _builder_version=&#8221;4.16&#8243; _module_preset=&#8221;default&#8221; custom_padding=&#8221;0px||||false|false&#8221; global_colors_info=&#8221;{}&#8221;][et_pb_text _builder_version=&#8221;4.19.4&#8243; _module_preset=&#8221;default&#8221; text_text_color=&#8221;#1b9e88&#8243; text_font_size=&#8221;38px&#8221; hover_enabled=&#8221;0&#8243; sticky_enabled=&#8221;0&#8243; text_orientation=&#8221;center&#8221; custom_margin=&#8221;50px||||false|false&#8221;]<\/p>\n<p>Portal do Cliente<\/p>\n<p>[\/et_pb_text][et_pb_text _builder_version=&#8221;4.18.0&#8243; _module_preset=&#8221;default&#8221; global_colors_info=&#8221;{}&#8221;][\/et_pb_text][et_pb_code _builder_version=&#8221;4.19.4&#8243; _module_preset=&#8221;default&#8221; background_color=&#8221;#212c35&#8243; text_orientation=&#8221;center&#8221; width=&#8221;710px&#8221; max_width=&#8221;100%&#8221; module_alignment=&#8221;center&#8221; min_height=&#8221;112px&#8221; custom_margin=&#8221;90px|0px|140px|0px|false|false&#8221; custom_padding=&#8221;80px|80px|80px|80px|false|false&#8221; hover_enabled=&#8221;0&#8243; border_radii=&#8221;on|70px|70px|70px|70px&#8221; global_colors_info=&#8221;{}&#8221; sticky_enabled=&#8221;0&#8243;]<div id=\"wppb-login-wrap\" class=\"wppb-user-forms\">\r\n\t<p style=\"color:#ffffff; text-align:left; padding-bottom:30px\">\r\n\tBem vindo ao nosso Portal do Cliente. Aqui voc\u00ea poder\u00e1 facilmente consultar informa\u00e7\u00f5es sempre atualizadas sobre seus pedidos. Para a consulta, \u00e9 necess\u00e1rio que voc\u00ea fa\u00e7a um pequeno cadastro, caso j\u00e1 o tenha feito, basta informar seu dados de acesso nos campos abaixo. <\/p>\r\n\t\r\n\t\t<form name=\"wppb-loginform\" id=\"wppb-loginform\" action=\"https:\/\/www.prolam.com.br\/pt\/wp-json\/wp\/v2\/pages\/874\" method=\"post\">\r\n\t\t\t\r\n\t\t\t<p class=\"login-username\" style=\"color:#ffffff; text-align:left\">\r\n\t\t\t\t<label for=\"user_login\">Nome ou Email<\/label>\r\n\t\t\t\t<input type=\"text\" name=\"log\" id=\"user_login\" class=\"input\" value=\"\" size=\"20\" \/>\r\n\t\t\t<\/p>\r\n\t\t\t<p class=\"login-password\" style=\"color:#ffffff; text-align:left\">\r\n\t\t\t\t<label for=\"user_pass\">Senha<\/label>\r\n\t\t\t\t<input type=\"password\" name=\"pwd\" id=\"user_pass\" class=\"input\" value=\"\" size=\"20\" \/>\r\n\t\t\t<\/p>\r\n\t\t\t\r\n\t\t\t<p class=\"login-remember\" style=\"color:#ffffff; text-align:left; padding-top:20px\"><label><input name=\"rememberme\" type=\"checkbox\" id=\"rememberme\" value=\"forever\" \/> Lembrar-me<\/label> | <a href=\"https:\/\/www.prolam.com.br\/cadastrar\/\" style=\"color:#ffffff\">CADASTRE-SE<\/a> <\/p>\r\n\t\t\t<p class=\"login-submit\">\r\n\t\t\t\t<input type=\"submit\" style=\"border-radius: 25px;text-transform: uppercase; padding:10px 20px 10px 20px; cursor:pointer\"  name=\"wp-submit\" id=\"wppb-submit\" class=\"button button-primary\" value=\"Acessar\" \/>\r\n\t\t\t\t<input type=\"hidden\" name=\"redirect_to\" value=\"https:\/\/www.prolam.com.br\/pt\/wp-json\/wp\/v2\/pages\/874\" \/>\r\n\t\t\t<\/p>\r\n\t\t\t<input type=\"hidden\" name=\"wppb_login\" value=\"true\"\/>\r\n\t\t\t<input type=\"hidden\" name=\"wppb_form_location\" value=\"widget\"\/>\r\n\t\t\t<input type=\"hidden\" name=\"wppb_request_url\" value=\"https:\/\/www.prolam.com.br\/pt\/wp-json\/wp\/v2\/pages\/874\"\/>\r\n\t\t\t<input type=\"hidden\" name=\"wppb_lostpassword_url\" value=\"\"\/>\r\n\t\t\t<input type=\"hidden\" name=\"wppb_redirect_priority\" value=\"\"\/>\r\n\t\t\t<input type=\"hidden\" name=\"wppb_referer_url\" value=\"\"\/>\r\n\t\t\t<input type=\"hidden\" id=\"CSRFToken-wppb\" name=\"CSRFToken-wppb\" value=\"5b84dc7ec3\" \/><input type=\"hidden\" name=\"_wp_http_referer\" value=\"\/pt\/wp-json\/wp\/v2\/pages\/874\" \/>\r\n\t\t\t<input type=\"hidden\" name=\"wppb_redirect_check\" value=\"true\"\/>\r\n\t\t\t\r\n\t\t<\/form><\/div>[\/et_pb_code][\/et_pb_column][\/et_pb_row][\/et_pb_section]<\/p>\n","protected":false},"excerpt":{"rendered":"<p>Portal do Cliente<div id=\"wppb-login-wrap\" class=\"wppb-user-forms\">\r\n\t<p style=\"color:#ffffff; text-align:left; padding-bottom:30px\">\r\n\tBem vindo ao nosso Portal do Cliente. Aqui voc\u00ea poder\u00e1 facilmente consultar informa\u00e7\u00f5es sempre atualizadas sobre seus pedidos. Para a consulta, \u00e9 necess\u00e1rio que voc\u00ea fa\u00e7a um pequeno cadastro, caso j\u00e1 o tenha feito, basta informar seu dados de acesso nos campos abaixo. <\/p>\r\n\t\r\n\t\t<form name=\"wppb-loginform\" id=\"wppb-loginform\" action=\"https:\/\/www.prolam.com.br\/pt\/wp-json\/wp\/v2\/pages\/874\" method=\"post\">\r\n\t\t\t\r\n\t\t\t<p class=\"login-username\" style=\"color:#ffffff; text-align:left\">\r\n\t\t\t\t<label for=\"user_login\">Nome ou Email<\/label>\r\n\t\t\t\t<input type=\"text\" name=\"log\" id=\"user_login\" class=\"input\" value=\"\" size=\"20\" \/>\r\n\t\t\t<\/p>\r\n\t\t\t<p class=\"login-password\" style=\"color:#ffffff; text-align:left\">\r\n\t\t\t\t<label for=\"user_pass\">Senha<\/label>\r\n\t\t\t\t<input type=\"password\" name=\"pwd\" id=\"user_pass\" class=\"input\" value=\"\" size=\"20\" \/>\r\n\t\t\t<\/p>\r\n\t\t\t\r\n\t\t\t<p class=\"login-remember\" style=\"color:#ffffff; text-align:left; padding-top:20px\"><label><input name=\"rememberme\" type=\"checkbox\" id=\"rememberme\" value=\"forever\" \/> Lembrar-me<\/label> | <a href=\"https:\/\/www.prolam.com.br\/cadastrar\/\" style=\"color:#ffffff\">CADASTRE-SE<\/a> <\/p>\r\n\t\t\t<p class=\"login-submit\">\r\n\t\t\t\t<input type=\"submit\" style=\"border-radius: 25px;text-transform: uppercase; padding:10px 20px 10px 20px; cursor:pointer\"  name=\"wp-submit\" id=\"wppb-submit\" class=\"button button-primary\" value=\"Acessar\" \/>\r\n\t\t\t\t<input type=\"hidden\" name=\"redirect_to\" value=\"https:\/\/www.prolam.com.br\/pt\/wp-json\/wp\/v2\/pages\/874\" \/>\r\n\t\t\t<\/p>\r\n\t\t\t<input type=\"hidden\" name=\"wppb_login\" value=\"true\"\/>\r\n\t\t\t<input type=\"hidden\" name=\"wppb_form_location\" value=\"widget\"\/>\r\n\t\t\t<input type=\"hidden\" name=\"wppb_request_url\" value=\"https:\/\/www.prolam.com.br\/pt\/wp-json\/wp\/v2\/pages\/874\"\/>\r\n\t\t\t<input type=\"hidden\" name=\"wppb_lostpassword_url\" value=\"\"\/>\r\n\t\t\t<input type=\"hidden\" name=\"wppb_redirect_priority\" value=\"\"\/>\r\n\t\t\t<input type=\"hidden\" name=\"wppb_referer_url\" value=\"\"\/>\r\n\t\t\t<input type=\"hidden\" id=\"CSRFToken-wppb\" name=\"CSRFToken-wppb\" value=\"5b84dc7ec3\" \/><input type=\"hidden\" name=\"_wp_http_referer\" value=\"\/pt\/wp-json\/wp\/v2\/pages\/874\" \/>\r\n\t\t\t<input type=\"hidden\" name=\"wppb_redirect_check\" value=\"true\"\/>\r\n\t\t\t\r\n\t\t<\/form><\/div><\/p>\n","protected":false},"author":560,"featured_media":0,"parent":0,"menu_order":0,"comment_status":"closed","ping_status":"closed","template":"","meta":{"_acf_changed":false,"_et_pb_use_builder":"on","_et_pb_old_content":"","_et_gb_content_width":"","footnotes":""},"class_list":["post-874","page","type-page","status-publish","hentry"],"acf":[],"yoast_head":"<!-- This site is optimized with the Yoast SEO plugin v26.9 - https:\/\/yoast.com\/product\/yoast-seo-wordpress\/ -->\n<title>Portal do Cliente - Prolam<\/title>\n<meta name=\"robots\" content=\"index, follow, max-snippet:-1, max-image-preview:large, max-video-preview:-1\" \/>\n<link rel=\"canonical\" href=\"https:\/\/www.prolam.com.br\/pt\/portal-do-cliente\/\" \/>\n<meta property=\"og:locale\" content=\"pt_BR\" \/>\n<meta property=\"og:type\" content=\"article\" \/>\n<meta property=\"og:title\" content=\"Portal do Cliente - Prolam\" \/>\n<meta property=\"og:description\" content=\"Portal do Cliente\" \/>\n<meta property=\"og:url\" content=\"https:\/\/www.prolam.com.br\/pt\/portal-do-cliente\/\" \/>\n<meta property=\"og:site_name\" content=\"Prolam\" \/>\n<meta property=\"article:publisher\" content=\"https:\/\/www.facebook.com\/Bopptermolaminacao\" \/>\n<meta property=\"article:modified_time\" content=\"2023-02-03T19:01:41+00:00\" \/>\n<meta name=\"twitter:card\" content=\"summary_large_image\" \/>\n<meta name=\"twitter:site\" content=\"@prolam\" \/>\n<meta name=\"twitter:label1\" content=\"Est. tempo de leitura\" \/>\n\t<meta name=\"twitter:data1\" content=\"1 minuto\" \/>\n<script type=\"application\/ld+json\" class=\"yoast-schema-graph\">{\"@context\":\"https:\/\/schema.org\",\"@graph\":[{\"@type\":\"WebPage\",\"@id\":\"https:\/\/www.prolam.com.br\/pt\/portal-do-cliente\/\",\"url\":\"https:\/\/www.prolam.com.br\/pt\/portal-do-cliente\/\",\"name\":\"Portal do Cliente - Prolam\",\"isPartOf\":{\"@id\":\"https:\/\/www.prolam.com.br\/#website\"},\"datePublished\":\"2020-02-01T13:51:51+00:00\",\"dateModified\":\"2023-02-03T19:01:41+00:00\",\"breadcrumb\":{\"@id\":\"https:\/\/www.prolam.com.br\/pt\/portal-do-cliente\/#breadcrumb\"},\"inLanguage\":\"pt-BR\",\"potentialAction\":[{\"@type\":\"ReadAction\",\"target\":[\"https:\/\/www.prolam.com.br\/pt\/portal-do-cliente\/\"]}]},{\"@type\":\"BreadcrumbList\",\"@id\":\"https:\/\/www.prolam.com.br\/pt\/portal-do-cliente\/#breadcrumb\",\"itemListElement\":[{\"@type\":\"ListItem\",\"position\":1,\"name\":\"In\u00edcio\",\"item\":\"https:\/\/www.prolam.com.br\/\"},{\"@type\":\"ListItem\",\"position\":2,\"name\":\"Portal do Cliente\"}]},{\"@type\":\"WebSite\",\"@id\":\"https:\/\/www.prolam.com.br\/#website\",\"url\":\"https:\/\/www.prolam.com.br\/\",\"name\":\"Prolam\",\"description\":\"Filmes para Termolamina\u00e7\u00e3o e Plastifica\u00e7\u00e3o Gr\u00e1fica\",\"publisher\":{\"@id\":\"https:\/\/www.prolam.com.br\/#organization\"},\"potentialAction\":[{\"@type\":\"SearchAction\",\"target\":{\"@type\":\"EntryPoint\",\"urlTemplate\":\"https:\/\/www.prolam.com.br\/?s={search_term_string}\"},\"query-input\":{\"@type\":\"PropertyValueSpecification\",\"valueRequired\":true,\"valueName\":\"search_term_string\"}}],\"inLanguage\":\"pt-BR\"},{\"@type\":\"Organization\",\"@id\":\"https:\/\/www.prolam.com.br\/#organization\",\"name\":\"Prolam\",\"url\":\"https:\/\/www.prolam.com.br\/\",\"logo\":{\"@type\":\"ImageObject\",\"inLanguage\":\"pt-BR\",\"@id\":\"https:\/\/www.prolam.com.br\/#\/schema\/logo\/image\/\",\"url\":\"https:\/\/www.prolam.com.br\/wp-content\/uploads\/2023\/12\/Logos-Prolam-e-Prousiesp-Circulo-01.jpg\",\"contentUrl\":\"https:\/\/www.prolam.com.br\/wp-content\/uploads\/2023\/12\/Logos-Prolam-e-Prousiesp-Circulo-01.jpg\",\"width\":1181,\"height\":1181,\"caption\":\"Prolam\"},\"image\":{\"@id\":\"https:\/\/www.prolam.com.br\/#\/schema\/logo\/image\/\"},\"sameAs\":[\"https:\/\/www.facebook.com\/Bopptermolaminacao\",\"https:\/\/x.com\/prolam\"]}]}<\/script>\n<!-- \/ Yoast SEO plugin. -->","yoast_head_json":{"title":"Portal do Cliente - Prolam","robots":{"index":"index","follow":"follow","max-snippet":"max-snippet:-1","max-image-preview":"max-image-preview:large","max-video-preview":"max-video-preview:-1"},"canonical":"https:\/\/www.prolam.com.br\/pt\/portal-do-cliente\/","og_locale":"pt_BR","og_type":"article","og_title":"Portal do Cliente - Prolam","og_description":"Portal do Cliente","og_url":"https:\/\/www.prolam.com.br\/pt\/portal-do-cliente\/","og_site_name":"Prolam","article_publisher":"https:\/\/www.facebook.com\/Bopptermolaminacao","article_modified_time":"2023-02-03T19:01:41+00:00","twitter_card":"summary_large_image","twitter_site":"@prolam","twitter_misc":{"Est. tempo de leitura":"1 minuto"},"schema":{"@context":"https:\/\/schema.org","@graph":[{"@type":"WebPage","@id":"https:\/\/www.prolam.com.br\/pt\/portal-do-cliente\/","url":"https:\/\/www.prolam.com.br\/pt\/portal-do-cliente\/","name":"Portal do Cliente - Prolam","isPartOf":{"@id":"https:\/\/www.prolam.com.br\/#website"},"datePublished":"2020-02-01T13:51:51+00:00","dateModified":"2023-02-03T19:01:41+00:00","breadcrumb":{"@id":"https:\/\/www.prolam.com.br\/pt\/portal-do-cliente\/#breadcrumb"},"inLanguage":"pt-BR","potentialAction":[{"@type":"ReadAction","target":["https:\/\/www.prolam.com.br\/pt\/portal-do-cliente\/"]}]},{"@type":"BreadcrumbList","@id":"https:\/\/www.prolam.com.br\/pt\/portal-do-cliente\/#breadcrumb","itemListElement":[{"@type":"ListItem","position":1,"name":"In\u00edcio","item":"https:\/\/www.prolam.com.br\/"},{"@type":"ListItem","position":2,"name":"Portal do Cliente"}]},{"@type":"WebSite","@id":"https:\/\/www.prolam.com.br\/#website","url":"https:\/\/www.prolam.com.br\/","name":"Prolam","description":"Filmes para Termolamina\u00e7\u00e3o e Plastifica\u00e7\u00e3o Gr\u00e1fica","publisher":{"@id":"https:\/\/www.prolam.com.br\/#organization"},"potentialAction":[{"@type":"SearchAction","target":{"@type":"EntryPoint","urlTemplate":"https:\/\/www.prolam.com.br\/?s={search_term_string}"},"query-input":{"@type":"PropertyValueSpecification","valueRequired":true,"valueName":"search_term_string"}}],"inLanguage":"pt-BR"},{"@type":"Organization","@id":"https:\/\/www.prolam.com.br\/#organization","name":"Prolam","url":"https:\/\/www.prolam.com.br\/","logo":{"@type":"ImageObject","inLanguage":"pt-BR","@id":"https:\/\/www.prolam.com.br\/#\/schema\/logo\/image\/","url":"https:\/\/www.prolam.com.br\/wp-content\/uploads\/2023\/12\/Logos-Prolam-e-Prousiesp-Circulo-01.jpg","contentUrl":"https:\/\/www.prolam.com.br\/wp-content\/uploads\/2023\/12\/Logos-Prolam-e-Prousiesp-Circulo-01.jpg","width":1181,"height":1181,"caption":"Prolam"},"image":{"@id":"https:\/\/www.prolam.com.br\/#\/schema\/logo\/image\/"},"sameAs":["https:\/\/www.facebook.com\/Bopptermolaminacao","https:\/\/x.com\/prolam"]}]}},"_links":{"self":[{"href":"https:\/\/www.prolam.com.br\/pt\/wp-json\/wp\/v2\/pages\/874","targetHints":{"allow":["GET"]}}],"collection":[{"href":"https:\/\/www.prolam.com.br\/pt\/wp-json\/wp\/v2\/pages"}],"about":[{"href":"https:\/\/www.prolam.com.br\/pt\/wp-json\/wp\/v2\/types\/page"}],"author":[{"embeddable":true,"href":"https:\/\/www.prolam.com.br\/pt\/wp-json\/wp\/v2\/users\/560"}],"replies":[{"embeddable":true,"href":"https:\/\/www.prolam.com.br\/pt\/wp-json\/wp\/v2\/comments?post=874"}],"version-history":[{"count":0,"href":"https:\/\/www.prolam.com.br\/pt\/wp-json\/wp\/v2\/pages\/874\/revisions"}],"wp:attachment":[{"href":"https:\/\/www.prolam.com.br\/pt\/wp-json\/wp\/v2\/media?parent=874"}],"curies":[{"name":"wp","href":"https:\/\/api.w.org\/{rel}","templated":true}]}}