{"id":5784,"date":"2024-12-23T17:35:22","date_gmt":"2024-12-23T20:35:22","guid":{"rendered":"https:\/\/www.prolam.com.br\/?page_id=5784"},"modified":"2024-12-23T17:49:52","modified_gmt":"2024-12-23T20:49:52","slug":"filmes-para-impressao-digital","status":"publish","type":"page","link":"https:\/\/www.prolam.com.br\/pt\/filmes-para-impressao-digital\/","title":{"rendered":"Filmes Para Impress\u00e3o Digital"},"content":{"rendered":"<p>[et_pb_section fb_built=&#8221;1&#8243; module_class=&#8221;ico-title featured triangle-green&#8221; _builder_version=&#8221;4.18.0&#8243; _module_preset=&#8221;default&#8221; custom_padding=&#8221;0px||36px|||&#8221; locked=&#8221;off&#8221; global_colors_info=&#8221;{}&#8221;][et_pb_row column_structure=&#8221;1_2,1_2&#8243; _builder_version=&#8221;4.18.0&#8243; _module_preset=&#8221;default&#8221; custom_padding=&#8221;80px||0px|||&#8221; global_colors_info=&#8221;{}&#8221;][et_pb_column type=&#8221;1_2&#8243; _builder_version=&#8221;4.18.0&#8243; _module_preset=&#8221;default&#8221; global_colors_info=&#8221;{}&#8221;][et_pb_text _builder_version=&#8221;4.24.0&#8243; _module_preset=&#8221;default&#8221; custom_padding=&#8221;||0px|||&#8221; global_colors_info=&#8221;{}&#8221;]<\/p>\n<h2>Impress\u00e3o Digital<br \/>M\u00eddias Para Impress\u00f5es Digital<\/h2>\n<p>[\/et_pb_text][et_pb_text _builder_version=&#8221;4.24.0&#8243; _module_preset=&#8221;default&#8221; global_colors_info=&#8221;{}&#8221;]<\/p>\n<p><strong>M\u00eddias Para Impress\u00e3o Digital<\/strong><\/p>\n<p>\u00c9 uma pel\u00edcula mate especialmente elaborado para impress\u00f5es a laser. \u00c9 muito utilizado para produ\u00e7\u00e3o de fotolitos, grava\u00e7\u00e3o de telas, matrizes para serigrafia, plantas de engenharia, desenhos t\u00e9cnicos, desenhos com imagens e arte final.<\/p>\n<p>[\/et_pb_text][et_pb_text _builder_version=&#8221;4.24.0&#8243; _module_preset=&#8221;default&#8221; custom_padding=&#8221;||0px|||&#8221; global_colors_info=&#8221;{}&#8221;]<\/p>\n<h1><strong>Laser Filme | Pro Laser<\/strong><\/h1>\n<p>[\/et_pb_text][et_pb_text _builder_version=&#8221;4.24.0&#8243; _module_preset=&#8221;default&#8221; global_colors_info=&#8221;{}&#8221;]<\/p>\n<p>O <strong>filme de poli\u00e9ster<\/strong>, tratado quimicamente, apresenta em sua superf\u00edcie uma camada mate com rugosidade e termo fixa\u00e7\u00e3o espec\u00edfica para receber a impress\u00e3o a laser com qualidade.<\/p>\n<p>O produto \u00e9 comercializado em formatos padr\u00f5es \u2013 A3, A4, Of\u00edcio para impress\u00f5es b\u00e1sicas, formatos maiores e em bobina.<\/p>\n<p>[\/et_pb_text][et_pb_text _builder_version=&#8221;4.24.0&#8243; _module_preset=&#8221;default&#8221; global_colors_info=&#8221;{}&#8221;]<\/p>\n<h5><strong>Formatos mais vendidos:<\/strong><\/h5>\n<p>210 x 297 mm<br \/>216 x 355 mm<br \/>297 x 420 mm<br \/>310 x 470 mm<br \/>330 x 540 mm<br \/>330 x 580 mm<br \/>660 x 960 mm<\/p>\n<p>[\/et_pb_text][\/et_pb_column][et_pb_column type=&#8221;1_2&#8243; _builder_version=&#8221;4.18.0&#8243; _module_preset=&#8221;default&#8221; global_colors_info=&#8221;{}&#8221;][et_pb_image src=&#8221;https:\/\/www.prolam.com.br\/wp-content\/uploads\/2024\/12\/ICONES-DO-SITE-TAMANHO-GRANDE-1.jpg&#8221; title_text=&#8221;ICONES DO SITE TAMANHO GRANDE (1)&#8221; _builder_version=&#8221;4.24.0&#8243; _module_preset=&#8221;default&#8221; custom_padding=&#8221;||88px|||&#8221; global_colors_info=&#8221;{}&#8221;][\/et_pb_image][\/et_pb_column][\/et_pb_row][\/et_pb_section][et_pb_section fb_built=&#8221;1&#8243; fullwidth=&#8221;on&#8221; theme_builder_area=&#8221;post_content&#8221; _builder_version=&#8221;4.24.0&#8243; _module_preset=&#8221;default&#8221; hover_enabled=&#8221;0&#8243; sticky_enabled=&#8221;0&#8243;][et_pb_fullwidth_code _builder_version=&#8221;4.24.0&#8243; _module_preset=&#8221;default&#8221; theme_builder_area=&#8221;post_content&#8221; hover_enabled=&#8221;0&#8243; sticky_enabled=&#8221;0&#8243;]<\/p>\n<div style=\"text-align: center;\"><!-- [et_pb_line_break_holder] -->    <a href=\"https:\/\/info.prolam.com.br\/fale-conosco-site-prolam\" target=\"_blank\" style=\"display: inline-block; padding: 10px 20px; font-size: 16px; color: #811d7b; text-decoration: none; border: 2px solid #811d7b; border-radius: 25px; font-family: Arial, sans-serif; font-weight: bold; text-align: center;\"><!-- [et_pb_line_break_holder] -->        Fa\u00e7a um Or\u00e7amento<!-- [et_pb_line_break_holder] -->    <\/a><!-- [et_pb_line_break_holder] --><\/div>\n<p>[\/et_pb_fullwidth_code][\/et_pb_section][et_pb_section fb_built=&#8221;1&#8243; _builder_version=&#8221;4.18.0&#8243; _module_preset=&#8221;default&#8221; custom_padding=&#8221;19px||54px|||&#8221; global_colors_info=&#8221;{}&#8221;][et_pb_row _builder_version=&#8221;4.18.0&#8243; _module_preset=&#8221;default&#8221; custom_padding=&#8221;16px|||||&#8221; global_colors_info=&#8221;{}&#8221;][et_pb_column type=&#8221;4_4&#8243; _builder_version=&#8221;4.18.0&#8243; _module_preset=&#8221;default&#8221; global_colors_info=&#8221;{}&#8221;][et_pb_text module_class=&#8221;border-bottom&#8221; _builder_version=&#8221;4.18.0&#8243; _module_preset=&#8221;default&#8221; global_colors_info=&#8221;{}&#8221;]<\/p>\n<h2><span style=\"font-size: x-large;\"><strong>ALGUMAS APLICA\u00c7\u00d5ES<\/strong><\/span><\/h2>\n<p>[\/et_pb_text][\/et_pb_column][\/et_pb_row][et_pb_row column_structure=&#8221;1_4,1_4,1_4,1_4&#8243; _builder_version=&#8221;4.18.0&#8243; _module_preset=&#8221;default&#8221; custom_padding=&#8221;||0px|||&#8221; global_colors_info=&#8221;{}&#8221;][et_pb_column type=&#8221;1_4&#8243; _builder_version=&#8221;4.18.0&#8243; _module_preset=&#8221;default&#8221; global_colors_info=&#8221;{}&#8221;][et_pb_image src=&#8221;https:\/\/www.prolam.com.br\/wp-content\/uploads\/2024\/12\/3.png&#8221; title_text=&#8221;pro laser&#8221; _builder_version=&#8221;4.24.0&#8243; _module_preset=&#8221;default&#8221; global_colors_info=&#8221;{}&#8221;][\/et_pb_image][\/et_pb_column][et_pb_column type=&#8221;1_4&#8243; _builder_version=&#8221;4.18.0&#8243; _module_preset=&#8221;default&#8221; global_colors_info=&#8221;{}&#8221;][et_pb_image src=&#8221;https:\/\/www.prolam.com.br\/wp-content\/uploads\/2024\/12\/5.png&#8221; title_text=&#8221;prolaser prolam&#8221; _builder_version=&#8221;4.24.0&#8243; _module_preset=&#8221;default&#8221; custom_margin=&#8221;||0px|||&#8221; global_colors_info=&#8221;{}&#8221;][\/et_pb_image][\/et_pb_column][et_pb_column type=&#8221;1_4&#8243; _builder_version=&#8221;4.18.0&#8243; _module_preset=&#8221;default&#8221; global_colors_info=&#8221;{}&#8221;][et_pb_image src=&#8221;https:\/\/www.prolam.com.br\/wp-content\/uploads\/2024\/12\/4.png&#8221; title_text=&#8221;4&#8243; _builder_version=&#8221;4.24.0&#8243; _module_preset=&#8221;default&#8221; custom_padding=&#8221;0px|||0px||&#8221; global_colors_info=&#8221;{}&#8221;][\/et_pb_image][\/et_pb_column][et_pb_column type=&#8221;1_4&#8243; _builder_version=&#8221;4.18.0&#8243; _module_preset=&#8221;default&#8221; global_colors_info=&#8221;{}&#8221;][\/et_pb_column][\/et_pb_row][\/et_pb_section][et_pb_section fb_built=&#8221;1&#8243; _builder_version=&#8221;4.19.4&#8243; _module_preset=&#8221;default&#8221; display_conditions=&#8221;W10=&#8221; custom_padding=&#8221;18px||17px|||&#8221; locked=&#8221;off&#8221; global_colors_info=&#8221;{}&#8221;][et_pb_row _builder_version=&#8221;4.18.0&#8243; _module_preset=&#8221;default&#8221; custom_margin=&#8221;|auto|49px|auto||&#8221; global_colors_info=&#8221;{}&#8221;][et_pb_column type=&#8221;4_4&#8243; _builder_version=&#8221;4.18.0&#8243; _module_preset=&#8221;default&#8221; global_colors_info=&#8221;{}&#8221;][\/et_pb_column][\/et_pb_row][\/et_pb_section][et_pb_section fb_built=&#8221;1&#8243; module_class=&#8221;premios&#8221; _builder_version=&#8221;4.18.0&#8243; _module_preset=&#8221;default&#8221; background_color=&#8221;#212c35&#8243; min_height=&#8221;235.3px&#8221; custom_padding=&#8221;75px|||||&#8221; border_width_bottom=&#8221;1px&#8221; border_color_bottom=&#8221;#FFFFFF&#8221; locked=&#8221;off&#8221; global_colors_info=&#8221;{}&#8221;][et_pb_row column_structure=&#8221;1_4,1_4,1_4,1_4&#8243; _builder_version=&#8221;4.18.0&#8243; _module_preset=&#8221;default&#8221; global_colors_info=&#8221;{}&#8221;][et_pb_column type=&#8221;1_4&#8243; _builder_version=&#8221;4.18.0&#8243; _module_preset=&#8221;default&#8221; global_colors_info=&#8221;{}&#8221;][et_pb_image src=&#8221;https:\/\/www.prolam.com.br\/wp-content\/uploads\/2022\/12\/Group-1.png&#8221; title_text=&#8221;Group-1&#8243; align=&#8221;center&#8221; _builder_version=&#8221;4.18.0&#8243; _module_preset=&#8221;default&#8221; global_colors_info=&#8221;{}&#8221;][\/et_pb_image][et_pb_text _builder_version=&#8221;4.24.0&#8243; _module_preset=&#8221;default&#8221; global_colors_info=&#8221;{}&#8221;]<\/p>\n<p style=\"text-align: center;\"><span style=\"color: #ffffff; font-size: large;\"><strong>H\u00e1 mais de 25 anos como refer\u00eancia no mercado<\/strong><\/span><\/p>\n<p>[\/et_pb_text][\/et_pb_column][et_pb_column type=&#8221;1_4&#8243; _builder_version=&#8221;4.18.0&#8243; _module_preset=&#8221;default&#8221; global_colors_info=&#8221;{}&#8221;][et_pb_image src=&#8221;https:\/\/www.prolam.com.br\/wp-content\/uploads\/2022\/12\/Group-2.png&#8221; title_text=&#8221;Group-2&#8243; align=&#8221;center&#8221; _builder_version=&#8221;4.18.0&#8243; _module_preset=&#8221;default&#8221; global_colors_info=&#8221;{}&#8221;][\/et_pb_image][et_pb_text _builder_version=&#8221;4.18.0&#8243; _module_preset=&#8221;default&#8221; global_colors_info=&#8221;{}&#8221;]<\/p>\n<p style=\"text-align: center;\"><span style=\"color: #ffffff; font-size: large;\"><strong>L\u00edder no segmento<\/strong><\/span><\/p>\n<p>[\/et_pb_text][\/et_pb_column][et_pb_column type=&#8221;1_4&#8243; _builder_version=&#8221;4.18.0&#8243; _module_preset=&#8221;default&#8221; global_colors_info=&#8221;{}&#8221;][et_pb_image src=&#8221;https:\/\/www.prolam.com.br\/wp-content\/uploads\/2022\/12\/Group.png&#8221; title_text=&#8221;Group&#8221; align=&#8221;center&#8221; _builder_version=&#8221;4.18.0&#8243; _module_preset=&#8221;default&#8221; global_colors_info=&#8221;{}&#8221;][\/et_pb_image][et_pb_text _builder_version=&#8221;4.18.0&#8243; _module_preset=&#8221;default&#8221; global_colors_info=&#8221;{}&#8221;]<\/p>\n<p style=\"text-align: center;\"><span style=\"color: #ffffff; font-size: large;\"><strong>Mais completa linha de filmes para termolamina\u00e7\u00e3o<\/strong><\/span><\/p>\n<p>[\/et_pb_text][\/et_pb_column][et_pb_column type=&#8221;1_4&#8243; _builder_version=&#8221;4.18.0&#8243; _module_preset=&#8221;default&#8221; global_colors_info=&#8221;{}&#8221;][et_pb_image src=&#8221;https:\/\/www.prolam.com.br\/wp-content\/uploads\/2022\/12\/paper_rolls.png&#8221; title_text=&#8221;paper_rolls&#8221; align=&#8221;center&#8221; _builder_version=&#8221;4.18.0&#8243; _module_preset=&#8221;default&#8221; global_colors_info=&#8221;{}&#8221;][\/et_pb_image][et_pb_text _builder_version=&#8221;4.18.0&#8243; _module_preset=&#8221;default&#8221; global_colors_info=&#8221;{}&#8221;]<\/p>\n<p style=\"text-align: center;\"><span style=\"font-size: large; color: #ffffff;\"><strong>Qualidade padr\u00e3o internacional<\/strong><\/span><\/p>\n<p>[\/et_pb_text][\/et_pb_column][\/et_pb_row][\/et_pb_section]<\/p>\n","protected":false},"excerpt":{"rendered":"<p>Impress\u00e3o DigitalM\u00eddias Para Impress\u00f5es DigitalM\u00eddias Para Impress\u00e3o Digital \u00c9 uma pel\u00edcula mate especialmente elaborado para impress\u00f5es a laser. \u00c9 muito utilizado para produ\u00e7\u00e3o de fotolitos, grava\u00e7\u00e3o de telas, matrizes para serigrafia, plantas de engenharia, desenhos t\u00e9cnicos, desenhos com imagens e arte final.Laser Filme | Pro LaserO filme de poli\u00e9ster, tratado quimicamente, apresenta em sua superf\u00edcie [&hellip;]<\/p>\n","protected":false},"author":70,"featured_media":0,"parent":0,"menu_order":0,"comment_status":"closed","ping_status":"closed","template":"","meta":{"_acf_changed":false,"_et_pb_use_builder":"on","_et_pb_old_content":"","_et_gb_content_width":"","footnotes":""},"class_list":["post-5784","page","type-page","status-publish","hentry"],"acf":[],"yoast_head":"<!-- This site is optimized with the Yoast SEO plugin v26.9 - https:\/\/yoast.com\/product\/yoast-seo-wordpress\/ -->\n<title>Filmes Para Impress\u00e3o Digital - Prolam<\/title>\n<meta name=\"description\" content=\"O filme de poli\u00e9ster, tratado quimicamente, apresenta em sua superf\u00edcie uma camada mate com rugosidade e termo fixa\u00e7\u00e3o espec\u00edfica para receber a impress\u00e3o a laser com qualidade.\" \/>\n<meta name=\"robots\" content=\"index, follow, max-snippet:-1, max-image-preview:large, max-video-preview:-1\" \/>\n<link rel=\"canonical\" href=\"https:\/\/www.prolam.com.br\/pt\/filmes-para-impressao-digital\/\" \/>\n<meta property=\"og:locale\" content=\"pt_BR\" \/>\n<meta property=\"og:type\" content=\"article\" \/>\n<meta property=\"og:title\" content=\"Filmes Para Impress\u00e3o Digital - Prolam\" \/>\n<meta property=\"og:description\" content=\"O filme de poli\u00e9ster, tratado quimicamente, apresenta em sua superf\u00edcie uma camada mate com rugosidade e termo fixa\u00e7\u00e3o espec\u00edfica para receber a impress\u00e3o a laser com qualidade.\" \/>\n<meta property=\"og:url\" content=\"https:\/\/www.prolam.com.br\/pt\/filmes-para-impressao-digital\/\" \/>\n<meta property=\"og:site_name\" content=\"Prolam\" \/>\n<meta property=\"article:publisher\" content=\"https:\/\/www.facebook.com\/Bopptermolaminacao\" \/>\n<meta property=\"article:modified_time\" content=\"2024-12-23T20:49:52+00:00\" \/>\n<meta name=\"twitter:card\" content=\"summary_large_image\" \/>\n<meta name=\"twitter:site\" content=\"@prolam\" \/>\n<meta name=\"twitter:label1\" content=\"Est. tempo de leitura\" \/>\n\t<meta name=\"twitter:data1\" content=\"3 minutos\" \/>\n<script type=\"application\/ld+json\" class=\"yoast-schema-graph\">{\"@context\":\"https:\/\/schema.org\",\"@graph\":[{\"@type\":\"WebPage\",\"@id\":\"https:\/\/www.prolam.com.br\/filmes-para-impressao-digital\/\",\"url\":\"https:\/\/www.prolam.com.br\/filmes-para-impressao-digital\/\",\"name\":\"Filmes Para Impress\u00e3o Digital - Prolam\",\"isPartOf\":{\"@id\":\"https:\/\/www.prolam.com.br\/#website\"},\"datePublished\":\"2024-12-23T20:35:22+00:00\",\"dateModified\":\"2024-12-23T20:49:52+00:00\",\"description\":\"O filme de poli\u00e9ster, tratado quimicamente, apresenta em sua superf\u00edcie uma camada mate com rugosidade e termo fixa\u00e7\u00e3o espec\u00edfica para receber a impress\u00e3o a laser com qualidade.\",\"breadcrumb\":{\"@id\":\"https:\/\/www.prolam.com.br\/filmes-para-impressao-digital\/#breadcrumb\"},\"inLanguage\":\"pt-BR\",\"potentialAction\":[{\"@type\":\"ReadAction\",\"target\":[\"https:\/\/www.prolam.com.br\/filmes-para-impressao-digital\/\"]}]},{\"@type\":\"BreadcrumbList\",\"@id\":\"https:\/\/www.prolam.com.br\/filmes-para-impressao-digital\/#breadcrumb\",\"itemListElement\":[{\"@type\":\"ListItem\",\"position\":1,\"name\":\"In\u00edcio\",\"item\":\"https:\/\/www.prolam.com.br\/\"},{\"@type\":\"ListItem\",\"position\":2,\"name\":\"Filmes Para Impress\u00e3o Digital\"}]},{\"@type\":\"WebSite\",\"@id\":\"https:\/\/www.prolam.com.br\/#website\",\"url\":\"https:\/\/www.prolam.com.br\/\",\"name\":\"Prolam\",\"description\":\"Filmes para Termolamina\u00e7\u00e3o e Plastifica\u00e7\u00e3o Gr\u00e1fica\",\"publisher\":{\"@id\":\"https:\/\/www.prolam.com.br\/#organization\"},\"potentialAction\":[{\"@type\":\"SearchAction\",\"target\":{\"@type\":\"EntryPoint\",\"urlTemplate\":\"https:\/\/www.prolam.com.br\/?s={search_term_string}\"},\"query-input\":{\"@type\":\"PropertyValueSpecification\",\"valueRequired\":true,\"valueName\":\"search_term_string\"}}],\"inLanguage\":\"pt-BR\"},{\"@type\":\"Organization\",\"@id\":\"https:\/\/www.prolam.com.br\/#organization\",\"name\":\"Prolam\",\"url\":\"https:\/\/www.prolam.com.br\/\",\"logo\":{\"@type\":\"ImageObject\",\"inLanguage\":\"pt-BR\",\"@id\":\"https:\/\/www.prolam.com.br\/#\/schema\/logo\/image\/\",\"url\":\"https:\/\/www.prolam.com.br\/wp-content\/uploads\/2023\/12\/Logos-Prolam-e-Prousiesp-Circulo-01.jpg\",\"contentUrl\":\"https:\/\/www.prolam.com.br\/wp-content\/uploads\/2023\/12\/Logos-Prolam-e-Prousiesp-Circulo-01.jpg\",\"width\":1181,\"height\":1181,\"caption\":\"Prolam\"},\"image\":{\"@id\":\"https:\/\/www.prolam.com.br\/#\/schema\/logo\/image\/\"},\"sameAs\":[\"https:\/\/www.facebook.com\/Bopptermolaminacao\",\"https:\/\/x.com\/prolam\"]}]}<\/script>\n<!-- \/ Yoast SEO plugin. -->","yoast_head_json":{"title":"Filmes Para Impress\u00e3o Digital - Prolam","description":"O filme de poli\u00e9ster, tratado quimicamente, apresenta em sua superf\u00edcie uma camada mate com rugosidade e termo fixa\u00e7\u00e3o espec\u00edfica para receber a impress\u00e3o a laser com qualidade.","robots":{"index":"index","follow":"follow","max-snippet":"max-snippet:-1","max-image-preview":"max-image-preview:large","max-video-preview":"max-video-preview:-1"},"canonical":"https:\/\/www.prolam.com.br\/pt\/filmes-para-impressao-digital\/","og_locale":"pt_BR","og_type":"article","og_title":"Filmes Para Impress\u00e3o Digital - Prolam","og_description":"O filme de poli\u00e9ster, tratado quimicamente, apresenta em sua superf\u00edcie uma camada mate com rugosidade e termo fixa\u00e7\u00e3o espec\u00edfica para receber a impress\u00e3o a laser com qualidade.","og_url":"https:\/\/www.prolam.com.br\/pt\/filmes-para-impressao-digital\/","og_site_name":"Prolam","article_publisher":"https:\/\/www.facebook.com\/Bopptermolaminacao","article_modified_time":"2024-12-23T20:49:52+00:00","twitter_card":"summary_large_image","twitter_site":"@prolam","twitter_misc":{"Est. tempo de leitura":"3 minutos"},"schema":{"@context":"https:\/\/schema.org","@graph":[{"@type":"WebPage","@id":"https:\/\/www.prolam.com.br\/filmes-para-impressao-digital\/","url":"https:\/\/www.prolam.com.br\/filmes-para-impressao-digital\/","name":"Filmes Para Impress\u00e3o Digital - Prolam","isPartOf":{"@id":"https:\/\/www.prolam.com.br\/#website"},"datePublished":"2024-12-23T20:35:22+00:00","dateModified":"2024-12-23T20:49:52+00:00","description":"O filme de poli\u00e9ster, tratado quimicamente, apresenta em sua superf\u00edcie uma camada mate com rugosidade e termo fixa\u00e7\u00e3o espec\u00edfica para receber a impress\u00e3o a laser com qualidade.","breadcrumb":{"@id":"https:\/\/www.prolam.com.br\/filmes-para-impressao-digital\/#breadcrumb"},"inLanguage":"pt-BR","potentialAction":[{"@type":"ReadAction","target":["https:\/\/www.prolam.com.br\/filmes-para-impressao-digital\/"]}]},{"@type":"BreadcrumbList","@id":"https:\/\/www.prolam.com.br\/filmes-para-impressao-digital\/#breadcrumb","itemListElement":[{"@type":"ListItem","position":1,"name":"In\u00edcio","item":"https:\/\/www.prolam.com.br\/"},{"@type":"ListItem","position":2,"name":"Filmes Para Impress\u00e3o Digital"}]},{"@type":"WebSite","@id":"https:\/\/www.prolam.com.br\/#website","url":"https:\/\/www.prolam.com.br\/","name":"Prolam","description":"Filmes para Termolamina\u00e7\u00e3o e Plastifica\u00e7\u00e3o Gr\u00e1fica","publisher":{"@id":"https:\/\/www.prolam.com.br\/#organization"},"potentialAction":[{"@type":"SearchAction","target":{"@type":"EntryPoint","urlTemplate":"https:\/\/www.prolam.com.br\/?s={search_term_string}"},"query-input":{"@type":"PropertyValueSpecification","valueRequired":true,"valueName":"search_term_string"}}],"inLanguage":"pt-BR"},{"@type":"Organization","@id":"https:\/\/www.prolam.com.br\/#organization","name":"Prolam","url":"https:\/\/www.prolam.com.br\/","logo":{"@type":"ImageObject","inLanguage":"pt-BR","@id":"https:\/\/www.prolam.com.br\/#\/schema\/logo\/image\/","url":"https:\/\/www.prolam.com.br\/wp-content\/uploads\/2023\/12\/Logos-Prolam-e-Prousiesp-Circulo-01.jpg","contentUrl":"https:\/\/www.prolam.com.br\/wp-content\/uploads\/2023\/12\/Logos-Prolam-e-Prousiesp-Circulo-01.jpg","width":1181,"height":1181,"caption":"Prolam"},"image":{"@id":"https:\/\/www.prolam.com.br\/#\/schema\/logo\/image\/"},"sameAs":["https:\/\/www.facebook.com\/Bopptermolaminacao","https:\/\/x.com\/prolam"]}]}},"_links":{"self":[{"href":"https:\/\/www.prolam.com.br\/pt\/wp-json\/wp\/v2\/pages\/5784","targetHints":{"allow":["GET"]}}],"collection":[{"href":"https:\/\/www.prolam.com.br\/pt\/wp-json\/wp\/v2\/pages"}],"about":[{"href":"https:\/\/www.prolam.com.br\/pt\/wp-json\/wp\/v2\/types\/page"}],"author":[{"embeddable":true,"href":"https:\/\/www.prolam.com.br\/pt\/wp-json\/wp\/v2\/users\/70"}],"replies":[{"embeddable":true,"href":"https:\/\/www.prolam.com.br\/pt\/wp-json\/wp\/v2\/comments?post=5784"}],"version-history":[{"count":0,"href":"https:\/\/www.prolam.com.br\/pt\/wp-json\/wp\/v2\/pages\/5784\/revisions"}],"wp:attachment":[{"href":"https:\/\/www.prolam.com.br\/pt\/wp-json\/wp\/v2\/media?parent=5784"}],"curies":[{"name":"wp","href":"https:\/\/api.w.org\/{rel}","templated":true}]}}