{"id":542,"date":"2020-11-26T13:56:42","date_gmt":"2020-11-26T18:56:42","guid":{"rendered":"https:\/\/www2.prolam.com.br\/?page_id=542"},"modified":"2020-12-21T12:37:19","modified_gmt":"2020-12-21T15:37:19","slug":"filmes-para-termolaminacao-pet-super-brilho","status":"publish","type":"page","link":"https:\/\/www.prolam.com.br\/pt\/filmes-para-termolaminacao-pet-super-brilho\/","title":{"rendered":"Filmes para Termolamina\u00e7\u00e3o PET Super Brilho"},"content":{"rendered":"<p>[et_pb_section fb_built=&#8221;1&#8243; admin_label=&#8221;Service Section&#8221; _builder_version=&#8221;4.4.0&#8243; background_color=&#8221;rgba(0,0,0,0)&#8221; min_height=&#8221;100px&#8221; custom_margin=&#8221;|||&#8221; custom_padding=&#8221;0px||0px||false|false&#8221;][et_pb_row _builder_version=&#8221;4.4.0&#8243; background_color=&#8221;#3a2d62&#8243; width=&#8221;100%&#8221; max_width=&#8221;1363px&#8221; custom_padding=&#8221;||5px|||&#8221;][et_pb_column type=&#8221;4_4&#8243; _builder_version=&#8221;4.4.0&#8243;][et_pb_text _builder_version=&#8221;4.4.0&#8243; header_2_font=&#8221;Poppins|600|||||||&#8221; header_2_text_align=&#8221;center&#8221; header_2_text_color=&#8221;#ffffff&#8221; header_2_font_size=&#8221;35px&#8221; min_height=&#8221;42px&#8221; custom_margin=&#8221;-18px|||||&#8221; custom_padding=&#8221;5px|||||&#8221;]<\/p>\n<h2 class=\"text-center\">Filmes para Termolamina\u00e7\u00e3o &#8211; IMPRESS\u00c3O OFFSET<\/h2>\n<p>[\/et_pb_text][\/et_pb_column][\/et_pb_row][\/et_pb_section][et_pb_section fb_built=&#8221;1&#8243; admin_label=&#8221;Service Section&#8221; _builder_version=&#8221;4.4.0&#8243; background_color=&#8221;rgba(0,0,0,0)&#8221; min_height=&#8221;1194px&#8221; custom_margin=&#8221;|||&#8221; custom_padding=&#8221;5px||20px|||&#8221;][et_pb_row column_structure=&#8221;1_3,2_3&#8243; _builder_version=&#8221;4.4.0&#8243; custom_margin=&#8221;|auto||134px||&#8221; custom_padding=&#8221;0px||27px||false|false&#8221;][et_pb_column type=&#8221;1_3&#8243; _builder_version=&#8221;4.4.0&#8243; custom_padding=&#8221;20px|15px|21px|15px|false|false&#8221; border_width_all=&#8221;1px&#8221;][et_pb_text _builder_version=&#8221;4.4.0&#8243; header_2_font=&#8221;Poppins|700|||||||&#8221; header_2_font_size=&#8221;24px&#8221; header_2_line_height=&#8221;1.2em&#8221; border_width_bottom=&#8221;1px&#8221;]<\/p>\n<h2>Filmes PROLAM para Termolamina\u00e7\u00e3o<br \/> Offset<\/h2>\n<h2><\/h2>\n<h2><\/h2>\n<h2>BOPP PROLAM<\/h2>\n<p>[\/et_pb_text][et_pb_text _builder_version=&#8221;4.7.4&#8243; header_2_font=&#8221;Poppins|700|||||||&#8221; header_2_font_size=&#8221;24px&#8221; header_3_font=&#8221;Poppins||||||||&#8221; header_3_font_size=&#8221;18px&#8221; custom_padding=&#8221;||13px||false|false&#8221; hover_enabled=&#8221;0&#8243; border_width_bottom=&#8221;1px&#8221; sticky_enabled=&#8221;0&#8243;]<\/p>\n<h3><a href=\"\/filmes-para-termolaminacao-offset-bopp-fosco\/\">BOPP Fosco<\/a><\/h3>\n<p>[\/et_pb_text][et_pb_text _builder_version=&#8221;4.7.4&#8243; header_2_font=&#8221;Poppins|700|||||||&#8221; header_2_font_size=&#8221;24px&#8221; header_3_font=&#8221;Poppins||||||||&#8221; header_3_font_size=&#8221;18px&#8221; custom_padding=&#8221;||13px||false|false&#8221; hover_enabled=&#8221;0&#8243; border_width_bottom=&#8221;1px&#8221; sticky_enabled=&#8221;0&#8243;]<\/p>\n<h3><a href=\"\/filmes-para-termolaminacao-offset-bopp-alto-brilho\/\">BOPP Alto Brilho<\/a><\/h3>\n<p>[\/et_pb_text][et_pb_text _builder_version=&#8221;4.7.4&#8243; header_2_font=&#8221;Poppins|700|||||||&#8221; header_2_font_size=&#8221;24px&#8221; header_3_font=&#8221;Poppins||||||||&#8221; header_3_font_size=&#8221;18px&#8221; custom_padding=&#8221;||13px||false|false&#8221; hover_enabled=&#8221;0&#8243; border_width_bottom=&#8221;1px&#8221; sticky_enabled=&#8221;0&#8243;]<\/p>\n<h3><a href=\"\/filmes-para-termolaminacao-offset-bop-soft-touch\/\">BOPP Soft Touch<\/a><\/h3>\n<p>[\/et_pb_text][et_pb_text _builder_version=&#8221;4.7.4&#8243; header_2_font=&#8221;Poppins|700|||||||&#8221; header_2_font_size=&#8221;24px&#8221; header_3_font=&#8221;Poppins||||||||&#8221; header_3_font_size=&#8221;18px&#8221; custom_padding=&#8221;||13px||false|false&#8221; hover_enabled=&#8221;0&#8243; border_width_bottom=&#8221;1px&#8221; sticky_enabled=&#8221;0&#8243;]<\/p>\n<h3><a href=\"\/filmes-para-termolaminacao-offset-bopp-scuff-free\/\">BOPP Scuff Free<\/a><\/h3>\n<p>[\/et_pb_text][et_pb_text _builder_version=&#8221;4.7.4&#8243; header_2_font=&#8221;Poppins|700|||||||&#8221; header_2_font_size=&#8221;24px&#8221; header_3_font=&#8221;Poppins||||||||&#8221; header_3_font_size=&#8221;18px&#8221; custom_padding=&#8221;||13px||false|false&#8221; hover_enabled=&#8221;0&#8243; border_width_bottom=&#8221;1px&#8221; sticky_enabled=&#8221;0&#8243;]<\/p>\n<h3><a href=\"\/filmes-para-termolaminacao-offset-bopp-s-fosco\/\">BOPP S Fosco<\/a><\/h3>\n<p>[\/et_pb_text][et_pb_text _builder_version=&#8221;4.7.4&#8243; header_2_font=&#8221;Poppins|700|||||||&#8221; header_2_font_size=&#8221;24px&#8221; header_3_font=&#8221;Poppins||||||||&#8221; header_3_font_size=&#8221;18px&#8221; custom_padding=&#8221;||13px||false|false&#8221; hover_enabled=&#8221;0&#8243; border_width_bottom=&#8221;1px&#8221; sticky_enabled=&#8221;0&#8243;]<\/p>\n<h3><a href=\"\/filmes-para-termolaminacao-offset-bopp-s-brilho\/\">BOPP S Brilho<\/a><\/h3>\n<p>[\/et_pb_text][et_pb_text _builder_version=&#8221;4.7.4&#8243; header_2_font=&#8221;Poppins|700|||||||&#8221; header_2_font_size=&#8221;24px&#8221; header_3_font=&#8221;Poppins||||||||&#8221; header_3_font_size=&#8221;18px&#8221; custom_padding=&#8221;||13px||false|false&#8221; hover_enabled=&#8221;0&#8243; border_width_bottom=&#8221;1px&#8221; sticky_enabled=&#8221;0&#8243;]<\/p>\n<h3><a href=\"\/filmes-para-termolaminacao-bopp-3d-holografico\/\">BOPP 3D Hologr\u00e1fico<\/a><\/h3>\n<p>[\/et_pb_text][et_pb_text _builder_version=&#8221;4.7.4&#8243; header_2_font=&#8221;Poppins|700|||||||&#8221; header_2_font_size=&#8221;24px&#8221; header_3_font=&#8221;Poppins||||||||&#8221; header_3_font_size=&#8221;18px&#8221; custom_padding=&#8221;||13px||false|false&#8221; hover_enabled=&#8221;0&#8243; border_width_bottom=&#8221;1px&#8221; sticky_enabled=&#8221;0&#8243;]<\/p>\n<h3><a href=\"\/filmes-para-termolaminacao-offset-bopp-hi-tac\/\">BOPP Hi Tac<\/a><\/h3>\n<p>[\/et_pb_text][et_pb_text _builder_version=&#8221;4.4.0&#8243; header_2_font=&#8221;Poppins|700|||||||&#8221; header_2_font_size=&#8221;24px&#8221; header_3_font=&#8221;Poppins||||||||&#8221; header_3_font_size=&#8221;18px&#8221; custom_padding=&#8221;||13px||false|false&#8221; border_width_bottom=&#8221;1px&#8221;]<\/p>\n<h3><strong><\/strong><\/h3>\n<h3><strong><\/strong><\/h3>\n<h3><strong><\/strong><\/h3>\n<h3><strong>PET PROLAM<\/strong><\/h3>\n<p>[\/et_pb_text][et_pb_text _builder_version=&#8221;4.7.4&#8243; header_2_font=&#8221;Poppins|700|||||||&#8221; header_2_font_size=&#8221;24px&#8221; header_3_font=&#8221;Poppins||||||||&#8221; header_3_font_size=&#8221;18px&#8221; custom_padding=&#8221;||13px||false|false&#8221; hover_enabled=&#8221;0&#8243; border_width_bottom=&#8221;1px&#8221; sticky_enabled=&#8221;0&#8243;]<\/p>\n<h3><a href=\"\/filmes-para-termolaminacao-offset-pet-prata\/\">PET Prata<\/a><\/h3>\n<p>[\/et_pb_text][et_pb_text _builder_version=&#8221;4.7.4&#8243; header_2_font=&#8221;Poppins|700|||||||&#8221; header_2_font_size=&#8221;24px&#8221; header_3_font=&#8221;Poppins||||||||&#8221; header_3_font_size=&#8221;18px&#8221; custom_padding=&#8221;||13px||false|false&#8221; hover_enabled=&#8221;0&#8243; border_width_bottom=&#8221;1px&#8221; sticky_enabled=&#8221;0&#8243;]<\/p>\n<h3><a href=\"\/filmes-para-termolaminacao-pet-ouro\/\">PET Ouro<\/a><\/h3>\n<p>[\/et_pb_text][et_pb_text _builder_version=&#8221;4.7.4&#8243; header_2_font=&#8221;Poppins|700|||||||&#8221; header_2_font_size=&#8221;24px&#8221; header_3_font=&#8221;Poppins||||||||&#8221; header_3_font_size=&#8221;18px&#8221; custom_margin=&#8221;||-15px|||&#8221; custom_padding=&#8221;||13px||false|false&#8221; border_width_all=&#8221;-1px&#8221; border_width_bottom=&#8221;1px&#8221;]<\/p>\n<h3><a href=\"#\">PET Super Brilho<\/a><\/h3>\n<p>[\/et_pb_text][\/et_pb_column][et_pb_column type=&#8221;2_3&#8243; _builder_version=&#8221;4.4.0&#8243;][et_pb_text _builder_version=&#8221;4.4.0&#8243; text_font=&#8221;Poppins||||||||&#8221; text_font_size=&#8221;17px&#8221; header_2_font=&#8221;Poppins||||||||&#8221; header_2_text_align=&#8221;left&#8221; header_2_font_size=&#8221;35px&#8221; header_2_line_height=&#8221;1.2em&#8221; header_3_font=&#8221;Poppins|700||on|||||&#8221; header_3_text_align=&#8221;center&#8221; header_3_line_height=&#8221;2.4em&#8221; custom_margin=&#8221;||0px|||&#8221; custom_padding=&#8221;0px||6px||false|false&#8221;]<\/p>\n<h1>PET Super Brilho\u00ae<\/h1>\n<p>[\/et_pb_text][et_pb_image src=&#8221;https:\/\/www.prolam.com.br\/wp-content\/uploads\/2020\/11\/prolam-produto-bopp-pet-super-brilho.png&#8221; _builder_version=&#8221;4.7.4&#8243; hover_enabled=&#8221;0&#8243; title_text=&#8221;prolam-produto-bopp-pet-super-brilho&#8221; sticky_enabled=&#8221;0&#8243;][\/et_pb_image][et_pb_text _builder_version=&#8221;4.4.0&#8243; text_font=&#8221;Poppins||||||||&#8221; text_font_size=&#8221;16px&#8221; text_orientation=&#8221;justified&#8221; custom_margin=&#8221;||57px|||&#8221;]<\/p>\n<p><span>O filme de Poli\u00e9ster Super Brilho eleva o destaque das cores, tem um brilho muito intenso e tamb\u00e9m oferece maior resist\u00eancia a riscos se comparado ao BOPP alto brilho, aumentando assim a vida \u00fatil e o destaque do seu produto impresso.<\/span><\/p>\n<p>[\/et_pb_text][et_pb_text _builder_version=&#8221;4.4.0&#8243; header_font=&#8221;Poppins|700|||||||&#8221; header_font_size=&#8221;25px&#8221; header_3_font=&#8221;Poppins|700|||||||&#8221; header_3_font_size=&#8221;35px&#8221;]<\/p>\n<h3 class=\"mt-5 mb-3 titulo-aplicacoes-produto\">Algumas aplica\u00e7\u00f5es<\/h3>\n<p>[\/et_pb_text][et_pb_image src=&#8221;https:\/\/www.prolam.com.br\/wp-content\/uploads\/2020\/11\/prolam-PET-SB2M-Brilhante-aplicacoes.png&#8221; _builder_version=&#8221;4.7.4&#8243; custom_margin=&#8221;-47px|||||&#8221; custom_padding=&#8221;4px||0px|||&#8221; hover_enabled=&#8221;0&#8243; title_text=&#8221;prolam-PET SB2M Brilhante-aplicacoes&#8221; sticky_enabled=&#8221;0&#8243;][\/et_pb_image][et_pb_text _builder_version=&#8221;4.4.0&#8243; text_font=&#8221;Poppins||||||||&#8221; text_font_size=&#8221;16px&#8221; custom_margin=&#8221;||38px|||&#8221;]<\/p>\n<p class=\"mt-5 mb-3 titulo-aplicacoes-produto\"><span>Card\u00e1pio, jogo americano, photobooks, cartaz reutiliz\u00e1vel, banner, cart\u00e3o fidelidade, material de PDV, cart\u00e3o de identifica\u00e7\u00e3o<\/span><\/p>\n<p>[\/et_pb_text][et_pb_button button_url=&#8221;https:\/\/info.prolam.com.br\/fale-com&#8221; url_new_window=&#8221;on&#8221; button_text=&#8221;Solicitar Or\u00e7amento&#8221; _builder_version=&#8221;4.4.0&#8243; custom_button=&#8221;on&#8221; button_text_size=&#8221;17px&#8221; button_text_color=&#8221;#7cda24&#8243; button_bg_color=&#8221;#3a2d62&#8243; button_border_color=&#8221;rgba(0,0,0,0)&#8221; button_border_radius=&#8221;50px&#8221; button_font=&#8221;Poppins|||on|||||&#8221;][\/et_pb_button][\/et_pb_column][\/et_pb_row][\/et_pb_section][et_pb_section fb_built=&#8221;1&#8243; _builder_version=&#8221;4.4.0&#8243; background_color=&#8221;#f4f4f4&#8243; custom_margin=&#8221;37px|||||&#8221; custom_padding=&#8221;2px||3px|||&#8221;][et_pb_row column_structure=&#8221;1_3,1_3,1_3&#8243; _builder_version=&#8221;4.4.0&#8243; width=&#8221;70%&#8221; custom_padding=&#8221;||0px|||&#8221;][et_pb_column type=&#8221;1_3&#8243; _builder_version=&#8221;4.4.0&#8243;][et_pb_image src=&#8221;https:\/\/www.prolam.com.br\/wp-content\/uploads\/2020\/11\/catalogo.png&#8221; _builder_version=&#8221;4.7.4&#8243; hover_enabled=&#8221;0&#8243; title_text=&#8221;catalogo&#8221; sticky_enabled=&#8221;0&#8243;][\/et_pb_image][\/et_pb_column][et_pb_column type=&#8221;1_3&#8243; _builder_version=&#8221;4.4.0&#8243;][et_pb_text _builder_version=&#8221;4.4.0&#8243; header_2_font=&#8221;Poppins|700|||||||&#8221; custom_padding=&#8221;36px|||24px||&#8221;]<\/p>\n<h2><span>BAIXE NOSSO CAT\u00c1LOGO<\/span><br \/><span>DE PRODUTOS<\/span><\/h2>\n<p>[\/et_pb_text][\/et_pb_column][et_pb_column type=&#8221;1_3&#8243; _builder_version=&#8221;4.4.0&#8243;][et_pb_button button_url=&#8221;https:\/\/info.prolam.com.br\/catalogo-web&#8221; button_text=&#8221;Baixar&#8221; _builder_version=&#8221;4.7.4&#8243; custom_button=&#8221;on&#8221; button_text_size=&#8221;17px&#8221; button_text_color=&#8221;#3a2d62&#8243; button_border_color=&#8221;#3a2d62&#8243; button_border_radius=&#8221;50px&#8221; button_font=&#8221;Poppins|700||on|||||&#8221; custom_margin=&#8221;45px|||-58px||&#8221;][\/et_pb_button][\/et_pb_column][\/et_pb_row][\/et_pb_section][et_pb_section fb_built=&#8221;1&#8243; admin_label=&#8221;Contact Form Section&#8221; module_id=&#8221;contato&#8221; _builder_version=&#8221;4.4.0&#8243; background_enable_color=&#8221;off&#8221; custom_padding=&#8221;32px||5px|||&#8221; animation_style=&#8221;zoom&#8221; animation_direction=&#8221;bottom&#8221; animation_intensity_zoom=&#8221;10%&#8221; saved_tabs=&#8221;all&#8221;][et_pb_row admin_label=&#8221;Service Section Title&#8221; _builder_version=&#8221;3.25&#8243; custom_margin=&#8221;||40px|&#8221; animation_style=&#8221;fade&#8221; animation_direction=&#8221;top&#8221; locked=&#8221;off&#8221;][et_pb_column type=&#8221;4_4&#8243; _builder_version=&#8221;3.25&#8243; custom_padding=&#8221;|||&#8221; custom_padding__hover=&#8221;|||&#8221;][et_pb_text admin_label=&#8221;Title&#8221; _builder_version=&#8221;4.4.0&#8243; text_font=&#8221;Montserrat||||||||&#8221; text_text_color=&#8221;#747d88&#8243; text_font_size=&#8221;16px&#8221; text_line_height=&#8221;1.9em&#8221; header_font=&#8221;||||||||&#8221; header_2_font=&#8221;Poppins|700|||||||&#8221; header_2_font_size=&#8221;42px&#8221; header_2_line_height=&#8221;1.3em&#8221; background_size=&#8221;initial&#8221; background_position=&#8221;top_left&#8221; background_repeat=&#8221;repeat&#8221; text_orientation=&#8221;center&#8221; max_width=&#8221;700px&#8221; module_alignment=&#8221;center&#8221; animation_style=&#8221;slide&#8221; animation_direction=&#8221;bottom&#8221; animation_intensity_slide=&#8221;4%&#8221;]<\/p>\n<h2>Contato<\/h2>\n<p>[\/et_pb_text][\/et_pb_column][\/et_pb_row][et_pb_row column_structure=&#8221;1_2,1_2&#8243; admin_label=&#8221;Contact Form&#8221; _builder_version=&#8221;3.25&#8243; animation_style=&#8221;fade&#8221;][et_pb_column type=&#8221;1_2&#8243; _builder_version=&#8221;3.25&#8243; custom_padding=&#8221;|||&#8221; custom_padding__hover=&#8221;|||&#8221;][et_pb_code _builder_version=&#8221;4.7.4&#8243; _module_preset=&#8221;default&#8221;]<\/p>\n<div role=\"main\" id=\"scmd-novo-formulario-site-fundo-branco-a496abd1787031b317d1\"><\/div>\n<p><!-- [et_pb_line_break_holder] --><script type=\"text\/javascript\" src=\"https:\/\/d335luupugsy2.cloudfront.net\/js\/rdstation-forms\/stable\/rdstation-forms.min.js\"><\/script><!-- [et_pb_line_break_holder] --><script type=\"text\/javascript\"> new RDStationForms('scmd-novo-formulario-site-fundo-branco-a496abd1787031b317d1', 'UA-7395820-1').createForm();<\/script>[\/et_pb_code][\/et_pb_column][et_pb_column type=&#8221;1_2&#8243; _builder_version=&#8221;3.25&#8243; custom_padding=&#8221;|||&#8221; custom_padding__hover=&#8221;|||&#8221;][et_pb_text _builder_version=&#8221;4.4.0&#8243; text_font=&#8221;Poppins||||||||&#8221; text_font_size=&#8221;16px&#8221; header_3_font=&#8221;Poppins||||||||&#8221;]<\/p>\n<h3><span>Sede<\/span><\/h3>\n<p><span>Rua do Curtume, 738, Lapa de Baixo, S\u00e3o Paulo &#8211; SP, CEP 05065-001<\/span><\/p>\n<p>[\/et_pb_text][et_pb_text _builder_version=&#8221;4.4.0&#8243; text_font=&#8221;Poppins||||||||&#8221; text_font_size=&#8221;16px&#8221; header_3_font=&#8221;Poppins||||||||&#8221;]<\/p>\n<h3><span>Telefone:<\/span><\/h3>\n<p><span>+55 (11) 3616-3404<\/span><\/p>\n<p>[\/et_pb_text][et_pb_text _builder_version=&#8221;4.4.0&#8243; text_font=&#8221;Poppins||||||||&#8221; text_font_size=&#8221;16px&#8221; header_3_font=&#8221;Poppins||||||||&#8221;]<\/p>\n<h3><span>E-mail<\/span><\/h3>\n<p><span>vendas@prolam.com.br<\/span><br \/> <span>mkt@prolam.com.br<\/span><\/p>\n<p>[\/et_pb_text][et_pb_text _builder_version=&#8221;4.4.0&#8243; text_font=&#8221;Poppins||||||||&#8221; text_font_size=&#8221;16px&#8221; header_3_font=&#8221;Poppins||||||||&#8221;]<\/p>\n<h3><span>Filial<\/span><\/h3>\n<h4>Belo Horizonte &#8211; MG<\/h4>\n<p>Telefone: +55 (31) 2551-5059<br \/> E-mail: filial.mg@prolam.com.br<\/p>\n<p>[\/et_pb_text][\/et_pb_column][\/et_pb_row][\/et_pb_section]<\/p>\n","protected":false},"excerpt":{"rendered":"<p>Filmes para Termolamina\u00e7\u00e3o &#8211; IMPRESS\u00c3O OFFSETFilmes PROLAM para Termolamina\u00e7\u00e3o Offset BOPP PROLAMBOPP FoscoBOPP Alto BrilhoBOPP Soft TouchBOPP Scuff FreeBOPP S FoscoBOPP S BrilhoBOPP 3D Hologr\u00e1ficoBOPP Hi Tac PET PROLAMPET PrataPET OuroPET Super BrilhoPET Super Brilho\u00aeO filme de Poli\u00e9ster Super Brilho eleva o destaque das cores, tem um brilho muito intenso e tamb\u00e9m oferece maior resist\u00eancia [&hellip;]<\/p>\n","protected":false},"author":560,"featured_media":0,"parent":0,"menu_order":0,"comment_status":"closed","ping_status":"closed","template":"","meta":{"_acf_changed":false,"_et_pb_use_builder":"on","_et_pb_old_content":"","_et_gb_content_width":"","footnotes":""},"class_list":["post-542","page","type-page","status-publish","hentry"],"acf":[],"yoast_head":"<!-- This site is optimized with the Yoast SEO plugin v26.9 - https:\/\/yoast.com\/product\/yoast-seo-wordpress\/ -->\n<title>Filmes para Termolamina\u00e7\u00e3o PET Super Brilho - Prolam<\/title>\n<meta name=\"robots\" content=\"index, follow, max-snippet:-1, max-image-preview:large, max-video-preview:-1\" \/>\n<link rel=\"canonical\" href=\"https:\/\/www.prolam.com.br\/pt\/filmes-para-termolaminacao-pet-super-brilho\/\" \/>\n<meta property=\"og:locale\" content=\"pt_BR\" \/>\n<meta property=\"og:type\" content=\"article\" \/>\n<meta property=\"og:title\" content=\"Filmes para Termolamina\u00e7\u00e3o PET Super Brilho - Prolam\" \/>\n<meta property=\"og:description\" content=\"Filmes para Termolamina\u00e7\u00e3o - IMPRESS\u00c3O OFFSETFilmes PROLAM para Termolamina\u00e7\u00e3o Offset BOPP PROLAMBOPP FoscoBOPP Alto BrilhoBOPP Soft TouchBOPP Scuff FreeBOPP S FoscoBOPP S BrilhoBOPP 3D Hologr\u00e1ficoBOPP Hi Tac PET PROLAMPET PrataPET OuroPET Super BrilhoPET Super Brilho\u00aeO filme de Poli\u00e9ster Super Brilho eleva o destaque das cores, tem um brilho muito intenso e tamb\u00e9m oferece maior resist\u00eancia [&hellip;]\" \/>\n<meta property=\"og:url\" content=\"https:\/\/www.prolam.com.br\/pt\/filmes-para-termolaminacao-pet-super-brilho\/\" \/>\n<meta property=\"og:site_name\" content=\"Prolam\" \/>\n<meta property=\"article:publisher\" content=\"https:\/\/www.facebook.com\/Bopptermolaminacao\" \/>\n<meta property=\"article:modified_time\" content=\"2020-12-21T15:37:19+00:00\" \/>\n<meta name=\"twitter:card\" content=\"summary_large_image\" \/>\n<meta name=\"twitter:site\" content=\"@prolam\" \/>\n<meta name=\"twitter:label1\" content=\"Est. tempo de leitura\" \/>\n\t<meta name=\"twitter:data1\" content=\"7 minutos\" \/>\n<script type=\"application\/ld+json\" class=\"yoast-schema-graph\">{\"@context\":\"https:\/\/schema.org\",\"@graph\":[{\"@type\":\"WebPage\",\"@id\":\"https:\/\/www.prolam.com.br\/pt\/filmes-para-termolaminacao-pet-super-brilho\/\",\"url\":\"https:\/\/www.prolam.com.br\/pt\/filmes-para-termolaminacao-pet-super-brilho\/\",\"name\":\"Filmes para Termolamina\u00e7\u00e3o PET Super Brilho - Prolam\",\"isPartOf\":{\"@id\":\"https:\/\/www.prolam.com.br\/#website\"},\"datePublished\":\"2020-11-26T18:56:42+00:00\",\"dateModified\":\"2020-12-21T15:37:19+00:00\",\"breadcrumb\":{\"@id\":\"https:\/\/www.prolam.com.br\/pt\/filmes-para-termolaminacao-pet-super-brilho\/#breadcrumb\"},\"inLanguage\":\"pt-BR\",\"potentialAction\":[{\"@type\":\"ReadAction\",\"target\":[\"https:\/\/www.prolam.com.br\/pt\/filmes-para-termolaminacao-pet-super-brilho\/\"]}]},{\"@type\":\"BreadcrumbList\",\"@id\":\"https:\/\/www.prolam.com.br\/pt\/filmes-para-termolaminacao-pet-super-brilho\/#breadcrumb\",\"itemListElement\":[{\"@type\":\"ListItem\",\"position\":1,\"name\":\"In\u00edcio\",\"item\":\"https:\/\/www.prolam.com.br\/\"},{\"@type\":\"ListItem\",\"position\":2,\"name\":\"Filmes para Termolamina\u00e7\u00e3o PET Super Brilho\"}]},{\"@type\":\"WebSite\",\"@id\":\"https:\/\/www.prolam.com.br\/#website\",\"url\":\"https:\/\/www.prolam.com.br\/\",\"name\":\"Prolam\",\"description\":\"Filmes para Termolamina\u00e7\u00e3o e Plastifica\u00e7\u00e3o Gr\u00e1fica\",\"publisher\":{\"@id\":\"https:\/\/www.prolam.com.br\/#organization\"},\"potentialAction\":[{\"@type\":\"SearchAction\",\"target\":{\"@type\":\"EntryPoint\",\"urlTemplate\":\"https:\/\/www.prolam.com.br\/?s={search_term_string}\"},\"query-input\":{\"@type\":\"PropertyValueSpecification\",\"valueRequired\":true,\"valueName\":\"search_term_string\"}}],\"inLanguage\":\"pt-BR\"},{\"@type\":\"Organization\",\"@id\":\"https:\/\/www.prolam.com.br\/#organization\",\"name\":\"Prolam\",\"url\":\"https:\/\/www.prolam.com.br\/\",\"logo\":{\"@type\":\"ImageObject\",\"inLanguage\":\"pt-BR\",\"@id\":\"https:\/\/www.prolam.com.br\/#\/schema\/logo\/image\/\",\"url\":\"https:\/\/www.prolam.com.br\/wp-content\/uploads\/2023\/12\/Logos-Prolam-e-Prousiesp-Circulo-01.jpg\",\"contentUrl\":\"https:\/\/www.prolam.com.br\/wp-content\/uploads\/2023\/12\/Logos-Prolam-e-Prousiesp-Circulo-01.jpg\",\"width\":1181,\"height\":1181,\"caption\":\"Prolam\"},\"image\":{\"@id\":\"https:\/\/www.prolam.com.br\/#\/schema\/logo\/image\/\"},\"sameAs\":[\"https:\/\/www.facebook.com\/Bopptermolaminacao\",\"https:\/\/x.com\/prolam\"]}]}<\/script>\n<!-- \/ Yoast SEO plugin. -->","yoast_head_json":{"title":"Filmes para Termolamina\u00e7\u00e3o PET Super Brilho - Prolam","robots":{"index":"index","follow":"follow","max-snippet":"max-snippet:-1","max-image-preview":"max-image-preview:large","max-video-preview":"max-video-preview:-1"},"canonical":"https:\/\/www.prolam.com.br\/pt\/filmes-para-termolaminacao-pet-super-brilho\/","og_locale":"pt_BR","og_type":"article","og_title":"Filmes para Termolamina\u00e7\u00e3o PET Super Brilho - Prolam","og_description":"Filmes para Termolamina\u00e7\u00e3o - IMPRESS\u00c3O OFFSETFilmes PROLAM para Termolamina\u00e7\u00e3o Offset BOPP PROLAMBOPP FoscoBOPP Alto BrilhoBOPP Soft TouchBOPP Scuff FreeBOPP S FoscoBOPP S BrilhoBOPP 3D Hologr\u00e1ficoBOPP Hi Tac PET PROLAMPET PrataPET OuroPET Super BrilhoPET Super Brilho\u00aeO filme de Poli\u00e9ster Super Brilho eleva o destaque das cores, tem um brilho muito intenso e tamb\u00e9m oferece maior resist\u00eancia [&hellip;]","og_url":"https:\/\/www.prolam.com.br\/pt\/filmes-para-termolaminacao-pet-super-brilho\/","og_site_name":"Prolam","article_publisher":"https:\/\/www.facebook.com\/Bopptermolaminacao","article_modified_time":"2020-12-21T15:37:19+00:00","twitter_card":"summary_large_image","twitter_site":"@prolam","twitter_misc":{"Est. tempo de leitura":"7 minutos"},"schema":{"@context":"https:\/\/schema.org","@graph":[{"@type":"WebPage","@id":"https:\/\/www.prolam.com.br\/pt\/filmes-para-termolaminacao-pet-super-brilho\/","url":"https:\/\/www.prolam.com.br\/pt\/filmes-para-termolaminacao-pet-super-brilho\/","name":"Filmes para Termolamina\u00e7\u00e3o PET Super Brilho - Prolam","isPartOf":{"@id":"https:\/\/www.prolam.com.br\/#website"},"datePublished":"2020-11-26T18:56:42+00:00","dateModified":"2020-12-21T15:37:19+00:00","breadcrumb":{"@id":"https:\/\/www.prolam.com.br\/pt\/filmes-para-termolaminacao-pet-super-brilho\/#breadcrumb"},"inLanguage":"pt-BR","potentialAction":[{"@type":"ReadAction","target":["https:\/\/www.prolam.com.br\/pt\/filmes-para-termolaminacao-pet-super-brilho\/"]}]},{"@type":"BreadcrumbList","@id":"https:\/\/www.prolam.com.br\/pt\/filmes-para-termolaminacao-pet-super-brilho\/#breadcrumb","itemListElement":[{"@type":"ListItem","position":1,"name":"In\u00edcio","item":"https:\/\/www.prolam.com.br\/"},{"@type":"ListItem","position":2,"name":"Filmes para Termolamina\u00e7\u00e3o PET Super Brilho"}]},{"@type":"WebSite","@id":"https:\/\/www.prolam.com.br\/#website","url":"https:\/\/www.prolam.com.br\/","name":"Prolam","description":"Filmes para Termolamina\u00e7\u00e3o e Plastifica\u00e7\u00e3o Gr\u00e1fica","publisher":{"@id":"https:\/\/www.prolam.com.br\/#organization"},"potentialAction":[{"@type":"SearchAction","target":{"@type":"EntryPoint","urlTemplate":"https:\/\/www.prolam.com.br\/?s={search_term_string}"},"query-input":{"@type":"PropertyValueSpecification","valueRequired":true,"valueName":"search_term_string"}}],"inLanguage":"pt-BR"},{"@type":"Organization","@id":"https:\/\/www.prolam.com.br\/#organization","name":"Prolam","url":"https:\/\/www.prolam.com.br\/","logo":{"@type":"ImageObject","inLanguage":"pt-BR","@id":"https:\/\/www.prolam.com.br\/#\/schema\/logo\/image\/","url":"https:\/\/www.prolam.com.br\/wp-content\/uploads\/2023\/12\/Logos-Prolam-e-Prousiesp-Circulo-01.jpg","contentUrl":"https:\/\/www.prolam.com.br\/wp-content\/uploads\/2023\/12\/Logos-Prolam-e-Prousiesp-Circulo-01.jpg","width":1181,"height":1181,"caption":"Prolam"},"image":{"@id":"https:\/\/www.prolam.com.br\/#\/schema\/logo\/image\/"},"sameAs":["https:\/\/www.facebook.com\/Bopptermolaminacao","https:\/\/x.com\/prolam"]}]}},"_links":{"self":[{"href":"https:\/\/www.prolam.com.br\/pt\/wp-json\/wp\/v2\/pages\/542","targetHints":{"allow":["GET"]}}],"collection":[{"href":"https:\/\/www.prolam.com.br\/pt\/wp-json\/wp\/v2\/pages"}],"about":[{"href":"https:\/\/www.prolam.com.br\/pt\/wp-json\/wp\/v2\/types\/page"}],"author":[{"embeddable":true,"href":"https:\/\/www.prolam.com.br\/pt\/wp-json\/wp\/v2\/users\/560"}],"replies":[{"embeddable":true,"href":"https:\/\/www.prolam.com.br\/pt\/wp-json\/wp\/v2\/comments?post=542"}],"version-history":[{"count":0,"href":"https:\/\/www.prolam.com.br\/pt\/wp-json\/wp\/v2\/pages\/542\/revisions"}],"wp:attachment":[{"href":"https:\/\/www.prolam.com.br\/pt\/wp-json\/wp\/v2\/media?parent=542"}],"curies":[{"name":"wp","href":"https:\/\/api.w.org\/{rel}","templated":true}]}}