{"id":5362,"date":"2024-09-20T12:03:08","date_gmt":"2024-09-20T15:03:08","guid":{"rendered":"https:\/\/www.prolam.com.br\/?page_id=5362"},"modified":"2024-09-20T12:03:51","modified_gmt":"2024-09-20T15:03:51","slug":"vaga-analista-de-sistemas","status":"publish","type":"page","link":"https:\/\/www.prolam.com.br\/pt\/vaga-analista-de-sistemas\/","title":{"rendered":"Vaga ANALISTA DE SISTEMAS"},"content":{"rendered":"<p>[et_pb_section fb_built=&#8221;1&#8243; module_class=&#8221;ico-title section-triangle-green-left&#8221; _builder_version=&#8221;4.18.0&#8243; _module_preset=&#8221;default&#8221; global_colors_info=&#8221;{}&#8221;][et_pb_row _builder_version=&#8221;4.24.0&#8243; _module_preset=&#8221;default&#8221; global_colors_info=&#8221;{}&#8221;][et_pb_column type=&#8221;4_4&#8243; _builder_version=&#8221;4.24.0&#8243; _module_preset=&#8221;default&#8221; global_colors_info=&#8221;{}&#8221;][et_pb_text _builder_version=&#8221;4.24.0&#8243; _module_preset=&#8221;default&#8221; width=&#8221;100%&#8221; custom_padding=&#8221;|0px||||&#8221; global_colors_info=&#8221;{}&#8221;]<\/p>\n<h2 class=\"elementor-heading-title elementor-size-default\"><span style=\"color: #80287e;\"><strong>Vaga ANALISTA DE SISTEMAS<\/strong><\/span><\/h2>\n<p>Analisar, avaliar a viabilidade e desenvolver sistemas de informa\u00e7\u00e3o, utilizando metodologia e procedimentos adequados para sua implanta\u00e7\u00e3o, visando racionalizar e\/ou automatizar processos e rotinas de trabalho dos diversos departamentos da empresa. Manter os sistemas de informa\u00e7\u00e3o atualizados, aplicando atualiza\u00e7\u00f5es, patches, customiza\u00e7\u00f5es e migra\u00e7\u00f5es necess\u00e1rias. Participar do levantamento de dados e da defini\u00e7\u00e3o de m\u00e9todos e recursos necess\u00e1rios para a implanta\u00e7\u00e3o de sistemas e\/ou altera\u00e7\u00e3o dos j\u00e1 existentes. Analisar o desempenho dos sistemas implantados, reavaliar rotinas, manuais e m\u00e9todos de trabalho, verificando se atendem ao usu\u00e1rio e sugerindo metodologias de trabalho mais eficazes. Realizar auditorias para assegurar que os padr\u00f5es operacionais e procedimentos de seguran\u00e7a estejam sendo seguidos. Elaborar estudos sobre a cria\u00e7\u00e3o e\/ou altera\u00e7\u00e3o de metodologias e procedimentos necess\u00e1rios ao desenvolvimento de sistemas. Analisar e avaliar sistemas manuais, propondo novos m\u00e9todos de realiza\u00e7\u00e3o do trabalho ou sua automa\u00e7\u00e3o, visando otimizar a utiliza\u00e7\u00e3o dos recursos humanos e materiais dispon\u00edveis. Estudar, pesquisar, desenvolver e aperfei\u00e7oar projetos de sistemas, promovendo a melhor utiliza\u00e7\u00e3o de seus recursos e facilitando o acesso pelas \u00e1reas que deles necessitem. Pesquisar e selecionar novas ferramentas dispon\u00edveis no mercado, visando aprimorar o trabalho de desenvolvimento e atender \u00e0s necessidades dos usu\u00e1rios dos sistemas. Elaborar manuais dos sistemas ou projetos desenvolvidos, facilitando a utiliza\u00e7\u00e3o e o entendimento dos mesmos. Treinar, prestar suporte e acompanhar os usu\u00e1rios na utiliza\u00e7\u00e3o dos sistemas desenvolvidos ou adquiridos de terceiros, assegurando o correto funcionamento dos mesmos.<\/p>\n<p><strong>Requisitos:<\/strong><\/p>\n<ul>\n<li>Superior Completo em Sistemas, ou \u00e1reas de tecnologia<\/li>\n<li>Conhecimentos em ERP Totvs Logix , Banco de dados Oracle, Drummer, Totvs M\u00caS, Totvs RM, Analise e Desenvolvimento de softwares, SQL, programa\u00e7\u00e3o, analise de codigos fontes<\/li>\n<li>Experi\u00eancia com implanta\u00e7\u00e3o, suporte, manuten\u00e7\u00e3o , analise e treinamento de sistemas.\n<\/li>\n<\/ul>\n<p><strong>Sal\u00e1rio compat\u00edvel com mercado<\/strong><\/p>\n<p>Benef\u00edcios: Refeit\u00f3rio local + VT + Plano de sa\u00fade + Plano odontol\u00f3gico + Seguro de Vida<\/p>\n<p>&nbsp;<\/p>\n<p>[\/et_pb_text][et_pb_button button_url=&#8221;https:\/\/www.prolam.com.br\/pt\/trabalhe-conosco\/&#8221; button_text=&#8221;Cadastrar Curr\u00edculo&#8221; _builder_version=&#8221;4.24.0&#8243; _module_preset=&#8221;default&#8221; global_colors_info=&#8221;{}&#8221;][\/et_pb_button][\/et_pb_column][\/et_pb_row][et_pb_row _builder_version=&#8221;4.24.0&#8243; _module_preset=&#8221;default&#8221; global_colors_info=&#8221;{}&#8221;][et_pb_column type=&#8221;4_4&#8243; _builder_version=&#8221;4.24.0&#8243; _module_preset=&#8221;default&#8221; global_colors_info=&#8221;{}&#8221;][et_pb_code _builder_version=&#8221;4.24.0&#8243; _module_preset=&#8221;default&#8221; global_colors_info=&#8221;{}&#8221;][\/et_pb_code][\/et_pb_column][\/et_pb_row][\/et_pb_section]<\/p>\n","protected":false},"excerpt":{"rendered":"<p>Vaga ANALISTA DE SISTEMAS Analisar, avaliar a viabilidade e desenvolver sistemas de informa\u00e7\u00e3o, utilizando metodologia e procedimentos adequados para sua implanta\u00e7\u00e3o, visando racionalizar e\/ou automatizar processos e rotinas de trabalho dos diversos departamentos da empresa. Manter os sistemas de informa\u00e7\u00e3o atualizados, aplicando atualiza\u00e7\u00f5es, patches, customiza\u00e7\u00f5es e migra\u00e7\u00f5es necess\u00e1rias. Participar do levantamento de dados e da [&hellip;]<\/p>\n","protected":false},"author":70,"featured_media":0,"parent":0,"menu_order":0,"comment_status":"closed","ping_status":"closed","template":"","meta":{"_acf_changed":false,"_et_pb_use_builder":"on","_et_pb_old_content":"","_et_gb_content_width":"","footnotes":""},"class_list":["post-5362","page","type-page","status-publish","hentry"],"acf":[],"yoast_head":"<!-- This site is optimized with the Yoast SEO plugin v26.9 - https:\/\/yoast.com\/product\/yoast-seo-wordpress\/ -->\n<title>Vaga ANALISTA DE SISTEMAS - Prolam<\/title>\n<meta name=\"description\" content=\"Estamos contratando ANALISTA DE SISTEMAS\" \/>\n<meta name=\"robots\" content=\"index, follow, max-snippet:-1, max-image-preview:large, max-video-preview:-1\" \/>\n<link rel=\"canonical\" href=\"https:\/\/www.prolam.com.br\/pt\/vaga-analista-de-sistemas\/\" \/>\n<meta property=\"og:locale\" content=\"pt_BR\" \/>\n<meta property=\"og:type\" content=\"article\" \/>\n<meta property=\"og:title\" content=\"Vaga ANALISTA DE SISTEMAS - Prolam\" \/>\n<meta property=\"og:description\" content=\"Estamos contratando ANALISTA DE SISTEMAS\" \/>\n<meta property=\"og:url\" content=\"https:\/\/www.prolam.com.br\/pt\/vaga-analista-de-sistemas\/\" \/>\n<meta property=\"og:site_name\" content=\"Prolam\" \/>\n<meta property=\"article:publisher\" content=\"https:\/\/www.facebook.com\/Bopptermolaminacao\" \/>\n<meta property=\"article:modified_time\" content=\"2024-09-20T15:03:51+00:00\" \/>\n<meta name=\"twitter:card\" content=\"summary_large_image\" \/>\n<meta name=\"twitter:site\" content=\"@prolam\" \/>\n<meta name=\"twitter:label1\" content=\"Est. tempo de leitura\" \/>\n\t<meta name=\"twitter:data1\" content=\"2 minutos\" \/>\n<script type=\"application\/ld+json\" class=\"yoast-schema-graph\">{\"@context\":\"https:\/\/schema.org\",\"@graph\":[{\"@type\":\"WebPage\",\"@id\":\"https:\/\/www.prolam.com.br\/vaga-analista-de-sistemas\/\",\"url\":\"https:\/\/www.prolam.com.br\/vaga-analista-de-sistemas\/\",\"name\":\"Vaga ANALISTA DE SISTEMAS - Prolam\",\"isPartOf\":{\"@id\":\"https:\/\/www.prolam.com.br\/#website\"},\"datePublished\":\"2024-09-20T15:03:08+00:00\",\"dateModified\":\"2024-09-20T15:03:51+00:00\",\"description\":\"Estamos contratando ANALISTA DE SISTEMAS\",\"breadcrumb\":{\"@id\":\"https:\/\/www.prolam.com.br\/vaga-analista-de-sistemas\/#breadcrumb\"},\"inLanguage\":\"pt-BR\",\"potentialAction\":[{\"@type\":\"ReadAction\",\"target\":[\"https:\/\/www.prolam.com.br\/vaga-analista-de-sistemas\/\"]}]},{\"@type\":\"BreadcrumbList\",\"@id\":\"https:\/\/www.prolam.com.br\/vaga-analista-de-sistemas\/#breadcrumb\",\"itemListElement\":[{\"@type\":\"ListItem\",\"position\":1,\"name\":\"In\u00edcio\",\"item\":\"https:\/\/www.prolam.com.br\/\"},{\"@type\":\"ListItem\",\"position\":2,\"name\":\"Vaga ANALISTA DE SISTEMAS\"}]},{\"@type\":\"WebSite\",\"@id\":\"https:\/\/www.prolam.com.br\/#website\",\"url\":\"https:\/\/www.prolam.com.br\/\",\"name\":\"Prolam\",\"description\":\"Filmes para Termolamina\u00e7\u00e3o e Plastifica\u00e7\u00e3o Gr\u00e1fica\",\"publisher\":{\"@id\":\"https:\/\/www.prolam.com.br\/#organization\"},\"potentialAction\":[{\"@type\":\"SearchAction\",\"target\":{\"@type\":\"EntryPoint\",\"urlTemplate\":\"https:\/\/www.prolam.com.br\/?s={search_term_string}\"},\"query-input\":{\"@type\":\"PropertyValueSpecification\",\"valueRequired\":true,\"valueName\":\"search_term_string\"}}],\"inLanguage\":\"pt-BR\"},{\"@type\":\"Organization\",\"@id\":\"https:\/\/www.prolam.com.br\/#organization\",\"name\":\"Prolam\",\"url\":\"https:\/\/www.prolam.com.br\/\",\"logo\":{\"@type\":\"ImageObject\",\"inLanguage\":\"pt-BR\",\"@id\":\"https:\/\/www.prolam.com.br\/#\/schema\/logo\/image\/\",\"url\":\"https:\/\/www.prolam.com.br\/wp-content\/uploads\/2023\/12\/Logos-Prolam-e-Prousiesp-Circulo-01.jpg\",\"contentUrl\":\"https:\/\/www.prolam.com.br\/wp-content\/uploads\/2023\/12\/Logos-Prolam-e-Prousiesp-Circulo-01.jpg\",\"width\":1181,\"height\":1181,\"caption\":\"Prolam\"},\"image\":{\"@id\":\"https:\/\/www.prolam.com.br\/#\/schema\/logo\/image\/\"},\"sameAs\":[\"https:\/\/www.facebook.com\/Bopptermolaminacao\",\"https:\/\/x.com\/prolam\"]}]}<\/script>\n<!-- \/ Yoast SEO plugin. -->","yoast_head_json":{"title":"Vaga ANALISTA DE SISTEMAS - Prolam","description":"Estamos contratando ANALISTA DE SISTEMAS","robots":{"index":"index","follow":"follow","max-snippet":"max-snippet:-1","max-image-preview":"max-image-preview:large","max-video-preview":"max-video-preview:-1"},"canonical":"https:\/\/www.prolam.com.br\/pt\/vaga-analista-de-sistemas\/","og_locale":"pt_BR","og_type":"article","og_title":"Vaga ANALISTA DE SISTEMAS - Prolam","og_description":"Estamos contratando ANALISTA DE SISTEMAS","og_url":"https:\/\/www.prolam.com.br\/pt\/vaga-analista-de-sistemas\/","og_site_name":"Prolam","article_publisher":"https:\/\/www.facebook.com\/Bopptermolaminacao","article_modified_time":"2024-09-20T15:03:51+00:00","twitter_card":"summary_large_image","twitter_site":"@prolam","twitter_misc":{"Est. tempo de leitura":"2 minutos"},"schema":{"@context":"https:\/\/schema.org","@graph":[{"@type":"WebPage","@id":"https:\/\/www.prolam.com.br\/vaga-analista-de-sistemas\/","url":"https:\/\/www.prolam.com.br\/vaga-analista-de-sistemas\/","name":"Vaga ANALISTA DE SISTEMAS - Prolam","isPartOf":{"@id":"https:\/\/www.prolam.com.br\/#website"},"datePublished":"2024-09-20T15:03:08+00:00","dateModified":"2024-09-20T15:03:51+00:00","description":"Estamos contratando ANALISTA DE SISTEMAS","breadcrumb":{"@id":"https:\/\/www.prolam.com.br\/vaga-analista-de-sistemas\/#breadcrumb"},"inLanguage":"pt-BR","potentialAction":[{"@type":"ReadAction","target":["https:\/\/www.prolam.com.br\/vaga-analista-de-sistemas\/"]}]},{"@type":"BreadcrumbList","@id":"https:\/\/www.prolam.com.br\/vaga-analista-de-sistemas\/#breadcrumb","itemListElement":[{"@type":"ListItem","position":1,"name":"In\u00edcio","item":"https:\/\/www.prolam.com.br\/"},{"@type":"ListItem","position":2,"name":"Vaga ANALISTA DE SISTEMAS"}]},{"@type":"WebSite","@id":"https:\/\/www.prolam.com.br\/#website","url":"https:\/\/www.prolam.com.br\/","name":"Prolam","description":"Filmes para Termolamina\u00e7\u00e3o e Plastifica\u00e7\u00e3o Gr\u00e1fica","publisher":{"@id":"https:\/\/www.prolam.com.br\/#organization"},"potentialAction":[{"@type":"SearchAction","target":{"@type":"EntryPoint","urlTemplate":"https:\/\/www.prolam.com.br\/?s={search_term_string}"},"query-input":{"@type":"PropertyValueSpecification","valueRequired":true,"valueName":"search_term_string"}}],"inLanguage":"pt-BR"},{"@type":"Organization","@id":"https:\/\/www.prolam.com.br\/#organization","name":"Prolam","url":"https:\/\/www.prolam.com.br\/","logo":{"@type":"ImageObject","inLanguage":"pt-BR","@id":"https:\/\/www.prolam.com.br\/#\/schema\/logo\/image\/","url":"https:\/\/www.prolam.com.br\/wp-content\/uploads\/2023\/12\/Logos-Prolam-e-Prousiesp-Circulo-01.jpg","contentUrl":"https:\/\/www.prolam.com.br\/wp-content\/uploads\/2023\/12\/Logos-Prolam-e-Prousiesp-Circulo-01.jpg","width":1181,"height":1181,"caption":"Prolam"},"image":{"@id":"https:\/\/www.prolam.com.br\/#\/schema\/logo\/image\/"},"sameAs":["https:\/\/www.facebook.com\/Bopptermolaminacao","https:\/\/x.com\/prolam"]}]}},"_links":{"self":[{"href":"https:\/\/www.prolam.com.br\/pt\/wp-json\/wp\/v2\/pages\/5362","targetHints":{"allow":["GET"]}}],"collection":[{"href":"https:\/\/www.prolam.com.br\/pt\/wp-json\/wp\/v2\/pages"}],"about":[{"href":"https:\/\/www.prolam.com.br\/pt\/wp-json\/wp\/v2\/types\/page"}],"author":[{"embeddable":true,"href":"https:\/\/www.prolam.com.br\/pt\/wp-json\/wp\/v2\/users\/70"}],"replies":[{"embeddable":true,"href":"https:\/\/www.prolam.com.br\/pt\/wp-json\/wp\/v2\/comments?post=5362"}],"version-history":[{"count":0,"href":"https:\/\/www.prolam.com.br\/pt\/wp-json\/wp\/v2\/pages\/5362\/revisions"}],"wp:attachment":[{"href":"https:\/\/www.prolam.com.br\/pt\/wp-json\/wp\/v2\/media?parent=5362"}],"curies":[{"name":"wp","href":"https:\/\/api.w.org\/{rel}","templated":true}]}}