{"id":5226,"date":"2024-07-25T15:32:26","date_gmt":"2024-07-25T18:32:26","guid":{"rendered":"https:\/\/www.prolam.com.br\/?page_id=5226"},"modified":"2024-08-08T16:21:44","modified_gmt":"2024-08-08T19:21:44","slug":"vaga-analista-de-credito-e-cobranca","status":"publish","type":"page","link":"https:\/\/www.prolam.com.br\/pt\/vaga-analista-de-credito-e-cobranca\/","title":{"rendered":"Vaga ANALISTA DE CR\u00c9DITO E COBRAN\u00c7A"},"content":{"rendered":"<p>[et_pb_section fb_built=&#8221;1&#8243; module_class=&#8221;ico-title section-triangle-green-left&#8221; _builder_version=&#8221;4.18.0&#8243; _module_preset=&#8221;default&#8221; hover_enabled=&#8221;0&#8243; global_colors_info=&#8221;{}&#8221; sticky_enabled=&#8221;0&#8243;][et_pb_row _builder_version=&#8221;4.24.0&#8243; _module_preset=&#8221;default&#8221; global_colors_info=&#8221;{}&#8221;][et_pb_column type=&#8221;4_4&#8243; _builder_version=&#8221;4.24.0&#8243; _module_preset=&#8221;default&#8221; global_colors_info=&#8221;{}&#8221;][et_pb_text _builder_version=&#8221;4.24.0&#8243; _module_preset=&#8221;default&#8221; width=&#8221;100%&#8221; custom_padding=&#8221;|0px||||&#8221; global_colors_info=&#8221;{}&#8221;]<\/p>\n<h2 class=\"elementor-heading-title elementor-size-default\"><span style=\"color: #80287e;\"><strong>Vaga ANALISTA DE CR\u00c9DITO E COBRAN\u00c7A<\/strong><\/span><\/h2>\n<p>Conduzir e realizar an\u00e1lises detalhadas de cr\u00e9dito, avaliando a capacidade de pagamento dos clientes.<\/p>\n<p>Elaborar relat\u00f3rio de credito e cobran\u00e7a , apresentando insights e recomenda\u00e7\u00f5es.<\/p>\n<p>Negociar pagamentos e acordo com clientes inadimplentes.<\/p>\n<p><strong>Requisitos:<\/strong><\/p>\n<p>Superior completo em Administra\u00e7\u00e3o de empresas, Ci\u00eancias cont\u00e1beis, Gest\u00e3o financeira ou cursos afins<\/p>\n<p>Experi\u00eancia com ERP, preferencialmente Logix<\/p>\n<p>Desej\u00e1vel Excel avan\u00e7ado<\/p>\n<p>Ter f\u00e1cil acesso a Cidade Jardim, SP<\/p>\n<p>Sal\u00e1rio compat\u00edvel com mercado<\/p>\n<p>Benef\u00edcios: Refeit\u00f3rio local + VT +Plano de sa\u00fade + Plano odontol\u00f3gico + Seguro de Vida<\/p>\n<p>&nbsp;<\/p>\n<p>[\/et_pb_text][et_pb_button button_url=&#8221;https:\/\/www.prolam.com.br\/pt\/trabalhe-conosco\/&#8221; button_text=&#8221;Cadastrar Curr\u00edculo&#8221; _builder_version=&#8221;4.24.0&#8243; _module_preset=&#8221;default&#8221; global_colors_info=&#8221;{}&#8221;][\/et_pb_button][\/et_pb_column][\/et_pb_row][et_pb_row _builder_version=&#8221;4.24.0&#8243; _module_preset=&#8221;default&#8221; global_colors_info=&#8221;{}&#8221;][et_pb_column type=&#8221;4_4&#8243; _builder_version=&#8221;4.24.0&#8243; _module_preset=&#8221;default&#8221; global_colors_info=&#8221;{}&#8221;][et_pb_code _builder_version=&#8221;4.24.0&#8243; _module_preset=&#8221;default&#8221; global_colors_info=&#8221;{}&#8221;][\/et_pb_code][\/et_pb_column][\/et_pb_row][\/et_pb_section]<\/p>\n","protected":false},"excerpt":{"rendered":"<p>Vaga ANALISTA DE CR\u00c9DITO E COBRAN\u00c7A Conduzir e realizar an\u00e1lises detalhadas de cr\u00e9dito, avaliando a capacidade de pagamento dos clientes. Elaborar relat\u00f3rio de credito e cobran\u00e7a , apresentando insights e recomenda\u00e7\u00f5es. Negociar pagamentos e acordo com clientes inadimplentes. Requisitos: Superior completo em Administra\u00e7\u00e3o de empresas, Ci\u00eancias cont\u00e1beis, Gest\u00e3o financeira ou cursos afins Experi\u00eancia com ERP, [&hellip;]<\/p>\n","protected":false},"author":70,"featured_media":0,"parent":0,"menu_order":0,"comment_status":"closed","ping_status":"closed","template":"","meta":{"_acf_changed":false,"_et_pb_use_builder":"on","_et_pb_old_content":"","_et_gb_content_width":"","footnotes":""},"class_list":["post-5226","page","type-page","status-publish","hentry"],"acf":[],"yoast_head":"<!-- This site is optimized with the Yoast SEO plugin v26.9 - https:\/\/yoast.com\/product\/yoast-seo-wordpress\/ -->\n<title>Vaga ANALISTA DE CR\u00c9DITO E COBRAN\u00c7A - Prolam<\/title>\n<meta name=\"robots\" content=\"index, follow, max-snippet:-1, max-image-preview:large, max-video-preview:-1\" \/>\n<link rel=\"canonical\" href=\"https:\/\/www.prolam.com.br\/pt\/vaga-analista-de-credito-e-cobranca\/\" \/>\n<meta property=\"og:locale\" content=\"pt_BR\" \/>\n<meta property=\"og:type\" content=\"article\" \/>\n<meta property=\"og:title\" content=\"Vaga ANALISTA DE CR\u00c9DITO E COBRAN\u00c7A - Prolam\" \/>\n<meta property=\"og:description\" content=\"Vaga ANALISTA DE CR\u00c9DITO E COBRAN\u00c7A Conduzir e realizar an\u00e1lises detalhadas de cr\u00e9dito, avaliando a capacidade de pagamento dos clientes. Elaborar relat\u00f3rio de credito e cobran\u00e7a , apresentando insights e recomenda\u00e7\u00f5es. Negociar pagamentos e acordo com clientes inadimplentes. Requisitos: Superior completo em Administra\u00e7\u00e3o de empresas, Ci\u00eancias cont\u00e1beis, Gest\u00e3o financeira ou cursos afins Experi\u00eancia com ERP, [&hellip;]\" \/>\n<meta property=\"og:url\" content=\"https:\/\/www.prolam.com.br\/pt\/vaga-analista-de-credito-e-cobranca\/\" \/>\n<meta property=\"og:site_name\" content=\"Prolam\" \/>\n<meta property=\"article:publisher\" content=\"https:\/\/www.facebook.com\/Bopptermolaminacao\" \/>\n<meta property=\"article:modified_time\" content=\"2024-08-08T19:21:44+00:00\" \/>\n<meta name=\"twitter:card\" content=\"summary_large_image\" \/>\n<meta name=\"twitter:site\" content=\"@prolam\" \/>\n<meta name=\"twitter:label1\" content=\"Est. tempo de leitura\" \/>\n\t<meta name=\"twitter:data1\" content=\"1 minuto\" \/>\n<script type=\"application\/ld+json\" class=\"yoast-schema-graph\">{\"@context\":\"https:\/\/schema.org\",\"@graph\":[{\"@type\":\"WebPage\",\"@id\":\"https:\/\/www.prolam.com.br\/vaga-analista-de-credito-e-cobranca\/\",\"url\":\"https:\/\/www.prolam.com.br\/vaga-analista-de-credito-e-cobranca\/\",\"name\":\"Vaga ANALISTA DE CR\u00c9DITO E COBRAN\u00c7A - Prolam\",\"isPartOf\":{\"@id\":\"https:\/\/www.prolam.com.br\/#website\"},\"datePublished\":\"2024-07-25T18:32:26+00:00\",\"dateModified\":\"2024-08-08T19:21:44+00:00\",\"breadcrumb\":{\"@id\":\"https:\/\/www.prolam.com.br\/vaga-analista-de-credito-e-cobranca\/#breadcrumb\"},\"inLanguage\":\"pt-BR\",\"potentialAction\":[{\"@type\":\"ReadAction\",\"target\":[\"https:\/\/www.prolam.com.br\/vaga-analista-de-credito-e-cobranca\/\"]}]},{\"@type\":\"BreadcrumbList\",\"@id\":\"https:\/\/www.prolam.com.br\/vaga-analista-de-credito-e-cobranca\/#breadcrumb\",\"itemListElement\":[{\"@type\":\"ListItem\",\"position\":1,\"name\":\"In\u00edcio\",\"item\":\"https:\/\/www.prolam.com.br\/\"},{\"@type\":\"ListItem\",\"position\":2,\"name\":\"Vaga ANALISTA DE CR\u00c9DITO E COBRAN\u00c7A\"}]},{\"@type\":\"WebSite\",\"@id\":\"https:\/\/www.prolam.com.br\/#website\",\"url\":\"https:\/\/www.prolam.com.br\/\",\"name\":\"Prolam\",\"description\":\"Filmes para Termolamina\u00e7\u00e3o e Plastifica\u00e7\u00e3o Gr\u00e1fica\",\"publisher\":{\"@id\":\"https:\/\/www.prolam.com.br\/#organization\"},\"potentialAction\":[{\"@type\":\"SearchAction\",\"target\":{\"@type\":\"EntryPoint\",\"urlTemplate\":\"https:\/\/www.prolam.com.br\/?s={search_term_string}\"},\"query-input\":{\"@type\":\"PropertyValueSpecification\",\"valueRequired\":true,\"valueName\":\"search_term_string\"}}],\"inLanguage\":\"pt-BR\"},{\"@type\":\"Organization\",\"@id\":\"https:\/\/www.prolam.com.br\/#organization\",\"name\":\"Prolam\",\"url\":\"https:\/\/www.prolam.com.br\/\",\"logo\":{\"@type\":\"ImageObject\",\"inLanguage\":\"pt-BR\",\"@id\":\"https:\/\/www.prolam.com.br\/#\/schema\/logo\/image\/\",\"url\":\"https:\/\/www.prolam.com.br\/wp-content\/uploads\/2023\/12\/Logos-Prolam-e-Prousiesp-Circulo-01.jpg\",\"contentUrl\":\"https:\/\/www.prolam.com.br\/wp-content\/uploads\/2023\/12\/Logos-Prolam-e-Prousiesp-Circulo-01.jpg\",\"width\":1181,\"height\":1181,\"caption\":\"Prolam\"},\"image\":{\"@id\":\"https:\/\/www.prolam.com.br\/#\/schema\/logo\/image\/\"},\"sameAs\":[\"https:\/\/www.facebook.com\/Bopptermolaminacao\",\"https:\/\/x.com\/prolam\"]}]}<\/script>\n<!-- \/ Yoast SEO plugin. -->","yoast_head_json":{"title":"Vaga ANALISTA DE CR\u00c9DITO E COBRAN\u00c7A - Prolam","robots":{"index":"index","follow":"follow","max-snippet":"max-snippet:-1","max-image-preview":"max-image-preview:large","max-video-preview":"max-video-preview:-1"},"canonical":"https:\/\/www.prolam.com.br\/pt\/vaga-analista-de-credito-e-cobranca\/","og_locale":"pt_BR","og_type":"article","og_title":"Vaga ANALISTA DE CR\u00c9DITO E COBRAN\u00c7A - Prolam","og_description":"Vaga ANALISTA DE CR\u00c9DITO E COBRAN\u00c7A Conduzir e realizar an\u00e1lises detalhadas de cr\u00e9dito, avaliando a capacidade de pagamento dos clientes. Elaborar relat\u00f3rio de credito e cobran\u00e7a , apresentando insights e recomenda\u00e7\u00f5es. Negociar pagamentos e acordo com clientes inadimplentes. Requisitos: Superior completo em Administra\u00e7\u00e3o de empresas, Ci\u00eancias cont\u00e1beis, Gest\u00e3o financeira ou cursos afins Experi\u00eancia com ERP, [&hellip;]","og_url":"https:\/\/www.prolam.com.br\/pt\/vaga-analista-de-credito-e-cobranca\/","og_site_name":"Prolam","article_publisher":"https:\/\/www.facebook.com\/Bopptermolaminacao","article_modified_time":"2024-08-08T19:21:44+00:00","twitter_card":"summary_large_image","twitter_site":"@prolam","twitter_misc":{"Est. tempo de leitura":"1 minuto"},"schema":{"@context":"https:\/\/schema.org","@graph":[{"@type":"WebPage","@id":"https:\/\/www.prolam.com.br\/vaga-analista-de-credito-e-cobranca\/","url":"https:\/\/www.prolam.com.br\/vaga-analista-de-credito-e-cobranca\/","name":"Vaga ANALISTA DE CR\u00c9DITO E COBRAN\u00c7A - Prolam","isPartOf":{"@id":"https:\/\/www.prolam.com.br\/#website"},"datePublished":"2024-07-25T18:32:26+00:00","dateModified":"2024-08-08T19:21:44+00:00","breadcrumb":{"@id":"https:\/\/www.prolam.com.br\/vaga-analista-de-credito-e-cobranca\/#breadcrumb"},"inLanguage":"pt-BR","potentialAction":[{"@type":"ReadAction","target":["https:\/\/www.prolam.com.br\/vaga-analista-de-credito-e-cobranca\/"]}]},{"@type":"BreadcrumbList","@id":"https:\/\/www.prolam.com.br\/vaga-analista-de-credito-e-cobranca\/#breadcrumb","itemListElement":[{"@type":"ListItem","position":1,"name":"In\u00edcio","item":"https:\/\/www.prolam.com.br\/"},{"@type":"ListItem","position":2,"name":"Vaga ANALISTA DE CR\u00c9DITO E COBRAN\u00c7A"}]},{"@type":"WebSite","@id":"https:\/\/www.prolam.com.br\/#website","url":"https:\/\/www.prolam.com.br\/","name":"Prolam","description":"Filmes para Termolamina\u00e7\u00e3o e Plastifica\u00e7\u00e3o Gr\u00e1fica","publisher":{"@id":"https:\/\/www.prolam.com.br\/#organization"},"potentialAction":[{"@type":"SearchAction","target":{"@type":"EntryPoint","urlTemplate":"https:\/\/www.prolam.com.br\/?s={search_term_string}"},"query-input":{"@type":"PropertyValueSpecification","valueRequired":true,"valueName":"search_term_string"}}],"inLanguage":"pt-BR"},{"@type":"Organization","@id":"https:\/\/www.prolam.com.br\/#organization","name":"Prolam","url":"https:\/\/www.prolam.com.br\/","logo":{"@type":"ImageObject","inLanguage":"pt-BR","@id":"https:\/\/www.prolam.com.br\/#\/schema\/logo\/image\/","url":"https:\/\/www.prolam.com.br\/wp-content\/uploads\/2023\/12\/Logos-Prolam-e-Prousiesp-Circulo-01.jpg","contentUrl":"https:\/\/www.prolam.com.br\/wp-content\/uploads\/2023\/12\/Logos-Prolam-e-Prousiesp-Circulo-01.jpg","width":1181,"height":1181,"caption":"Prolam"},"image":{"@id":"https:\/\/www.prolam.com.br\/#\/schema\/logo\/image\/"},"sameAs":["https:\/\/www.facebook.com\/Bopptermolaminacao","https:\/\/x.com\/prolam"]}]}},"_links":{"self":[{"href":"https:\/\/www.prolam.com.br\/pt\/wp-json\/wp\/v2\/pages\/5226","targetHints":{"allow":["GET"]}}],"collection":[{"href":"https:\/\/www.prolam.com.br\/pt\/wp-json\/wp\/v2\/pages"}],"about":[{"href":"https:\/\/www.prolam.com.br\/pt\/wp-json\/wp\/v2\/types\/page"}],"author":[{"embeddable":true,"href":"https:\/\/www.prolam.com.br\/pt\/wp-json\/wp\/v2\/users\/70"}],"replies":[{"embeddable":true,"href":"https:\/\/www.prolam.com.br\/pt\/wp-json\/wp\/v2\/comments?post=5226"}],"version-history":[{"count":0,"href":"https:\/\/www.prolam.com.br\/pt\/wp-json\/wp\/v2\/pages\/5226\/revisions"}],"wp:attachment":[{"href":"https:\/\/www.prolam.com.br\/pt\/wp-json\/wp\/v2\/media?parent=5226"}],"curies":[{"name":"wp","href":"https:\/\/api.w.org\/{rel}","templated":true}]}}