{"id":3556,"date":"2023-02-06T11:20:19","date_gmt":"2023-02-06T14:20:19","guid":{"rendered":"https:\/\/www.prolam.com.br\/?page_id=3556"},"modified":"2024-11-08T08:43:14","modified_gmt":"2024-11-08T11:43:14","slug":"faca-um-orcamento","status":"publish","type":"page","link":"https:\/\/www.prolam.com.br\/pt\/faca-um-orcamento\/","title":{"rendered":"Fa\u00e7a um Or\u00e7amento"},"content":{"rendered":"<p>[et_pb_section fb_built=&#8221;1&#8243; module_class=&#8221;ico-title section-triangle-green-left&#8221; _builder_version=&#8221;4.18.0&#8243; _module_preset=&#8221;default&#8221; global_colors_info=&#8221;{}&#8221;][et_pb_row column_structure=&#8221;1_2,1_2&#8243; _builder_version=&#8221;4.18.0&#8243; _module_preset=&#8221;default&#8221; global_colors_info=&#8221;{}&#8221;][et_pb_column type=&#8221;1_2&#8243; _builder_version=&#8221;4.18.0&#8243; _module_preset=&#8221;default&#8221; global_colors_info=&#8221;{}&#8221;][et_pb_text _builder_version=&#8221;4.19.4&#8243; _module_preset=&#8221;default&#8221; global_colors_info=&#8221;{}&#8221;]<\/p>\n<h2><strong>FA\u00c7A UM OR\u00c7AMENTO<\/strong><\/h2>\n<p>Fale com um de nossos especialistas!<\/p>\n<p>[\/et_pb_text][et_pb_contact_form use_redirect=&#8221;on&#8221; redirect_url=&#8221;https:\/\/www.prolam.com.br\/obrigado-pelo-contato&#8221; _builder_version=&#8221;4.24.0&#8243; _module_preset=&#8221;default&#8221; _unique_id=&#8221;16357437-5c35-4d75-969e-7ee5c1ee9fca&#8221; hover_enabled=&#8221;0&#8243; global_colors_info=&#8221;{}&#8221; sticky_enabled=&#8221;0&#8243;][et_pb_contact_field field_id=&#8221;Name&#8221; field_title=&#8221;Nome&#8221; allowed_symbols=&#8221;letters&#8221; fullwidth_field=&#8221;on&#8221; _builder_version=&#8221;4.24.0&#8243; global_colors_info=&#8221;{}&#8221; button_text_size__hover_enabled=&#8221;off&#8221; button_one_text_size__hover_enabled=&#8221;off&#8221; button_two_text_size__hover_enabled=&#8221;off&#8221; button_text_color__hover_enabled=&#8221;off&#8221; button_one_text_color__hover_enabled=&#8221;off&#8221; button_two_text_color__hover_enabled=&#8221;off&#8221; button_border_width__hover_enabled=&#8221;off&#8221; button_one_border_width__hover_enabled=&#8221;off&#8221; button_two_border_width__hover_enabled=&#8221;off&#8221; button_border_color__hover_enabled=&#8221;off&#8221; button_one_border_color__hover_enabled=&#8221;off&#8221; button_two_border_color__hover_enabled=&#8221;off&#8221; button_border_radius__hover_enabled=&#8221;off&#8221; button_one_border_radius__hover_enabled=&#8221;off&#8221; button_two_border_radius__hover_enabled=&#8221;off&#8221; button_letter_spacing__hover_enabled=&#8221;off&#8221; button_one_letter_spacing__hover_enabled=&#8221;off&#8221; button_two_letter_spacing__hover_enabled=&#8221;off&#8221; button_bg_color__hover_enabled=&#8221;off&#8221; button_one_bg_color__hover_enabled=&#8221;off&#8221; button_two_bg_color__hover_enabled=&#8221;off&#8221;][\/et_pb_contact_field][et_pb_contact_field field_id=&#8221;Email&#8221; field_title=&#8221;E-mail&#8221; field_type=&#8221;email&#8221; fullwidth_field=&#8221;on&#8221; _builder_version=&#8221;4.24.0&#8243; hover_enabled=&#8221;0&#8243; global_colors_info=&#8221;{}&#8221; button_text_size__hover_enabled=&#8221;off&#8221; button_one_text_size__hover_enabled=&#8221;off&#8221; button_two_text_size__hover_enabled=&#8221;off&#8221; button_text_color__hover_enabled=&#8221;off&#8221; button_one_text_color__hover_enabled=&#8221;off&#8221; button_two_text_color__hover_enabled=&#8221;off&#8221; button_border_width__hover_enabled=&#8221;off&#8221; button_one_border_width__hover_enabled=&#8221;off&#8221; button_two_border_width__hover_enabled=&#8221;off&#8221; button_border_color__hover_enabled=&#8221;off&#8221; button_one_border_color__hover_enabled=&#8221;off&#8221; button_two_border_color__hover_enabled=&#8221;off&#8221; button_border_radius__hover_enabled=&#8221;off&#8221; button_one_border_radius__hover_enabled=&#8221;off&#8221; button_two_border_radius__hover_enabled=&#8221;off&#8221; button_letter_spacing__hover_enabled=&#8221;off&#8221; button_one_letter_spacing__hover_enabled=&#8221;off&#8221; button_two_letter_spacing__hover_enabled=&#8221;off&#8221; button_bg_color__hover_enabled=&#8221;off&#8221; button_one_bg_color__hover_enabled=&#8221;off&#8221; button_two_bg_color__hover_enabled=&#8221;off&#8221; sticky_enabled=&#8221;0&#8243;][\/et_pb_contact_field][et_pb_contact_field field_id=&#8221;Telefone&#8221; field_title=&#8221;Telefone&#8221; min_length=&#8221;9&#8243; max_length=&#8221;13&#8243; allowed_symbols=&#8221;numbers&#8221; fullwidth_field=&#8221;on&#8221; _builder_version=&#8221;4.24.0&#8243; hover_enabled=&#8221;0&#8243; global_colors_info=&#8221;{}&#8221; button_text_size__hover_enabled=&#8221;off&#8221; button_one_text_size__hover_enabled=&#8221;off&#8221; button_two_text_size__hover_enabled=&#8221;off&#8221; button_text_color__hover_enabled=&#8221;off&#8221; button_one_text_color__hover_enabled=&#8221;off&#8221; button_two_text_color__hover_enabled=&#8221;off&#8221; button_border_width__hover_enabled=&#8221;off&#8221; button_one_border_width__hover_enabled=&#8221;off&#8221; button_two_border_width__hover_enabled=&#8221;off&#8221; button_border_color__hover_enabled=&#8221;off&#8221; button_one_border_color__hover_enabled=&#8221;off&#8221; button_two_border_color__hover_enabled=&#8221;off&#8221; button_border_radius__hover_enabled=&#8221;off&#8221; button_one_border_radius__hover_enabled=&#8221;off&#8221; button_two_border_radius__hover_enabled=&#8221;off&#8221; button_letter_spacing__hover_enabled=&#8221;off&#8221; button_one_letter_spacing__hover_enabled=&#8221;off&#8221; button_two_letter_spacing__hover_enabled=&#8221;off&#8221; button_bg_color__hover_enabled=&#8221;off&#8221; button_one_bg_color__hover_enabled=&#8221;off&#8221; button_two_bg_color__hover_enabled=&#8221;off&#8221; sticky_enabled=&#8221;0&#8243;][\/et_pb_contact_field][et_pb_contact_field field_id=&#8221;CPF_CNPJ&#8221; field_title=&#8221;CPF \/ CNPJ&#8221; min_length=&#8221;11&#8243; allowed_symbols=&#8221;numbers&#8221; fullwidth_field=&#8221;on&#8221; _builder_version=&#8221;4.24.0&#8243; _module_preset=&#8221;default&#8221; hover_enabled=&#8221;0&#8243; global_colors_info=&#8221;{}&#8221; sticky_enabled=&#8221;0&#8243;][\/et_pb_contact_field][et_pb_contact_field field_id=&#8221;Cidade&#8221; field_title=&#8221;Cidade&#8221; fullwidth_field=&#8221;on&#8221; _builder_version=&#8221;4.24.0&#8243; _module_preset=&#8221;default&#8221; hover_enabled=&#8221;0&#8243; global_colors_info=&#8221;{}&#8221; sticky_enabled=&#8221;0&#8243;][\/et_pb_contact_field][et_pb_contact_field field_id=&#8221;ProdutoInteresse&#8221; field_title=&#8221;Produto de Interesse&#8221; field_type=&#8221;checkbox&#8221; checkbox_options=&#8221;%91{%22value%22:%22BOPP%22,%22checked%22:0,%22dragID%22:-1},{%22value%22:%22PET%22,%22checked%22:0,%22dragID%22:0},{%22value%22:%22Polaseal Original%22,%22checked%22:0,%22dragID%22:1},{%22value%22:%22Embalagens Flex\u00edveis%22,%22checked%22:0,%22dragID%22:2},{%22value%22:%22M\u00eddias para Impress\u00e3o%22,%22checked%22:0,%22dragID%22:3},{%22value%22:%22M\u00e1quinas para Termolamina\u00e7\u00e3o%22,%22checked%22:0,%22dragID%22:4},{%22value%22:%22Outros%22,%22checked%22:0,%22dragID%22:5}%93&#8243; fullwidth_field=&#8221;on&#8221; _builder_version=&#8221;4.24.0&#8243; _module_preset=&#8221;default&#8221; global_colors_info=&#8221;{}&#8221;][\/et_pb_contact_field][et_pb_contact_field field_id=&#8221;Mensagem&#8221; field_title=&#8221;Mensagem&#8221; field_type=&#8221;text&#8221; fullwidth_field=&#8221;on&#8221; _builder_version=&#8221;4.24.0&#8243; _module_preset=&#8221;default&#8221; hover_enabled=&#8221;0&#8243; global_colors_info=&#8221;{}&#8221; sticky_enabled=&#8221;0&#8243;][\/et_pb_contact_field][\/et_pb_contact_form][\/et_pb_column][et_pb_column type=&#8221;1_2&#8243; _builder_version=&#8221;4.18.0&#8243; _module_preset=&#8221;default&#8221; global_colors_info=&#8221;{}&#8221;][et_pb_text _builder_version=&#8221;4.24.0&#8243; _module_preset=&#8221;default&#8221; text_text_color=&#8221;#212c35&#8243; link_option_url_new_window=&#8221;on&#8221; global_colors_info=&#8221;{}&#8221;]<\/p>\n<p><span style=\"color: #711779;\"><strong>ENDERE\u00c7O<\/strong><\/span><br \/>Rua do Curtume, 738, Lapa de Baixo, S\u00e3o Paulo \u2013 SP, CEP 05065-001<\/p>\n<p><span style=\"font-size: small; display: inline-block; border: 1px solid #a67bb7; padding: 3px 8px; color: #00ff00; border-radius: 40px;\"><a style=\"color: #212c35;\" href=\"https:\/\/www.google.com.br\/maps\/dir\/\/Rua+do+Curtume,+738+-+Lapa+de+Baixo,+S%C3%A3o+Paulo+-+SP,+05065-001\/@-23.5156644,-46.6979599,17z\/data=!4m8!4m7!1m0!1m5!1m1!1s0x94cef8696a908f17:0x6652aaa7ecfc939!2m2!1d-46.6957712!2d-23.5156693\" target=\"_blank\" rel=\"noopener\">Tra\u00e7ar Rota<\/a><\/span><\/p>\n<p><span style=\"color: #711779;\"><strong>TELEFONE<\/strong><\/span><\/p>\n<p>11 2050-1045 (Vendas)\u00a0<a href=\"tel:+551120501045\">Clique aqui para ligar<\/a><br \/>11 2050-1030 (Demais Departamentos)<br \/>11 3616-3404<br \/>11 98383-1244\u00a0<span style=\"color: #339966;\"><strong>*Somente WhatsApp*<\/strong><\/span><\/p>\n<a href='https:\/\/api.whatsapp.com\/send\/?phone=5511983831244&#038;text=Vim%20pelo%20site%20www.prolam.com.br%20quero%20saber%20mais&#038;utm_source=prolam&#038;utm_medium=whatsapp&#038;utm_campaign=botao_whatsapp' class='small-button smallgreen' target=\"_blank\">WhatsApp<\/a>\n<p><span style=\"color: #711779;\"><strong>EMAIL<\/strong><\/span><br \/><a href=\"mailto:vendas@prolam.com.br\">vendas@prolam.com.br<\/a><br \/><a href=\"mailto:mkt@prolam.com.br\">mkt@prolam.com.br<\/a><br \/><a href=\"mailto:trabalheconosco@prolam.com.br\">trabalheconosco@prolam.com.br<\/a><\/p>\n<p><span style=\"color: #711779;\"><strong>UNIDADES<\/strong><\/span><\/p>\n<p><strong>Sede<\/strong><br \/>Rua do Curtume, 738,<br \/>Lapa de Baixo, S\u00e3o Paulo \u2013 SP, CEP 05065-001<\/p>\n<p><strong>Filial<\/strong><br \/>Belo Horizonte \u2013 MG<br \/>Telefone: +55 (31) 97400-2551 \/ +55 (31) 3653-8241<br \/>E-mail: <a href=\"mailto:filial.mg@prolam.com.br\">filial.mg@prolam.com.br<\/a><\/p>\n<p>[\/et_pb_text][\/et_pb_column][\/et_pb_row][\/et_pb_section]<\/p>\n","protected":false},"excerpt":{"rendered":"<p>FA\u00c7A UM OR\u00c7AMENTO Fale com um de nossos especialistas!ENDERE\u00c7ORua do Curtume, 738, Lapa de Baixo, S\u00e3o Paulo \u2013 SP, CEP 05065-001 Tra\u00e7ar Rota TELEFONE 11 2050-1045 (Vendas)\u00a0Clique aqui para ligar11 2050-1030 (Demais Departamentos)11 3616-340411 98383-1244\u00a0*Somente WhatsApp* <a href='https:\/\/api.whatsapp.com\/send\/?phone=5511983831244&#038;text=Vim%20pelo%20site%20www.prolam.com.br%20quero%20saber%20mais&#038;utm_source=prolam&#038;utm_medium=whatsapp&#038;utm_campaign=botao_whatsapp' class='small-button smallgreen' target=\"_blank\">WhatsApp<\/a> EMAILvendas@prolam.com.brmkt@prolam.com.brtrabalheconosco@prolam.com.br UNIDADES SedeRua do Curtume, 738,Lapa de Baixo, S\u00e3o Paulo \u2013 SP, CEP 05065-001 [&hellip;]<\/p>\n","protected":false},"author":560,"featured_media":0,"parent":0,"menu_order":0,"comment_status":"closed","ping_status":"closed","template":"","meta":{"_acf_changed":false,"_et_pb_use_builder":"on","_et_pb_old_content":"","_et_gb_content_width":"","footnotes":""},"class_list":["post-3556","page","type-page","status-publish","hentry"],"acf":[],"yoast_head":"<!-- This site is optimized with the Yoast SEO plugin v26.9 - https:\/\/yoast.com\/product\/yoast-seo-wordpress\/ -->\n<title>Fa\u00e7a um Or\u00e7amento - Prolam<\/title>\n<meta name=\"description\" content=\"Fa\u00e7a um Or\u00e7amento com a Prolam, e aproveite as ofertas para os melhores insumos de termolamina\u00e7\u00e3o, plastifica\u00e7\u00e3o e encaderna\u00e7\u00e3o.\" \/>\n<meta name=\"robots\" content=\"index, follow, max-snippet:-1, max-image-preview:large, max-video-preview:-1\" \/>\n<link rel=\"canonical\" href=\"https:\/\/www.prolam.com.br\/pt\/faca-um-orcamento\/\" \/>\n<meta property=\"og:locale\" content=\"pt_BR\" \/>\n<meta property=\"og:type\" content=\"article\" \/>\n<meta property=\"og:title\" content=\"Fa\u00e7a um Or\u00e7amento - Prolam\" \/>\n<meta property=\"og:description\" content=\"Fa\u00e7a um Or\u00e7amento com a Prolam, e aproveite as ofertas para os melhores insumos de termolamina\u00e7\u00e3o, plastifica\u00e7\u00e3o e encaderna\u00e7\u00e3o.\" \/>\n<meta property=\"og:url\" content=\"https:\/\/www.prolam.com.br\/pt\/faca-um-orcamento\/\" \/>\n<meta property=\"og:site_name\" content=\"Prolam\" \/>\n<meta property=\"article:publisher\" content=\"https:\/\/www.facebook.com\/Bopptermolaminacao\" \/>\n<meta property=\"article:modified_time\" content=\"2024-11-08T11:43:14+00:00\" \/>\n<meta name=\"twitter:card\" content=\"summary_large_image\" \/>\n<meta name=\"twitter:site\" content=\"@prolam\" \/>\n<meta name=\"twitter:label1\" content=\"Est. tempo de leitura\" \/>\n\t<meta name=\"twitter:data1\" content=\"1 minuto\" \/>\n<script type=\"application\/ld+json\" class=\"yoast-schema-graph\">{\"@context\":\"https:\/\/schema.org\",\"@graph\":[{\"@type\":\"WebPage\",\"@id\":\"https:\/\/www.prolam.com.br\/faca-um-orcamento\/\",\"url\":\"https:\/\/www.prolam.com.br\/faca-um-orcamento\/\",\"name\":\"Fa\u00e7a um Or\u00e7amento - Prolam\",\"isPartOf\":{\"@id\":\"https:\/\/www.prolam.com.br\/#website\"},\"datePublished\":\"2023-02-06T14:20:19+00:00\",\"dateModified\":\"2024-11-08T11:43:14+00:00\",\"description\":\"Fa\u00e7a um Or\u00e7amento com a Prolam, e aproveite as ofertas para os melhores insumos de termolamina\u00e7\u00e3o, plastifica\u00e7\u00e3o e encaderna\u00e7\u00e3o.\",\"breadcrumb\":{\"@id\":\"https:\/\/www.prolam.com.br\/faca-um-orcamento\/#breadcrumb\"},\"inLanguage\":\"pt-BR\",\"potentialAction\":[{\"@type\":\"ReadAction\",\"target\":[\"https:\/\/www.prolam.com.br\/faca-um-orcamento\/\"]}]},{\"@type\":\"BreadcrumbList\",\"@id\":\"https:\/\/www.prolam.com.br\/faca-um-orcamento\/#breadcrumb\",\"itemListElement\":[{\"@type\":\"ListItem\",\"position\":1,\"name\":\"In\u00edcio\",\"item\":\"https:\/\/www.prolam.com.br\/\"},{\"@type\":\"ListItem\",\"position\":2,\"name\":\"Fa\u00e7a um Or\u00e7amento\"}]},{\"@type\":\"WebSite\",\"@id\":\"https:\/\/www.prolam.com.br\/#website\",\"url\":\"https:\/\/www.prolam.com.br\/\",\"name\":\"Prolam\",\"description\":\"Filmes para Termolamina\u00e7\u00e3o e Plastifica\u00e7\u00e3o Gr\u00e1fica\",\"publisher\":{\"@id\":\"https:\/\/www.prolam.com.br\/#organization\"},\"potentialAction\":[{\"@type\":\"SearchAction\",\"target\":{\"@type\":\"EntryPoint\",\"urlTemplate\":\"https:\/\/www.prolam.com.br\/?s={search_term_string}\"},\"query-input\":{\"@type\":\"PropertyValueSpecification\",\"valueRequired\":true,\"valueName\":\"search_term_string\"}}],\"inLanguage\":\"pt-BR\"},{\"@type\":\"Organization\",\"@id\":\"https:\/\/www.prolam.com.br\/#organization\",\"name\":\"Prolam\",\"url\":\"https:\/\/www.prolam.com.br\/\",\"logo\":{\"@type\":\"ImageObject\",\"inLanguage\":\"pt-BR\",\"@id\":\"https:\/\/www.prolam.com.br\/#\/schema\/logo\/image\/\",\"url\":\"https:\/\/www.prolam.com.br\/wp-content\/uploads\/2023\/12\/Logos-Prolam-e-Prousiesp-Circulo-01.jpg\",\"contentUrl\":\"https:\/\/www.prolam.com.br\/wp-content\/uploads\/2023\/12\/Logos-Prolam-e-Prousiesp-Circulo-01.jpg\",\"width\":1181,\"height\":1181,\"caption\":\"Prolam\"},\"image\":{\"@id\":\"https:\/\/www.prolam.com.br\/#\/schema\/logo\/image\/\"},\"sameAs\":[\"https:\/\/www.facebook.com\/Bopptermolaminacao\",\"https:\/\/x.com\/prolam\"]}]}<\/script>\n<!-- \/ Yoast SEO plugin. -->","yoast_head_json":{"title":"Fa\u00e7a um Or\u00e7amento - Prolam","description":"Fa\u00e7a um Or\u00e7amento com a Prolam, e aproveite as ofertas para os melhores insumos de termolamina\u00e7\u00e3o, plastifica\u00e7\u00e3o e encaderna\u00e7\u00e3o.","robots":{"index":"index","follow":"follow","max-snippet":"max-snippet:-1","max-image-preview":"max-image-preview:large","max-video-preview":"max-video-preview:-1"},"canonical":"https:\/\/www.prolam.com.br\/pt\/faca-um-orcamento\/","og_locale":"pt_BR","og_type":"article","og_title":"Fa\u00e7a um Or\u00e7amento - Prolam","og_description":"Fa\u00e7a um Or\u00e7amento com a Prolam, e aproveite as ofertas para os melhores insumos de termolamina\u00e7\u00e3o, plastifica\u00e7\u00e3o e encaderna\u00e7\u00e3o.","og_url":"https:\/\/www.prolam.com.br\/pt\/faca-um-orcamento\/","og_site_name":"Prolam","article_publisher":"https:\/\/www.facebook.com\/Bopptermolaminacao","article_modified_time":"2024-11-08T11:43:14+00:00","twitter_card":"summary_large_image","twitter_site":"@prolam","twitter_misc":{"Est. tempo de leitura":"1 minuto"},"schema":{"@context":"https:\/\/schema.org","@graph":[{"@type":"WebPage","@id":"https:\/\/www.prolam.com.br\/faca-um-orcamento\/","url":"https:\/\/www.prolam.com.br\/faca-um-orcamento\/","name":"Fa\u00e7a um Or\u00e7amento - Prolam","isPartOf":{"@id":"https:\/\/www.prolam.com.br\/#website"},"datePublished":"2023-02-06T14:20:19+00:00","dateModified":"2024-11-08T11:43:14+00:00","description":"Fa\u00e7a um Or\u00e7amento com a Prolam, e aproveite as ofertas para os melhores insumos de termolamina\u00e7\u00e3o, plastifica\u00e7\u00e3o e encaderna\u00e7\u00e3o.","breadcrumb":{"@id":"https:\/\/www.prolam.com.br\/faca-um-orcamento\/#breadcrumb"},"inLanguage":"pt-BR","potentialAction":[{"@type":"ReadAction","target":["https:\/\/www.prolam.com.br\/faca-um-orcamento\/"]}]},{"@type":"BreadcrumbList","@id":"https:\/\/www.prolam.com.br\/faca-um-orcamento\/#breadcrumb","itemListElement":[{"@type":"ListItem","position":1,"name":"In\u00edcio","item":"https:\/\/www.prolam.com.br\/"},{"@type":"ListItem","position":2,"name":"Fa\u00e7a um Or\u00e7amento"}]},{"@type":"WebSite","@id":"https:\/\/www.prolam.com.br\/#website","url":"https:\/\/www.prolam.com.br\/","name":"Prolam","description":"Filmes para Termolamina\u00e7\u00e3o e Plastifica\u00e7\u00e3o Gr\u00e1fica","publisher":{"@id":"https:\/\/www.prolam.com.br\/#organization"},"potentialAction":[{"@type":"SearchAction","target":{"@type":"EntryPoint","urlTemplate":"https:\/\/www.prolam.com.br\/?s={search_term_string}"},"query-input":{"@type":"PropertyValueSpecification","valueRequired":true,"valueName":"search_term_string"}}],"inLanguage":"pt-BR"},{"@type":"Organization","@id":"https:\/\/www.prolam.com.br\/#organization","name":"Prolam","url":"https:\/\/www.prolam.com.br\/","logo":{"@type":"ImageObject","inLanguage":"pt-BR","@id":"https:\/\/www.prolam.com.br\/#\/schema\/logo\/image\/","url":"https:\/\/www.prolam.com.br\/wp-content\/uploads\/2023\/12\/Logos-Prolam-e-Prousiesp-Circulo-01.jpg","contentUrl":"https:\/\/www.prolam.com.br\/wp-content\/uploads\/2023\/12\/Logos-Prolam-e-Prousiesp-Circulo-01.jpg","width":1181,"height":1181,"caption":"Prolam"},"image":{"@id":"https:\/\/www.prolam.com.br\/#\/schema\/logo\/image\/"},"sameAs":["https:\/\/www.facebook.com\/Bopptermolaminacao","https:\/\/x.com\/prolam"]}]}},"_links":{"self":[{"href":"https:\/\/www.prolam.com.br\/pt\/wp-json\/wp\/v2\/pages\/3556","targetHints":{"allow":["GET"]}}],"collection":[{"href":"https:\/\/www.prolam.com.br\/pt\/wp-json\/wp\/v2\/pages"}],"about":[{"href":"https:\/\/www.prolam.com.br\/pt\/wp-json\/wp\/v2\/types\/page"}],"author":[{"embeddable":true,"href":"https:\/\/www.prolam.com.br\/pt\/wp-json\/wp\/v2\/users\/560"}],"replies":[{"embeddable":true,"href":"https:\/\/www.prolam.com.br\/pt\/wp-json\/wp\/v2\/comments?post=3556"}],"version-history":[{"count":0,"href":"https:\/\/www.prolam.com.br\/pt\/wp-json\/wp\/v2\/pages\/3556\/revisions"}],"wp:attachment":[{"href":"https:\/\/www.prolam.com.br\/pt\/wp-json\/wp\/v2\/media?parent=3556"}],"curies":[{"name":"wp","href":"https:\/\/api.w.org\/{rel}","templated":true}]}}