{"id":3453,"date":"2023-02-01T10:58:24","date_gmt":"2023-02-01T13:58:24","guid":{"rendered":"https:\/\/www.prolam.com.br\/?page_id=3453"},"modified":"2024-06-26T11:18:00","modified_gmt":"2024-06-26T14:18:00","slug":"quem-somos-prolam","status":"publish","type":"page","link":"https:\/\/www.prolam.com.br\/pt\/quem-somos-prolam\/","title":{"rendered":"Quem Somos"},"content":{"rendered":"<p>[et_pb_section fb_built=&#8221;1&#8243; module_class=&#8221;quem-somos&#8221; _builder_version=&#8221;4.18.0&#8243; _module_preset=&#8221;default&#8221; global_colors_info=&#8221;{}&#8221;][et_pb_row column_structure=&#8221;1_2,1_2&#8243; module_class=&#8221;ico-title&#8221; _builder_version=&#8221;4.18.0&#8243; _module_preset=&#8221;default&#8221; global_colors_info=&#8221;{}&#8221;][et_pb_column type=&#8221;1_2&#8243; _builder_version=&#8221;4.18.0&#8243; _module_preset=&#8221;default&#8221; global_colors_info=&#8221;{}&#8221;][et_pb_text _builder_version=&#8221;4.19.4&#8243; _module_preset=&#8221;default&#8221; global_colors_info=&#8221;{}&#8221;]<\/p>\n<h2><strong>QUEM SOMOS?<\/strong><\/h2>\n<p><strong>Conhe\u00e7a nosso trabalho<\/strong><\/p>\n<p>A <strong>Prolam<\/strong> \u00e9 uma empresa 100% brasileira, com f\u00e1bricas em S\u00e3o Paulo e Manaus.<\/p>\n<p>Precursora no mercado de termolamina\u00e7\u00e3o gr\u00e1fica no Brasil, iniciamos nossas opera\u00e7\u00f5es em 1997 e, em 2004, lan\u00e7amos a primeira linha de fabrica\u00e7\u00e3o de filmes de BOPP e PET para termolamina\u00e7\u00e3o gr\u00e1fica no Brasil.<\/p>\n<p>Em 2009 investimos para lan\u00e7ar nossa segunda linha de produ\u00e7\u00e3o, com maior largura e velocidade, capaz de atender 100% do mercado brasileiro e parte do mercado no exterior.<\/p>\n<p>Juntas, nossas f\u00e1bricas t\u00eam capacidade de produ\u00e7\u00e3o de 250 milh\u00f5es de m\u00b2 por ano de BOPP e PET para termolamina\u00e7\u00e3o, ocupando uma \u00e1rea industrial e escrit\u00f3rios de mais de 14.000 m\u00b2 e empregando mais de 200 funcion\u00e1rios.<\/p>\n<p>[\/et_pb_text][\/et_pb_column][et_pb_column type=&#8221;1_2&#8243; _builder_version=&#8221;4.18.0&#8243; _module_preset=&#8221;default&#8221; global_colors_info=&#8221;{}&#8221;][et_pb_video src=&#8221;https:\/\/youtu.be\/YwiGseC87fY&#8221; _builder_version=&#8221;4.20.0&#8243; _module_preset=&#8221;default&#8221; global_colors_info=&#8221;{}&#8221;][\/et_pb_video][\/et_pb_column][\/et_pb_row][\/et_pb_section][et_pb_section fb_built=&#8221;1&#8243; module_class=&#8221;featured triangle-green&#8221; _builder_version=&#8221;4.19.4&#8243; _module_preset=&#8221;default&#8221; background_color=&#8221;#212c35&#8243; custom_margin=&#8221;||-40px|||&#8221; custom_padding=&#8221;91px||91px||true|&#8221; global_colors_info=&#8221;{}&#8221;][et_pb_row _builder_version=&#8221;4.22.2&#8243; _module_preset=&#8221;default&#8221; custom_margin=&#8221;|auto|-3px|auto||&#8221; custom_padding=&#8221;|0px|17px|||&#8221; global_colors_info=&#8221;{}&#8221;][et_pb_column type=&#8221;4_4&#8243; _builder_version=&#8221;4.19.4&#8243; _module_preset=&#8221;default&#8221; global_colors_info=&#8221;{}&#8221;][et_pb_text admin_label=&#8221;Texto&#8221; _builder_version=&#8221;4.19.4&#8243; _module_preset=&#8221;default&#8221; text_font=&#8221;||||||||&#8221; text_text_color=&#8221;#c1c2c4&#8243; text_font_size=&#8221;16px&#8221; text_line_height=&#8221;1.5em&#8221; min_height=&#8221;385px&#8221; custom_margin=&#8221;-44px|||||&#8221; custom_padding=&#8221;20px||20px||false|false&#8221; global_colors_info=&#8221;{}&#8221;]<\/p>\n<p style=\"font-weight: 400;\">Somos o Progroup e nascemos com o objetivo de investir na ind\u00fastria brasileira e transformar os grandes players atrav\u00e9s de investimentos em empresas consolidadas no mercado. Para isso, temos adquirido empresas com expertise e hist\u00f3rico comprovado em diferentes \u00e1reas, como usinagem, caldeiraria, insumos gr\u00e1ficos e nutrac\u00eautica, atrav\u00e9s da Prousiesp, da Prolam e da Proarbros. Atrav\u00e9s delas temos uma ampla gama de solu\u00e7\u00f5es para atender \u00e0s necessidades de nossos clientes.<\/p>\n<p style=\"font-weight: 400;\">Temos a sinergia entre nossas empresas como diferencial, o que nos permite trabalhar de forma integrada e oferecer solu\u00e7\u00f5es completas e de qualidade. Isso nos destaca pela capacidade de oferecer solu\u00e7\u00f5es inovadoras e personalizadas, garantindo a satisfa\u00e7\u00e3o total de nossos clientes. Al\u00e9m disso, todas as empresas do nosso grupo seguem uma mesma cultura, o que garante uma consist\u00eancia no atendimento.<\/p>\n<p style=\"font-weight: 400;\">Temos a capacidade de atender \u00e0s diferentes demandas, independentemente da solu\u00e7\u00e3o necess\u00e1ria, gra\u00e7as a nossa expertise em diferentes \u00e1reas. Isso nos permite oferecer as melhores sa\u00eddas para cada necessidade. Com nossa estrutura, estamos preparados para ajudar voc\u00ea, nosso cliente, a alcan\u00e7ar seus objetivos.<\/p>\n<p style=\"font-weight: 400;\">Para saber mais sobre como cada uma delas pode te ajudar, acesse os sites abaixo:<\/p>\n<p>[\/et_pb_text][\/et_pb_column][\/et_pb_row][et_pb_row _builder_version=&#8221;4.22.2&#8243; _module_preset=&#8221;default&#8221; global_colors_info=&#8221;{}&#8221;][et_pb_column type=&#8221;4_4&#8243; _builder_version=&#8221;4.22.2&#8243; _module_preset=&#8221;default&#8221; global_colors_info=&#8221;{}&#8221;][et_pb_image src=&#8221;https:\/\/www.prolam.com.br\/wp-content\/uploads\/2023\/12\/prolamLogo.png&#8221; title_text=&#8221;prolamLogo&#8221; url=&#8221;https:\/\/www.prolam.com.br&#8221; url_new_window=&#8221;on&#8221; _builder_version=&#8221;4.22.2&#8243; _module_preset=&#8221;default&#8221; custom_margin=&#8221;|30px|||false|false&#8221; custom_css_main_element=&#8221;display: inline !important;&#8221; global_colors_info=&#8221;{}&#8221;][\/et_pb_image][et_pb_image src=&#8221;https:\/\/www.prolam.com.br\/wp-content\/uploads\/2023\/12\/proarbrosLogo.png&#8221; title_text=&#8221;proarbrosLogo&#8221; url=&#8221;https:\/\/proarbros.com.br&#8221; url_new_window=&#8221;on&#8221; admin_label=&#8221;Imagem&#8221; _builder_version=&#8221;4.22.2&#8243; _module_preset=&#8221;default&#8221; custom_margin=&#8221;|30px|||false|false&#8221; custom_css_main_element=&#8221;display: inline !important;&#8221; global_colors_info=&#8221;{}&#8221;][\/et_pb_image][et_pb_image src=&#8221;https:\/\/www.prolam.com.br\/wp-content\/uploads\/2023\/12\/prousiespLogo.png&#8221; title_text=&#8221;prousiespLogo&#8221; url=&#8221;https:\/\/prousiesp.com.br&#8221; url_new_window=&#8221;on&#8221; _builder_version=&#8221;4.22.2&#8243; _module_preset=&#8221;default&#8221; custom_margin=&#8221;|30px|||false|false&#8221; custom_css_main_element=&#8221;display: inline !important;&#8221; global_colors_info=&#8221;{}&#8221;][\/et_pb_image][\/et_pb_column][\/et_pb_row][\/et_pb_section]<\/p>\n","protected":false},"excerpt":{"rendered":"<p>QUEM SOMOS? Conhe\u00e7a nosso trabalho A Prolam \u00e9 uma empresa 100% brasileira, com f\u00e1bricas em S\u00e3o Paulo e Manaus. Precursora no mercado de termolamina\u00e7\u00e3o gr\u00e1fica no Brasil, iniciamos nossas opera\u00e7\u00f5es em 1997 e, em 2004, lan\u00e7amos a primeira linha de fabrica\u00e7\u00e3o de filmes de BOPP e PET para termolamina\u00e7\u00e3o gr\u00e1fica no Brasil. Em 2009 investimos [&hellip;]<\/p>\n","protected":false},"author":560,"featured_media":0,"parent":0,"menu_order":0,"comment_status":"closed","ping_status":"closed","template":"","meta":{"_acf_changed":false,"_et_pb_use_builder":"on","_et_pb_old_content":"","_et_gb_content_width":"","footnotes":""},"class_list":["post-3453","page","type-page","status-publish","hentry"],"acf":[],"yoast_head":"<!-- This site is optimized with the Yoast SEO plugin v26.9 - https:\/\/yoast.com\/product\/yoast-seo-wordpress\/ -->\n<title>Quem Somos - Prolam<\/title>\n<meta name=\"description\" content=\"Na Prolam, nossa paix\u00e3o \u00e9 transformar ideias em realidade. H\u00e1 mais de duas d\u00e9cadas, lideramos o mercado brasileiro de termolamina\u00e7\u00e3o gr\u00e1fica.\" \/>\n<meta name=\"robots\" content=\"index, follow, max-snippet:-1, max-image-preview:large, max-video-preview:-1\" \/>\n<link rel=\"canonical\" href=\"https:\/\/www.prolam.com.br\/pt\/quem-somos-prolam\/\" \/>\n<meta property=\"og:locale\" content=\"pt_BR\" \/>\n<meta property=\"og:type\" content=\"article\" \/>\n<meta property=\"og:title\" content=\"Quem Somos - Prolam\" \/>\n<meta property=\"og:description\" content=\"Na Prolam, nossa paix\u00e3o \u00e9 transformar ideias em realidade. H\u00e1 mais de duas d\u00e9cadas, lideramos o mercado brasileiro de termolamina\u00e7\u00e3o gr\u00e1fica.\" \/>\n<meta property=\"og:url\" content=\"https:\/\/www.prolam.com.br\/pt\/quem-somos-prolam\/\" \/>\n<meta property=\"og:site_name\" content=\"Prolam\" \/>\n<meta property=\"article:publisher\" content=\"https:\/\/www.facebook.com\/Bopptermolaminacao\" \/>\n<meta property=\"article:modified_time\" content=\"2024-06-26T14:18:00+00:00\" \/>\n<meta name=\"twitter:card\" content=\"summary_large_image\" \/>\n<meta name=\"twitter:site\" content=\"@prolam\" \/>\n<meta name=\"twitter:label1\" content=\"Est. tempo de leitura\" \/>\n\t<meta name=\"twitter:data1\" content=\"3 minutos\" \/>\n<script type=\"application\/ld+json\" class=\"yoast-schema-graph\">{\"@context\":\"https:\/\/schema.org\",\"@graph\":[{\"@type\":\"WebPage\",\"@id\":\"https:\/\/www.prolam.com.br\/pt\/quem-somos-prolam\/\",\"url\":\"https:\/\/www.prolam.com.br\/pt\/quem-somos-prolam\/\",\"name\":\"Quem Somos - Prolam\",\"isPartOf\":{\"@id\":\"https:\/\/www.prolam.com.br\/#website\"},\"datePublished\":\"2023-02-01T13:58:24+00:00\",\"dateModified\":\"2024-06-26T14:18:00+00:00\",\"description\":\"Na Prolam, nossa paix\u00e3o \u00e9 transformar ideias em realidade. H\u00e1 mais de duas d\u00e9cadas, lideramos o mercado brasileiro de termolamina\u00e7\u00e3o gr\u00e1fica.\",\"breadcrumb\":{\"@id\":\"https:\/\/www.prolam.com.br\/pt\/quem-somos-prolam\/#breadcrumb\"},\"inLanguage\":\"pt-BR\",\"potentialAction\":[{\"@type\":\"ReadAction\",\"target\":[\"https:\/\/www.prolam.com.br\/pt\/quem-somos-prolam\/\"]}]},{\"@type\":\"BreadcrumbList\",\"@id\":\"https:\/\/www.prolam.com.br\/pt\/quem-somos-prolam\/#breadcrumb\",\"itemListElement\":[{\"@type\":\"ListItem\",\"position\":1,\"name\":\"In\u00edcio\",\"item\":\"https:\/\/www.prolam.com.br\/\"},{\"@type\":\"ListItem\",\"position\":2,\"name\":\"Quem Somos\"}]},{\"@type\":\"WebSite\",\"@id\":\"https:\/\/www.prolam.com.br\/#website\",\"url\":\"https:\/\/www.prolam.com.br\/\",\"name\":\"Prolam\",\"description\":\"Filmes para Termolamina\u00e7\u00e3o e Plastifica\u00e7\u00e3o Gr\u00e1fica\",\"publisher\":{\"@id\":\"https:\/\/www.prolam.com.br\/#organization\"},\"potentialAction\":[{\"@type\":\"SearchAction\",\"target\":{\"@type\":\"EntryPoint\",\"urlTemplate\":\"https:\/\/www.prolam.com.br\/?s={search_term_string}\"},\"query-input\":{\"@type\":\"PropertyValueSpecification\",\"valueRequired\":true,\"valueName\":\"search_term_string\"}}],\"inLanguage\":\"pt-BR\"},{\"@type\":\"Organization\",\"@id\":\"https:\/\/www.prolam.com.br\/#organization\",\"name\":\"Prolam\",\"url\":\"https:\/\/www.prolam.com.br\/\",\"logo\":{\"@type\":\"ImageObject\",\"inLanguage\":\"pt-BR\",\"@id\":\"https:\/\/www.prolam.com.br\/#\/schema\/logo\/image\/\",\"url\":\"https:\/\/www.prolam.com.br\/wp-content\/uploads\/2023\/12\/Logos-Prolam-e-Prousiesp-Circulo-01.jpg\",\"contentUrl\":\"https:\/\/www.prolam.com.br\/wp-content\/uploads\/2023\/12\/Logos-Prolam-e-Prousiesp-Circulo-01.jpg\",\"width\":1181,\"height\":1181,\"caption\":\"Prolam\"},\"image\":{\"@id\":\"https:\/\/www.prolam.com.br\/#\/schema\/logo\/image\/\"},\"sameAs\":[\"https:\/\/www.facebook.com\/Bopptermolaminacao\",\"https:\/\/x.com\/prolam\"]}]}<\/script>\n<!-- \/ Yoast SEO plugin. -->","yoast_head_json":{"title":"Quem Somos - Prolam","description":"Na Prolam, nossa paix\u00e3o \u00e9 transformar ideias em realidade. H\u00e1 mais de duas d\u00e9cadas, lideramos o mercado brasileiro de termolamina\u00e7\u00e3o gr\u00e1fica.","robots":{"index":"index","follow":"follow","max-snippet":"max-snippet:-1","max-image-preview":"max-image-preview:large","max-video-preview":"max-video-preview:-1"},"canonical":"https:\/\/www.prolam.com.br\/pt\/quem-somos-prolam\/","og_locale":"pt_BR","og_type":"article","og_title":"Quem Somos - Prolam","og_description":"Na Prolam, nossa paix\u00e3o \u00e9 transformar ideias em realidade. H\u00e1 mais de duas d\u00e9cadas, lideramos o mercado brasileiro de termolamina\u00e7\u00e3o gr\u00e1fica.","og_url":"https:\/\/www.prolam.com.br\/pt\/quem-somos-prolam\/","og_site_name":"Prolam","article_publisher":"https:\/\/www.facebook.com\/Bopptermolaminacao","article_modified_time":"2024-06-26T14:18:00+00:00","twitter_card":"summary_large_image","twitter_site":"@prolam","twitter_misc":{"Est. tempo de leitura":"3 minutos"},"schema":{"@context":"https:\/\/schema.org","@graph":[{"@type":"WebPage","@id":"https:\/\/www.prolam.com.br\/pt\/quem-somos-prolam\/","url":"https:\/\/www.prolam.com.br\/pt\/quem-somos-prolam\/","name":"Quem Somos - Prolam","isPartOf":{"@id":"https:\/\/www.prolam.com.br\/#website"},"datePublished":"2023-02-01T13:58:24+00:00","dateModified":"2024-06-26T14:18:00+00:00","description":"Na Prolam, nossa paix\u00e3o \u00e9 transformar ideias em realidade. H\u00e1 mais de duas d\u00e9cadas, lideramos o mercado brasileiro de termolamina\u00e7\u00e3o gr\u00e1fica.","breadcrumb":{"@id":"https:\/\/www.prolam.com.br\/pt\/quem-somos-prolam\/#breadcrumb"},"inLanguage":"pt-BR","potentialAction":[{"@type":"ReadAction","target":["https:\/\/www.prolam.com.br\/pt\/quem-somos-prolam\/"]}]},{"@type":"BreadcrumbList","@id":"https:\/\/www.prolam.com.br\/pt\/quem-somos-prolam\/#breadcrumb","itemListElement":[{"@type":"ListItem","position":1,"name":"In\u00edcio","item":"https:\/\/www.prolam.com.br\/"},{"@type":"ListItem","position":2,"name":"Quem Somos"}]},{"@type":"WebSite","@id":"https:\/\/www.prolam.com.br\/#website","url":"https:\/\/www.prolam.com.br\/","name":"Prolam","description":"Filmes para Termolamina\u00e7\u00e3o e Plastifica\u00e7\u00e3o Gr\u00e1fica","publisher":{"@id":"https:\/\/www.prolam.com.br\/#organization"},"potentialAction":[{"@type":"SearchAction","target":{"@type":"EntryPoint","urlTemplate":"https:\/\/www.prolam.com.br\/?s={search_term_string}"},"query-input":{"@type":"PropertyValueSpecification","valueRequired":true,"valueName":"search_term_string"}}],"inLanguage":"pt-BR"},{"@type":"Organization","@id":"https:\/\/www.prolam.com.br\/#organization","name":"Prolam","url":"https:\/\/www.prolam.com.br\/","logo":{"@type":"ImageObject","inLanguage":"pt-BR","@id":"https:\/\/www.prolam.com.br\/#\/schema\/logo\/image\/","url":"https:\/\/www.prolam.com.br\/wp-content\/uploads\/2023\/12\/Logos-Prolam-e-Prousiesp-Circulo-01.jpg","contentUrl":"https:\/\/www.prolam.com.br\/wp-content\/uploads\/2023\/12\/Logos-Prolam-e-Prousiesp-Circulo-01.jpg","width":1181,"height":1181,"caption":"Prolam"},"image":{"@id":"https:\/\/www.prolam.com.br\/#\/schema\/logo\/image\/"},"sameAs":["https:\/\/www.facebook.com\/Bopptermolaminacao","https:\/\/x.com\/prolam"]}]}},"_links":{"self":[{"href":"https:\/\/www.prolam.com.br\/pt\/wp-json\/wp\/v2\/pages\/3453","targetHints":{"allow":["GET"]}}],"collection":[{"href":"https:\/\/www.prolam.com.br\/pt\/wp-json\/wp\/v2\/pages"}],"about":[{"href":"https:\/\/www.prolam.com.br\/pt\/wp-json\/wp\/v2\/types\/page"}],"author":[{"embeddable":true,"href":"https:\/\/www.prolam.com.br\/pt\/wp-json\/wp\/v2\/users\/560"}],"replies":[{"embeddable":true,"href":"https:\/\/www.prolam.com.br\/pt\/wp-json\/wp\/v2\/comments?post=3453"}],"version-history":[{"count":0,"href":"https:\/\/www.prolam.com.br\/pt\/wp-json\/wp\/v2\/pages\/3453\/revisions"}],"wp:attachment":[{"href":"https:\/\/www.prolam.com.br\/pt\/wp-json\/wp\/v2\/media?parent=3453"}],"curies":[{"name":"wp","href":"https:\/\/api.w.org\/{rel}","templated":true}]}}