{"id":2400,"date":"2022-12-08T12:03:46","date_gmt":"2022-12-08T15:03:46","guid":{"rendered":"https:\/\/www.prolam.com.br\/?page_id=2400"},"modified":"2024-07-25T15:34:15","modified_gmt":"2024-07-25T18:34:15","slug":"fale-conosco","status":"publish","type":"page","link":"https:\/\/www.prolam.com.br\/pt\/fale-conosco\/","title":{"rendered":"Fale Conosco"},"content":{"rendered":"<p>[et_pb_section fb_built=&#8221;1&#8243; module_class=&#8221;ico-title section-triangle-green-left&#8221; _builder_version=&#8221;4.18.0&#8243; _module_preset=&#8221;default&#8221; global_colors_info=&#8221;{}&#8221;][et_pb_row column_structure=&#8221;1_2,1_2&#8243; admin_label=&#8221;Linha&#8221; _builder_version=&#8221;4.24.0&#8243; _module_preset=&#8221;default&#8221; global_colors_info=&#8221;{}&#8221;][et_pb_column type=&#8221;1_2&#8243; _builder_version=&#8221;4.18.0&#8243; _module_preset=&#8221;default&#8221; global_colors_info=&#8221;{}&#8221;][et_pb_text _builder_version=&#8221;4.18.0&#8243; _module_preset=&#8221;default&#8221; global_colors_info=&#8221;{}&#8221;]<\/p>\n<h2><strong>FALE CONOSCO<\/strong><\/h2>\n<p>Tem d\u00favidas ou sugest\u00f5es? Nos mande uma mensagem!<br \/>\n[\/et_pb_text][et_pb_contact_form use_redirect=&#8221;on&#8221; redirect_url=&#8221;https:\/\/www.prolam.com.br\/obrigado-pelo-contato&#8221; _builder_version=&#8221;4.24.0&#8243; _module_preset=&#8221;default&#8221; _unique_id=&#8221;16357437-5c35-4d75-969e-7ee5c1ee9fca&#8221; global_colors_info=&#8221;{}&#8221;][et_pb_contact_field field_id=&#8221;Name&#8221; field_title=&#8221;Nome&#8221; allowed_symbols=&#8221;letters&#8221; fullwidth_field=&#8221;on&#8221; _builder_version=&#8221;4.24.0&#8243; global_colors_info=&#8221;{}&#8221; button_text_size__hover_enabled=&#8221;off&#8221; button_one_text_size__hover_enabled=&#8221;off&#8221; button_two_text_size__hover_enabled=&#8221;off&#8221; button_text_color__hover_enabled=&#8221;off&#8221; button_one_text_color__hover_enabled=&#8221;off&#8221; button_two_text_color__hover_enabled=&#8221;off&#8221; button_border_width__hover_enabled=&#8221;off&#8221; button_one_border_width__hover_enabled=&#8221;off&#8221; button_two_border_width__hover_enabled=&#8221;off&#8221; button_border_color__hover_enabled=&#8221;off&#8221; button_one_border_color__hover_enabled=&#8221;off&#8221; button_two_border_color__hover_enabled=&#8221;off&#8221; button_border_radius__hover_enabled=&#8221;off&#8221; button_one_border_radius__hover_enabled=&#8221;off&#8221; button_two_border_radius__hover_enabled=&#8221;off&#8221; button_letter_spacing__hover_enabled=&#8221;off&#8221; button_one_letter_spacing__hover_enabled=&#8221;off&#8221; button_two_letter_spacing__hover_enabled=&#8221;off&#8221; button_bg_color__hover_enabled=&#8221;off&#8221; button_one_bg_color__hover_enabled=&#8221;off&#8221; button_two_bg_color__hover_enabled=&#8221;off&#8221;][\/et_pb_contact_field][et_pb_contact_field field_id=&#8221;CNPJ_ou_CPF&#8221; field_title=&#8221;CNPJ ou CPF&#8221; allowed_symbols=&#8221;numbers&#8221; fullwidth_field=&#8221;on&#8221; _builder_version=&#8221;4.24.0&#8243; global_colors_info=&#8221;{}&#8221; button_text_size__hover_enabled=&#8221;off&#8221; button_one_text_size__hover_enabled=&#8221;off&#8221; button_two_text_size__hover_enabled=&#8221;off&#8221; button_text_color__hover_enabled=&#8221;off&#8221; button_one_text_color__hover_enabled=&#8221;off&#8221; button_two_text_color__hover_enabled=&#8221;off&#8221; button_border_width__hover_enabled=&#8221;off&#8221; button_one_border_width__hover_enabled=&#8221;off&#8221; button_two_border_width__hover_enabled=&#8221;off&#8221; button_border_color__hover_enabled=&#8221;off&#8221; button_one_border_color__hover_enabled=&#8221;off&#8221; button_two_border_color__hover_enabled=&#8221;off&#8221; button_border_radius__hover_enabled=&#8221;off&#8221; button_one_border_radius__hover_enabled=&#8221;off&#8221; button_two_border_radius__hover_enabled=&#8221;off&#8221; button_letter_spacing__hover_enabled=&#8221;off&#8221; button_one_letter_spacing__hover_enabled=&#8221;off&#8221; button_two_letter_spacing__hover_enabled=&#8221;off&#8221; button_bg_color__hover_enabled=&#8221;off&#8221; button_one_bg_color__hover_enabled=&#8221;off&#8221; button_two_bg_color__hover_enabled=&#8221;off&#8221;][\/et_pb_contact_field][et_pb_contact_field field_id=&#8221;Email&#8221; field_title=&#8221;E-mail&#8221; field_type=&#8221;email&#8221; fullwidth_field=&#8221;on&#8221; _builder_version=&#8221;4.24.0&#8243; global_colors_info=&#8221;{}&#8221; button_text_size__hover_enabled=&#8221;off&#8221; button_one_text_size__hover_enabled=&#8221;off&#8221; button_two_text_size__hover_enabled=&#8221;off&#8221; button_text_color__hover_enabled=&#8221;off&#8221; button_one_text_color__hover_enabled=&#8221;off&#8221; button_two_text_color__hover_enabled=&#8221;off&#8221; button_border_width__hover_enabled=&#8221;off&#8221; button_one_border_width__hover_enabled=&#8221;off&#8221; button_two_border_width__hover_enabled=&#8221;off&#8221; button_border_color__hover_enabled=&#8221;off&#8221; button_one_border_color__hover_enabled=&#8221;off&#8221; button_two_border_color__hover_enabled=&#8221;off&#8221; button_border_radius__hover_enabled=&#8221;off&#8221; button_one_border_radius__hover_enabled=&#8221;off&#8221; button_two_border_radius__hover_enabled=&#8221;off&#8221; button_letter_spacing__hover_enabled=&#8221;off&#8221; button_one_letter_spacing__hover_enabled=&#8221;off&#8221; button_two_letter_spacing__hover_enabled=&#8221;off&#8221; button_bg_color__hover_enabled=&#8221;off&#8221; button_one_bg_color__hover_enabled=&#8221;off&#8221; button_two_bg_color__hover_enabled=&#8221;off&#8221;][\/et_pb_contact_field][et_pb_contact_field field_id=&#8221;Celular&#8221; field_title=&#8221;Celular&#8221; allowed_symbols=&#8221;numbers&#8221; fullwidth_field=&#8221;on&#8221; _builder_version=&#8221;4.24.0&#8243; global_colors_info=&#8221;{}&#8221; button_text_size__hover_enabled=&#8221;off&#8221; button_one_text_size__hover_enabled=&#8221;off&#8221; button_two_text_size__hover_enabled=&#8221;off&#8221; button_text_color__hover_enabled=&#8221;off&#8221; button_one_text_color__hover_enabled=&#8221;off&#8221; button_two_text_color__hover_enabled=&#8221;off&#8221; button_border_width__hover_enabled=&#8221;off&#8221; button_one_border_width__hover_enabled=&#8221;off&#8221; button_two_border_width__hover_enabled=&#8221;off&#8221; button_border_color__hover_enabled=&#8221;off&#8221; button_one_border_color__hover_enabled=&#8221;off&#8221; button_two_border_color__hover_enabled=&#8221;off&#8221; button_border_radius__hover_enabled=&#8221;off&#8221; button_one_border_radius__hover_enabled=&#8221;off&#8221; button_two_border_radius__hover_enabled=&#8221;off&#8221; button_letter_spacing__hover_enabled=&#8221;off&#8221; button_one_letter_spacing__hover_enabled=&#8221;off&#8221; button_two_letter_spacing__hover_enabled=&#8221;off&#8221; button_bg_color__hover_enabled=&#8221;off&#8221; button_one_bg_color__hover_enabled=&#8221;off&#8221; button_two_bg_color__hover_enabled=&#8221;off&#8221;][\/et_pb_contact_field][et_pb_contact_field field_id=&#8221;Assunto&#8221; field_title=&#8221;Assunto&#8221; fullwidth_field=&#8221;on&#8221; _builder_version=&#8221;4.24.0&#8243; _module_preset=&#8221;default&#8221; global_colors_info=&#8221;{}&#8221;][\/et_pb_contact_field][et_pb_contact_field field_id=&#8221;Mensagem&#8221; field_title=&#8221;Mensagem&#8221; field_type=&#8221;text&#8221; fullwidth_field=&#8221;on&#8221; _builder_version=&#8221;4.24.0&#8243; _module_preset=&#8221;default&#8221; global_colors_info=&#8221;{}&#8221;][\/et_pb_contact_field][\/et_pb_contact_form][\/et_pb_column][et_pb_column type=&#8221;1_2&#8243; _builder_version=&#8221;4.18.0&#8243; _module_preset=&#8221;default&#8221; global_colors_info=&#8221;{}&#8221;][et_pb_text _builder_version=&#8221;4.24.0&#8243; _module_preset=&#8221;default&#8221; text_text_color=&#8221;#212c35&#8243; link_option_url_new_window=&#8221;on&#8221; global_colors_info=&#8221;{}&#8221;]<\/p>\n<p><span style=\"color: #711779;\"><strong>ENDERE\u00c7O<\/strong><\/span><br \/>Rua do Curtume, 738, Lapa de Baixo, S\u00e3o Paulo \u2013 SP, CEP 05065-001<\/p>\n<p><span style=\"font-size: small; display: inline-block; border: 1px solid #a67bb7; padding: 3px 8px; color: #00ff00; border-radius: 40px;\"><a style=\"color: #212c35;\" href=\"https:\/\/www.google.com.br\/maps\/dir\/\/Rua+do+Curtume,+738+-+Lapa+de+Baixo,+S%C3%A3o+Paulo+-+SP,+05065-001\/@-23.5156644,-46.6979599,17z\/data=!4m8!4m7!1m0!1m5!1m1!1s0x94cef8696a908f17:0x6652aaa7ecfc939!2m2!1d-46.6957712!2d-23.5156693\" target=\"_blank\" rel=\"noopener\">Tra\u00e7ar Rota<\/a><\/span><\/p>\n<p><span style=\"color: #711779;\"><strong>TELEFONE<\/strong><\/span><\/p>\n<p style=\"font-weight: 400;\"><span style=\"color: #333333;\">11 2050-1045 (Vendas)<\/span> <a style=\"color: #a349a4;\" href=\"tel:+551120501045\">Clique aqui para ligar<\/a><br \/><span style=\"color: #333333;\">11 2050-1030 (Demais Departamentos)<\/span><br \/><span style=\"color: #333333;\">11 3616-3404<\/span> <span style=\"color: #339966;\"><strong>*WhatsApp <\/strong><span style=\"color: #333333;\">e Telefone*<\/span><\/span><br \/><span style=\"color: #333333;\">11 98383-1244<\/span> <span style=\"color: #339966;\"><strong>*Somente WhatsApp*<\/strong><\/span><\/p>\n<p><span style=\"color: #711779;\"><strong><a href='https:\/\/api.whatsapp.com\/send\/?phone=5511983831244&#038;text=Ol%C3%A1%2C+vim+pelo+FALECONOSCO+site+Prolam+gostaria+de+saber+mais&#038;utm_source=Link+da+Bio+do+RD+Station&#038;utm_medium=social&#038;utm_campaign=CTA+no+Link+da+Bio' class='small-button smallgreen' target=\"_blank\">WhatsApp<\/a> <\/strong><\/span><\/p>\n<p><strong> <\/strong><\/p>\n<p><strong>EMAIL<\/strong><br \/><a href=\"mailto:vendas@prolam.com.br\">vendas@prolam.com.br<\/a><br \/><a href=\"mailto:mkt@prolam.com.br\">mkt@prolam.com.br<\/a><br \/><a href=\"mailto:trabalheconosco@prolam.com.br\">trabalheconosco@prolam.com.br<\/a><\/p>\n<p><span style=\"color: #711779;\"><strong>UNIDADES<\/strong><\/span><\/p>\n<p><span style=\"color: #333333;\"><strong>Sede<\/strong><\/span><br \/><span style=\"color: #333333;\">Rua do Curtume, 738,<\/span><br \/><span style=\"color: #333333;\">Lapa de Baixo, S\u00e3o Paulo \u2013 SP, CEP 05065-001<\/span><\/p>\n<p><span style=\"color: #333333;\"><strong>Filial<\/strong><\/span><br \/><span style=\"color: #333333;\">Belo Horizonte \u2013 MG<br \/><\/span><span>Telefone: +55 (31) 97400-2551 \/ +55 (31) 3653-8241<\/span><br \/><span style=\"color: #333333;\">E-mail:<\/span> <a href=\"mailto:filial.mg@prolam.com.br\">filial.mg@prolam.com.br<\/a><\/p>\n<p>[\/et_pb_text][\/et_pb_column][\/et_pb_row][\/et_pb_section]<\/p>\n","protected":false},"excerpt":{"rendered":"<p>FALE CONOSCO Tem d\u00favidas ou sugest\u00f5es? Nos mande uma mensagem! ENDERE\u00c7ORua do Curtume, 738, Lapa de Baixo, S\u00e3o Paulo \u2013 SP, CEP 05065-001 Tra\u00e7ar Rota TELEFONE 11 2050-1045 (Vendas) Clique aqui para ligar11 2050-1030 (Demais Departamentos)11 3616-3404 *WhatsApp e Telefone*11 98383-1244 *Somente WhatsApp* <a href='https:\/\/api.whatsapp.com\/send\/?phone=5511983831244&#038;text=Ol%C3%A1%2C+vim+pelo+FALECONOSCO+site+Prolam+gostaria+de+saber+mais&#038;utm_source=Link+da+Bio+do+RD+Station&#038;utm_medium=social&#038;utm_campaign=CTA+no+Link+da+Bio' class='small-button smallgreen' target=\"_blank\">WhatsApp<\/a> EMAILvendas@prolam.com.brmkt@prolam.com.brtrabalheconosco@prolam.com.br UNIDADES SedeRua do Curtume, 738,Lapa de [&hellip;]<\/p>\n","protected":false},"author":560,"featured_media":0,"parent":0,"menu_order":0,"comment_status":"closed","ping_status":"closed","template":"","meta":{"_acf_changed":false,"_et_pb_use_builder":"on","_et_pb_old_content":"","_et_gb_content_width":"","footnotes":""},"class_list":["post-2400","page","type-page","status-publish","hentry"],"acf":[],"yoast_head":"<!-- This site is optimized with the Yoast SEO plugin v26.9 - https:\/\/yoast.com\/product\/yoast-seo-wordpress\/ -->\n<title>Fale Conosco - Prolam<\/title>\n<meta name=\"robots\" content=\"index, follow, max-snippet:-1, max-image-preview:large, max-video-preview:-1\" \/>\n<link rel=\"canonical\" href=\"https:\/\/www.prolam.com.br\/pt\/fale-conosco\/\" \/>\n<meta property=\"og:locale\" content=\"pt_BR\" \/>\n<meta property=\"og:type\" content=\"article\" \/>\n<meta property=\"og:title\" content=\"Fale Conosco - Prolam\" \/>\n<meta property=\"og:description\" content=\"FALE CONOSCO Tem d\u00favidas ou sugest\u00f5es? Nos mande uma mensagem! ENDERE\u00c7ORua do Curtume, 738, Lapa de Baixo, S\u00e3o Paulo \u2013 SP, CEP 05065-001 Tra\u00e7ar Rota TELEFONE 11 2050-1045 (Vendas) Clique aqui para ligar11 2050-1030 (Demais Departamentos)11 3616-3404 *WhatsApp e Telefone*11 98383-1244 *Somente WhatsApp* EMAILvendas@prolam.com.brmkt@prolam.com.brtrabalheconosco@prolam.com.br UNIDADES SedeRua do Curtume, 738,Lapa de [&hellip;]\" \/>\n<meta property=\"og:url\" content=\"https:\/\/www.prolam.com.br\/pt\/fale-conosco\/\" \/>\n<meta property=\"og:site_name\" content=\"Prolam\" \/>\n<meta property=\"article:publisher\" content=\"https:\/\/www.facebook.com\/Bopptermolaminacao\" \/>\n<meta property=\"article:modified_time\" content=\"2024-07-25T18:34:15+00:00\" \/>\n<meta name=\"twitter:card\" content=\"summary_large_image\" \/>\n<meta name=\"twitter:site\" content=\"@prolam\" \/>\n<meta name=\"twitter:label1\" content=\"Est. tempo de leitura\" \/>\n\t<meta name=\"twitter:data1\" content=\"1 minuto\" \/>\n<script type=\"application\/ld+json\" class=\"yoast-schema-graph\">{\"@context\":\"https:\/\/schema.org\",\"@graph\":[{\"@type\":\"WebPage\",\"@id\":\"https:\/\/www.prolam.com.br\/pt\/fale-conosco\/\",\"url\":\"https:\/\/www.prolam.com.br\/pt\/fale-conosco\/\",\"name\":\"Fale Conosco - Prolam\",\"isPartOf\":{\"@id\":\"https:\/\/www.prolam.com.br\/#website\"},\"datePublished\":\"2022-12-08T15:03:46+00:00\",\"dateModified\":\"2024-07-25T18:34:15+00:00\",\"breadcrumb\":{\"@id\":\"https:\/\/www.prolam.com.br\/pt\/fale-conosco\/#breadcrumb\"},\"inLanguage\":\"pt-BR\",\"potentialAction\":[{\"@type\":\"ReadAction\",\"target\":[\"https:\/\/www.prolam.com.br\/pt\/fale-conosco\/\"]}]},{\"@type\":\"BreadcrumbList\",\"@id\":\"https:\/\/www.prolam.com.br\/pt\/fale-conosco\/#breadcrumb\",\"itemListElement\":[{\"@type\":\"ListItem\",\"position\":1,\"name\":\"In\u00edcio\",\"item\":\"https:\/\/www.prolam.com.br\/\"},{\"@type\":\"ListItem\",\"position\":2,\"name\":\"Fale Conosco\"}]},{\"@type\":\"WebSite\",\"@id\":\"https:\/\/www.prolam.com.br\/#website\",\"url\":\"https:\/\/www.prolam.com.br\/\",\"name\":\"Prolam\",\"description\":\"Filmes para Termolamina\u00e7\u00e3o e Plastifica\u00e7\u00e3o Gr\u00e1fica\",\"publisher\":{\"@id\":\"https:\/\/www.prolam.com.br\/#organization\"},\"potentialAction\":[{\"@type\":\"SearchAction\",\"target\":{\"@type\":\"EntryPoint\",\"urlTemplate\":\"https:\/\/www.prolam.com.br\/?s={search_term_string}\"},\"query-input\":{\"@type\":\"PropertyValueSpecification\",\"valueRequired\":true,\"valueName\":\"search_term_string\"}}],\"inLanguage\":\"pt-BR\"},{\"@type\":\"Organization\",\"@id\":\"https:\/\/www.prolam.com.br\/#organization\",\"name\":\"Prolam\",\"url\":\"https:\/\/www.prolam.com.br\/\",\"logo\":{\"@type\":\"ImageObject\",\"inLanguage\":\"pt-BR\",\"@id\":\"https:\/\/www.prolam.com.br\/#\/schema\/logo\/image\/\",\"url\":\"https:\/\/www.prolam.com.br\/wp-content\/uploads\/2023\/12\/Logos-Prolam-e-Prousiesp-Circulo-01.jpg\",\"contentUrl\":\"https:\/\/www.prolam.com.br\/wp-content\/uploads\/2023\/12\/Logos-Prolam-e-Prousiesp-Circulo-01.jpg\",\"width\":1181,\"height\":1181,\"caption\":\"Prolam\"},\"image\":{\"@id\":\"https:\/\/www.prolam.com.br\/#\/schema\/logo\/image\/\"},\"sameAs\":[\"https:\/\/www.facebook.com\/Bopptermolaminacao\",\"https:\/\/x.com\/prolam\"]}]}<\/script>\n<!-- \/ Yoast SEO plugin. -->","yoast_head_json":{"title":"Fale Conosco - Prolam","robots":{"index":"index","follow":"follow","max-snippet":"max-snippet:-1","max-image-preview":"max-image-preview:large","max-video-preview":"max-video-preview:-1"},"canonical":"https:\/\/www.prolam.com.br\/pt\/fale-conosco\/","og_locale":"pt_BR","og_type":"article","og_title":"Fale Conosco - Prolam","og_description":"FALE CONOSCO Tem d\u00favidas ou sugest\u00f5es? Nos mande uma mensagem! ENDERE\u00c7ORua do Curtume, 738, Lapa de Baixo, S\u00e3o Paulo \u2013 SP, CEP 05065-001 Tra\u00e7ar Rota TELEFONE 11 2050-1045 (Vendas) Clique aqui para ligar11 2050-1030 (Demais Departamentos)11 3616-3404 *WhatsApp e Telefone*11 98383-1244 *Somente WhatsApp* EMAILvendas@prolam.com.brmkt@prolam.com.brtrabalheconosco@prolam.com.br UNIDADES SedeRua do Curtume, 738,Lapa de [&hellip;]","og_url":"https:\/\/www.prolam.com.br\/pt\/fale-conosco\/","og_site_name":"Prolam","article_publisher":"https:\/\/www.facebook.com\/Bopptermolaminacao","article_modified_time":"2024-07-25T18:34:15+00:00","twitter_card":"summary_large_image","twitter_site":"@prolam","twitter_misc":{"Est. tempo de leitura":"1 minuto"},"schema":{"@context":"https:\/\/schema.org","@graph":[{"@type":"WebPage","@id":"https:\/\/www.prolam.com.br\/pt\/fale-conosco\/","url":"https:\/\/www.prolam.com.br\/pt\/fale-conosco\/","name":"Fale Conosco - Prolam","isPartOf":{"@id":"https:\/\/www.prolam.com.br\/#website"},"datePublished":"2022-12-08T15:03:46+00:00","dateModified":"2024-07-25T18:34:15+00:00","breadcrumb":{"@id":"https:\/\/www.prolam.com.br\/pt\/fale-conosco\/#breadcrumb"},"inLanguage":"pt-BR","potentialAction":[{"@type":"ReadAction","target":["https:\/\/www.prolam.com.br\/pt\/fale-conosco\/"]}]},{"@type":"BreadcrumbList","@id":"https:\/\/www.prolam.com.br\/pt\/fale-conosco\/#breadcrumb","itemListElement":[{"@type":"ListItem","position":1,"name":"In\u00edcio","item":"https:\/\/www.prolam.com.br\/"},{"@type":"ListItem","position":2,"name":"Fale Conosco"}]},{"@type":"WebSite","@id":"https:\/\/www.prolam.com.br\/#website","url":"https:\/\/www.prolam.com.br\/","name":"Prolam","description":"Filmes para Termolamina\u00e7\u00e3o e Plastifica\u00e7\u00e3o Gr\u00e1fica","publisher":{"@id":"https:\/\/www.prolam.com.br\/#organization"},"potentialAction":[{"@type":"SearchAction","target":{"@type":"EntryPoint","urlTemplate":"https:\/\/www.prolam.com.br\/?s={search_term_string}"},"query-input":{"@type":"PropertyValueSpecification","valueRequired":true,"valueName":"search_term_string"}}],"inLanguage":"pt-BR"},{"@type":"Organization","@id":"https:\/\/www.prolam.com.br\/#organization","name":"Prolam","url":"https:\/\/www.prolam.com.br\/","logo":{"@type":"ImageObject","inLanguage":"pt-BR","@id":"https:\/\/www.prolam.com.br\/#\/schema\/logo\/image\/","url":"https:\/\/www.prolam.com.br\/wp-content\/uploads\/2023\/12\/Logos-Prolam-e-Prousiesp-Circulo-01.jpg","contentUrl":"https:\/\/www.prolam.com.br\/wp-content\/uploads\/2023\/12\/Logos-Prolam-e-Prousiesp-Circulo-01.jpg","width":1181,"height":1181,"caption":"Prolam"},"image":{"@id":"https:\/\/www.prolam.com.br\/#\/schema\/logo\/image\/"},"sameAs":["https:\/\/www.facebook.com\/Bopptermolaminacao","https:\/\/x.com\/prolam"]}]}},"_links":{"self":[{"href":"https:\/\/www.prolam.com.br\/pt\/wp-json\/wp\/v2\/pages\/2400","targetHints":{"allow":["GET"]}}],"collection":[{"href":"https:\/\/www.prolam.com.br\/pt\/wp-json\/wp\/v2\/pages"}],"about":[{"href":"https:\/\/www.prolam.com.br\/pt\/wp-json\/wp\/v2\/types\/page"}],"author":[{"embeddable":true,"href":"https:\/\/www.prolam.com.br\/pt\/wp-json\/wp\/v2\/users\/560"}],"replies":[{"embeddable":true,"href":"https:\/\/www.prolam.com.br\/pt\/wp-json\/wp\/v2\/comments?post=2400"}],"version-history":[{"count":0,"href":"https:\/\/www.prolam.com.br\/pt\/wp-json\/wp\/v2\/pages\/2400\/revisions"}],"wp:attachment":[{"href":"https:\/\/www.prolam.com.br\/pt\/wp-json\/wp\/v2\/media?parent=2400"}],"curies":[{"name":"wp","href":"https:\/\/api.w.org\/{rel}","templated":true}]}}