{"id":1303,"date":"2023-09-28T17:45:42","date_gmt":"2023-09-28T20:45:42","guid":{"rendered":"https:\/\/www.prolam.com.br\/?page_id=1303"},"modified":"2026-04-15T09:50:06","modified_gmt":"2026-04-15T12:50:06","slug":"privacidade-e-dados-pessoais","status":"publish","type":"page","link":"https:\/\/www.prolam.com.br\/pt\/privacidade-e-dados-pessoais\/","title":{"rendered":"Privacidade e Prote\u00e7\u00e3o de Dados Pessoais"},"content":{"rendered":"<p>[et_pb_section fb_built=&#8221;1&#8243; _builder_version=&#8221;4.16&#8243; global_colors_info=&#8221;{}&#8221;][et_pb_row _builder_version=&#8221;4.16&#8243; background_size=&#8221;initial&#8221; background_position=&#8221;top_left&#8221; background_repeat=&#8221;repeat&#8221; collapsed=&#8221;off&#8221; global_colors_info=&#8221;{}&#8221;][et_pb_column type=&#8221;4_4&#8243; _builder_version=&#8221;4.16&#8243; custom_padding=&#8221;|||&#8221; global_colors_info=&#8221;{}&#8221; custom_padding__hover=&#8221;|||&#8221;][et_pb_text _builder_version=&#8221;4.24.0&#8243; background_size=&#8221;initial&#8221; background_position=&#8221;top_left&#8221; background_repeat=&#8221;repeat&#8221; hover_enabled=&#8221;0&#8243; global_colors_info=&#8221;{}&#8221; admin_label=&#8221;Texto&#8221; sticky_enabled=&#8221;0&#8243;]<\/p>\n<p>Ol\u00e1, a Progroup se preocupa com a privacidade e prote\u00e7\u00e3o dos dados pessoais de seus clientes, parceiros e funcion\u00e1rios(as). Para tanto, estamos prontos para atender quaisquer solicita\u00e7\u00f5es relacionadas a dados pessoais.<\/p>\n<p>Acesse abaixo nossa Declara\u00e7\u00e3o de Privacidade para entender melhor sobre como este assunto \u00e9 tratado em nossa empresa. E em caso de d\u00favidas, den\u00fancias ou solicita\u00e7\u00f5es espec\u00edficas com rela\u00e7\u00e3o ao tema, entre em contato com o Encarregado de Prote\u00e7\u00e3o de Dados Pessoais:<br \/>Encarregado de Prote\u00e7\u00e3o de Dados Pessoais: Eduardo Pinho<br \/>Endere\u00e7o: Rua do Curtume, 738 &#8211; Lapa de Baixo, S\u00e3o Paulo &#8211; SP, CEP 05065-001<br \/>E-mail: lgpd@progroup-int.com.br<\/p>\n<p><a href=\"https:\/\/www.prolam.com.br\/wp-content\/uploads\/2026\/04\/Politica-de-Privacidade-Prolam-vf-1.pdf\" target=\"_blank\" rel=\"noopener\">Declara\u00e7\u00e3o de Privacidade<\/a><\/p>\n<p>&nbsp;<\/p>\n<p>&nbsp;<\/p>\n<p>[\/et_pb_text][\/et_pb_column][\/et_pb_row][\/et_pb_section]<\/p>\n","protected":false},"excerpt":{"rendered":"<p>Ol\u00e1, a Progroup se preocupa com a privacidade e prote\u00e7\u00e3o dos dados pessoais de seus clientes, parceiros e funcion\u00e1rios(as). Para tanto, estamos prontos para atender quaisquer solicita\u00e7\u00f5es relacionadas a dados pessoais. Acesse abaixo nossa Declara\u00e7\u00e3o de Privacidade para entender melhor sobre como este assunto \u00e9 tratado em nossa empresa. E em caso de d\u00favidas, den\u00fancias [&hellip;]<\/p>\n","protected":false},"author":70,"featured_media":0,"parent":0,"menu_order":0,"comment_status":"closed","ping_status":"closed","template":"","meta":{"_acf_changed":false,"_et_pb_use_builder":"on","_et_pb_old_content":"<p>Ol\u00e1, a Progroup se preocupa com a privacidade e prote\u00e7\u00e3o dos dados pessoais de seus clientes, parceiros e funcion\u00e1rios(as). Para tanto, estamos prontos para atender quaisquer solicita\u00e7\u00f5es relacionadas a dados pessoais.<\/p><p>Acesse abaixo nossa Declara\u00e7\u00e3o de Privacidade para entender melhor sobre como este assunto \u00e9 tratado em nossa empresa. E em caso de d\u00favidas, den\u00fancias ou solicita\u00e7\u00f5es espec\u00edficas com rela\u00e7\u00e3o ao tema, entre em contato com o Encarregado de Prote\u00e7\u00e3o de Dados Pessoais:<br \/>Encarregado de Prote\u00e7\u00e3o de Dados Pessoais: Karolyne Utomi (Kaosu Advogados) e Eduardo Pinho<br \/>Endere\u00e7o: Av. Magalh\u00e3es de Castro, 4800 - 24\u00ba Andar - Torre Capital Building \u2013 Cidade Jardim \u2013 S\u00e3o Paulo\/SP<br \/>E-mail: lgpd@progroup-int.com.br<\/p><p><a href=\"https:\/\/www.prolam.com.br\/wp-content\/uploads\/2023\/09\/Declaracao-de-Privacidade-Prolam-vf2023-1.pdf\" target=\"_blank\" rel=\"noopener\">Declara\u00e7\u00e3o de Privacidade<\/a><\/p><p>\u00a0<\/p><p>\u00a0<\/p>","_et_gb_content_width":"","footnotes":""},"class_list":["post-1303","page","type-page","status-publish","hentry"],"acf":[],"yoast_head":"<!-- This site is optimized with the Yoast SEO plugin v26.9 - https:\/\/yoast.com\/product\/yoast-seo-wordpress\/ -->\n<title>Privacidade e Prote\u00e7\u00e3o de Dados Pessoais - Prolam<\/title>\n<meta name=\"robots\" content=\"index, follow, max-snippet:-1, max-image-preview:large, max-video-preview:-1\" \/>\n<link rel=\"canonical\" href=\"https:\/\/www.prolam.com.br\/pt\/privacidade-e-dados-pessoais\/\" \/>\n<meta property=\"og:locale\" content=\"pt_BR\" \/>\n<meta property=\"og:type\" content=\"article\" \/>\n<meta property=\"og:title\" content=\"Privacidade e Prote\u00e7\u00e3o de Dados Pessoais - Prolam\" \/>\n<meta property=\"og:description\" content=\"Ol\u00e1, a Progroup se preocupa com a privacidade e prote\u00e7\u00e3o dos dados pessoais de seus clientes, parceiros e funcion\u00e1rios(as). Para tanto, estamos prontos para atender quaisquer solicita\u00e7\u00f5es relacionadas a dados pessoais. Acesse abaixo nossa Declara\u00e7\u00e3o de Privacidade para entender melhor sobre como este assunto \u00e9 tratado em nossa empresa. E em caso de d\u00favidas, den\u00fancias [&hellip;]\" \/>\n<meta property=\"og:url\" content=\"https:\/\/www.prolam.com.br\/pt\/privacidade-e-dados-pessoais\/\" \/>\n<meta property=\"og:site_name\" content=\"Prolam\" \/>\n<meta property=\"article:publisher\" content=\"https:\/\/www.facebook.com\/Bopptermolaminacao\" \/>\n<meta property=\"article:modified_time\" content=\"2026-04-15T12:50:06+00:00\" \/>\n<meta name=\"twitter:card\" content=\"summary_large_image\" \/>\n<meta name=\"twitter:site\" content=\"@prolam\" \/>\n<meta name=\"twitter:label1\" content=\"Est. tempo de leitura\" \/>\n\t<meta name=\"twitter:data1\" content=\"1 minuto\" \/>\n<script type=\"application\/ld+json\" class=\"yoast-schema-graph\">{\"@context\":\"https:\/\/schema.org\",\"@graph\":[{\"@type\":\"WebPage\",\"@id\":\"https:\/\/www.prolam.com.br\/privacidade-e-dados-pessoais\/\",\"url\":\"https:\/\/www.prolam.com.br\/privacidade-e-dados-pessoais\/\",\"name\":\"Privacidade e Prote\u00e7\u00e3o de Dados Pessoais - Prolam\",\"isPartOf\":{\"@id\":\"https:\/\/www.prolam.com.br\/#website\"},\"datePublished\":\"2023-09-28T20:45:42+00:00\",\"dateModified\":\"2026-04-15T12:50:06+00:00\",\"breadcrumb\":{\"@id\":\"https:\/\/www.prolam.com.br\/privacidade-e-dados-pessoais\/#breadcrumb\"},\"inLanguage\":\"pt-BR\",\"potentialAction\":[{\"@type\":\"ReadAction\",\"target\":[\"https:\/\/www.prolam.com.br\/privacidade-e-dados-pessoais\/\"]}]},{\"@type\":\"BreadcrumbList\",\"@id\":\"https:\/\/www.prolam.com.br\/privacidade-e-dados-pessoais\/#breadcrumb\",\"itemListElement\":[{\"@type\":\"ListItem\",\"position\":1,\"name\":\"In\u00edcio\",\"item\":\"https:\/\/www.prolam.com.br\/\"},{\"@type\":\"ListItem\",\"position\":2,\"name\":\"Privacidade e Prote\u00e7\u00e3o de Dados Pessoais\"}]},{\"@type\":\"WebSite\",\"@id\":\"https:\/\/www.prolam.com.br\/#website\",\"url\":\"https:\/\/www.prolam.com.br\/\",\"name\":\"Prolam\",\"description\":\"Filmes para Termolamina\u00e7\u00e3o e Plastifica\u00e7\u00e3o Gr\u00e1fica\",\"publisher\":{\"@id\":\"https:\/\/www.prolam.com.br\/#organization\"},\"potentialAction\":[{\"@type\":\"SearchAction\",\"target\":{\"@type\":\"EntryPoint\",\"urlTemplate\":\"https:\/\/www.prolam.com.br\/?s={search_term_string}\"},\"query-input\":{\"@type\":\"PropertyValueSpecification\",\"valueRequired\":true,\"valueName\":\"search_term_string\"}}],\"inLanguage\":\"pt-BR\"},{\"@type\":\"Organization\",\"@id\":\"https:\/\/www.prolam.com.br\/#organization\",\"name\":\"Prolam\",\"url\":\"https:\/\/www.prolam.com.br\/\",\"logo\":{\"@type\":\"ImageObject\",\"inLanguage\":\"pt-BR\",\"@id\":\"https:\/\/www.prolam.com.br\/#\/schema\/logo\/image\/\",\"url\":\"https:\/\/www.prolam.com.br\/wp-content\/uploads\/2023\/12\/Logos-Prolam-e-Prousiesp-Circulo-01.jpg\",\"contentUrl\":\"https:\/\/www.prolam.com.br\/wp-content\/uploads\/2023\/12\/Logos-Prolam-e-Prousiesp-Circulo-01.jpg\",\"width\":1181,\"height\":1181,\"caption\":\"Prolam\"},\"image\":{\"@id\":\"https:\/\/www.prolam.com.br\/#\/schema\/logo\/image\/\"},\"sameAs\":[\"https:\/\/www.facebook.com\/Bopptermolaminacao\",\"https:\/\/x.com\/prolam\"]}]}<\/script>\n<!-- \/ Yoast SEO plugin. -->","yoast_head_json":{"title":"Privacidade e Prote\u00e7\u00e3o de Dados Pessoais - Prolam","robots":{"index":"index","follow":"follow","max-snippet":"max-snippet:-1","max-image-preview":"max-image-preview:large","max-video-preview":"max-video-preview:-1"},"canonical":"https:\/\/www.prolam.com.br\/pt\/privacidade-e-dados-pessoais\/","og_locale":"pt_BR","og_type":"article","og_title":"Privacidade e Prote\u00e7\u00e3o de Dados Pessoais - Prolam","og_description":"Ol\u00e1, a Progroup se preocupa com a privacidade e prote\u00e7\u00e3o dos dados pessoais de seus clientes, parceiros e funcion\u00e1rios(as). Para tanto, estamos prontos para atender quaisquer solicita\u00e7\u00f5es relacionadas a dados pessoais. Acesse abaixo nossa Declara\u00e7\u00e3o de Privacidade para entender melhor sobre como este assunto \u00e9 tratado em nossa empresa. E em caso de d\u00favidas, den\u00fancias [&hellip;]","og_url":"https:\/\/www.prolam.com.br\/pt\/privacidade-e-dados-pessoais\/","og_site_name":"Prolam","article_publisher":"https:\/\/www.facebook.com\/Bopptermolaminacao","article_modified_time":"2026-04-15T12:50:06+00:00","twitter_card":"summary_large_image","twitter_site":"@prolam","twitter_misc":{"Est. tempo de leitura":"1 minuto"},"schema":{"@context":"https:\/\/schema.org","@graph":[{"@type":"WebPage","@id":"https:\/\/www.prolam.com.br\/privacidade-e-dados-pessoais\/","url":"https:\/\/www.prolam.com.br\/privacidade-e-dados-pessoais\/","name":"Privacidade e Prote\u00e7\u00e3o de Dados Pessoais - Prolam","isPartOf":{"@id":"https:\/\/www.prolam.com.br\/#website"},"datePublished":"2023-09-28T20:45:42+00:00","dateModified":"2026-04-15T12:50:06+00:00","breadcrumb":{"@id":"https:\/\/www.prolam.com.br\/privacidade-e-dados-pessoais\/#breadcrumb"},"inLanguage":"pt-BR","potentialAction":[{"@type":"ReadAction","target":["https:\/\/www.prolam.com.br\/privacidade-e-dados-pessoais\/"]}]},{"@type":"BreadcrumbList","@id":"https:\/\/www.prolam.com.br\/privacidade-e-dados-pessoais\/#breadcrumb","itemListElement":[{"@type":"ListItem","position":1,"name":"In\u00edcio","item":"https:\/\/www.prolam.com.br\/"},{"@type":"ListItem","position":2,"name":"Privacidade e Prote\u00e7\u00e3o de Dados Pessoais"}]},{"@type":"WebSite","@id":"https:\/\/www.prolam.com.br\/#website","url":"https:\/\/www.prolam.com.br\/","name":"Prolam","description":"Filmes para Termolamina\u00e7\u00e3o e Plastifica\u00e7\u00e3o Gr\u00e1fica","publisher":{"@id":"https:\/\/www.prolam.com.br\/#organization"},"potentialAction":[{"@type":"SearchAction","target":{"@type":"EntryPoint","urlTemplate":"https:\/\/www.prolam.com.br\/?s={search_term_string}"},"query-input":{"@type":"PropertyValueSpecification","valueRequired":true,"valueName":"search_term_string"}}],"inLanguage":"pt-BR"},{"@type":"Organization","@id":"https:\/\/www.prolam.com.br\/#organization","name":"Prolam","url":"https:\/\/www.prolam.com.br\/","logo":{"@type":"ImageObject","inLanguage":"pt-BR","@id":"https:\/\/www.prolam.com.br\/#\/schema\/logo\/image\/","url":"https:\/\/www.prolam.com.br\/wp-content\/uploads\/2023\/12\/Logos-Prolam-e-Prousiesp-Circulo-01.jpg","contentUrl":"https:\/\/www.prolam.com.br\/wp-content\/uploads\/2023\/12\/Logos-Prolam-e-Prousiesp-Circulo-01.jpg","width":1181,"height":1181,"caption":"Prolam"},"image":{"@id":"https:\/\/www.prolam.com.br\/#\/schema\/logo\/image\/"},"sameAs":["https:\/\/www.facebook.com\/Bopptermolaminacao","https:\/\/x.com\/prolam"]}]}},"_links":{"self":[{"href":"https:\/\/www.prolam.com.br\/pt\/wp-json\/wp\/v2\/pages\/1303","targetHints":{"allow":["GET"]}}],"collection":[{"href":"https:\/\/www.prolam.com.br\/pt\/wp-json\/wp\/v2\/pages"}],"about":[{"href":"https:\/\/www.prolam.com.br\/pt\/wp-json\/wp\/v2\/types\/page"}],"author":[{"embeddable":true,"href":"https:\/\/www.prolam.com.br\/pt\/wp-json\/wp\/v2\/users\/70"}],"replies":[{"embeddable":true,"href":"https:\/\/www.prolam.com.br\/pt\/wp-json\/wp\/v2\/comments?post=1303"}],"version-history":[{"count":6,"href":"https:\/\/www.prolam.com.br\/pt\/wp-json\/wp\/v2\/pages\/1303\/revisions"}],"predecessor-version":[{"id":5949,"href":"https:\/\/www.prolam.com.br\/pt\/wp-json\/wp\/v2\/pages\/1303\/revisions\/5949"}],"wp:attachment":[{"href":"https:\/\/www.prolam.com.br\/pt\/wp-json\/wp\/v2\/media?parent=1303"}],"curies":[{"name":"wp","href":"https:\/\/api.w.org\/{rel}","templated":true}]}}